{"id":49076,"date":"2023-05-24T17:56:56","date_gmt":"2023-05-24T17:56:56","guid":{"rendered":"https:\/\/skinstudio.ee\/?post_type=product&#038;p=49076"},"modified":"2026-03-13T14:53:08","modified_gmt":"2026-03-13T14:53:08","slug":"face-lift","status":"publish","type":"product","link":"https:\/\/skinstudio.ee\/lt\/catalog\/hydropeptide\/face-lift\/","title":{"rendered":"Face Lift"},"content":{"rendered":"<div class=\"given_product_description_long\">\n<p data-start=\"1737\" data-end=\"1953\"><strong data-start=\"1737\" data-end=\"1767\">Face Lift nuo HydroPeptide<\/strong> \u2013 lengvas liftingo kremas, sukurtas pagerinti odos l\u0105steli\u0173 b\u016bkl\u0119 ir atkurti nat\u016bral\u0173 odos lipid\u0173 balans\u0105. Formul\u0117 palaiko odos atsinaujinimo procesus ir stiprina jos apsaugin\u012f barjer\u0105.<\/p>\n<p data-start=\"1955\" data-end=\"2242\">Kremas intensyviai dr\u0117kina od\u0105 ir padeda palaikyti optimal\u0173 dr\u0117gm\u0117s lyg\u012f, tod\u0117l oda tampa lygesn\u0117, stangresn\u0117 ir atrodo gaivesn\u0117. Reguliariai naudojant, padeda suma\u017einti su am\u017eiumi susijusius po\u017eymius, tokius kaip smulkios ir gilesn\u0117s rauk\u0161l\u0117s, bei pagerina bendr\u0105 odos ton\u0105 ir tekst\u016br\u0105.<\/p>\n<p data-start=\"2244\" data-end=\"2351\">Lengva tekst\u016bra greitai \u012fsigeria ir neapsunkina odos, tod\u0117l kremas puikiai tinka ir kaip makia\u017eo pagrindas.<\/p>\n<p data-start=\"2353\" data-end=\"2387\"><strong data-start=\"2353\" data-end=\"2387\">Aktyvi\u0173j\u0173 komponent\u0173 poveikis:<\/strong><\/p>\n<p data-start=\"2389\" data-end=\"2510\">\u2022 <strong data-start=\"2391\" data-end=\"2413\">L22\u00ae Lipid Complex<\/strong>: patentuotas lipid\u0173 kompleksas, padedantis atkurti odos barjer\u0105 ir papildyti svarbius lipidus.<\/p>\n<p data-start=\"2512\" data-end=\"2621\">\u2022 <strong data-start=\"2514\" data-end=\"2539\">Perfection Peptide P7<\/strong>: peptidas, palaikantis kolageno sintez\u0119 ir padedantis pagerinti odos stangrum\u0105.<\/p>\n<p data-start=\"2623\" data-end=\"2743\">\u2022 <strong data-start=\"2625\" data-end=\"2643\">Vitamins C &amp; E<\/strong>: antioksidantai, padedantys apsaugoti od\u0105 nuo oksidacinio streso ir palaikyti sveik\u0105 odos i\u0161vaizd\u0105.<\/p>\n<p data-start=\"2745\" data-end=\"2873\"><strong data-start=\"2745\" data-end=\"2769\">Kam tinka Face Lift:<\/strong> normaliai, mi\u0161riai ir \u012f riebum\u0105 linkusiai odai su matomais sen\u0117jimo po\u017eymiais ir suma\u017e\u0117jusiu stangrumu.<\/p>\n<p data-start=\"2875\" data-end=\"2891\"><strong data-start=\"2875\" data-end=\"2885\">T\u016bris:<\/strong> 30 ml<\/p>\n<\/div>\n","protected":false},"excerpt":{"rendered":"<div class=\"given_product_description_top\">\n<p data-start=\"3169\" data-end=\"3214\">Lengvas liftingo kremas kasdieniam dr\u0117kinimui<\/p>\n<h2 data-start=\"3216\" data-end=\"3252\"><strong data-start=\"3216\" data-end=\"3252\">HydroPeptide &#8211; Face Lift Savyb\u0117s<\/strong><\/h2>\n<p data-start=\"3254\" data-end=\"3421\" data-is-last-node=\"\" data-is-only-node=\"\">\u2714\ufe0f Gerina odos stangrum\u0105 ir tank\u012f<br data-start=\"3287\" data-end=\"3290\" \/>\u2714\ufe0f Ry\u0161kina veido kont\u016brus<br data-start=\"3315\" data-end=\"3318\" \/>\u2714\ufe0f Ma\u017eina rauk\u0161li\u0173 ir linij\u0173 matomum\u0105<br data-start=\"3355\" data-end=\"3358\" \/>\u2714\ufe0f Skatina kolageno gamyb\u0105<br data-start=\"3384\" data-end=\"3387\" \/>\u2714\ufe0f Oda tampa lygesn\u0117 ir stangresn\u0117<\/p>\n<\/div>\n","protected":false},"featured_media":61809,"template":"","meta":[],"pwb-brand":[1212],"product_brand":[],"product_cat":[738,746,740,750],"product_tag":[],"giftcard-category":[],"class_list":{"0":"post-49076","1":"product","2":"type-product","3":"status-publish","4":"has-post-thumbnail","6":"pwb-brand-hydropeptide","7":"product_cat-drekinimas","8":"product_cat-jautriai-odai","9":"product_cat-sausai-odai","10":"product_cat-senstanti-oda","12":"first","13":"instock","14":"taxable","15":"shipping-taxable","16":"purchasable","17":"product-type-simple"},"acf":[],"brands":[{"id":1212,"name":"HydroPeptide","slug":"hydropeptide"}],"_links":{"self":[{"href":"https:\/\/skinstudio.ee\/lt\/wp-json\/wp\/v2\/product\/49076","targetHints":{"allow":["GET"]}}],"collection":[{"href":"https:\/\/skinstudio.ee\/lt\/wp-json\/wp\/v2\/product"}],"about":[{"href":"https:\/\/skinstudio.ee\/lt\/wp-json\/wp\/v2\/types\/product"}],"version-history":[{"count":1,"href":"https:\/\/skinstudio.ee\/lt\/wp-json\/wp\/v2\/product\/49076\/revisions"}],"predecessor-version":[{"id":85880,"href":"https:\/\/skinstudio.ee\/lt\/wp-json\/wp\/v2\/product\/49076\/revisions\/85880"}],"wp:featuredmedia":[{"embeddable":true,"href":"https:\/\/skinstudio.ee\/lt\/wp-json\/wp\/v2\/media\/61809"}],"wp:attachment":[{"href":"https:\/\/skinstudio.ee\/lt\/wp-json\/wp\/v2\/media?parent=49076"}],"wp:term":[{"taxonomy":"pwb-brand","embeddable":true,"href":"https:\/\/skinstudio.ee\/lt\/wp-json\/wp\/v2\/pwb-brand?post=49076"},{"taxonomy":"product_brand","embeddable":true,"href":"https:\/\/skinstudio.ee\/lt\/wp-json\/wp\/v2\/product_brand?post=49076"},{"taxonomy":"product_cat","embeddable":true,"href":"https:\/\/skinstudio.ee\/lt\/wp-json\/wp\/v2\/product_cat?post=49076"},{"taxonomy":"product_tag","embeddable":true,"href":"https:\/\/skinstudio.ee\/lt\/wp-json\/wp\/v2\/product_tag?post=49076"},{"taxonomy":"giftcard-category","embeddable":true,"href":"https:\/\/skinstudio.ee\/lt\/wp-json\/wp\/v2\/giftcard-category?post=49076"}],"curies":[{"name":"wp","href":"https:\/\/api.w.org\/{rel}","templated":true}]}}