{"id":49090,"date":"2023-05-24T17:56:56","date_gmt":"2023-05-24T17:56:56","guid":{"rendered":"https:\/\/skinstudio.ee\/?post_type=product&#038;p=49090"},"modified":"2026-03-13T16:03:54","modified_gmt":"2026-03-13T16:03:54","slug":"nimni-day-cream","status":"publish","type":"product","link":"https:\/\/skinstudio.ee\/lt\/catalog\/hydropeptide\/nimni-day-cream\/","title":{"rendered":"Nimni Day Cream"},"content":{"rendered":"<p data-start=\"2066\" data-end=\"2353\"><strong data-start=\"2066\" data-end=\"2102\">Nimni Day Cream nuo HydroPeptide<\/strong> &#8211; kolageno gamyb\u0105 skatinantis dieninis kremas-boosteris, padedantis stiprinti odos strukt\u016br\u0105 ir palaikyti nat\u016bralius atsinaujinimo procesus. Formul\u0117s pagrindas &#8211; patentuotas Nimni Complex, padedantis skatinti kolageno sintez\u0119 ir palaikyti odos tank\u012f.<\/p>\n<p data-start=\"2355\" data-end=\"2682\">Galingas antioksidant\u0173 kompleksas su alfa-lipoine r\u016bg\u0161timi, tioktine r\u016bg\u0161timi, naringinu ir stabilia vitamino C forma padeda apsaugoti l\u0105steles nuo aplinkos veiksni\u0173 ir palaiko nat\u016bralius odos regeneracijos procesus. Toks aktyvi\u0173 ingredient\u0173 derinys sustiprina apsaug\u0105 nuo oksidacinio streso ir prie\u0161laikinio sen\u0117jimo veiksni\u0173.<\/p>\n<p data-start=\"2684\" data-end=\"2866\">Formul\u0117 padeda pagerinti stangrum\u0105 ir elastingum\u0105, palaiko optimal\u0173 dr\u0117gm\u0117s lyg\u012f ir padeda i\u0161lyginti odos tekst\u016br\u0105. Reguliariai naudojant, oda atrodo lygesn\u0117, gaivesn\u0117 ir skaistesn\u0117.<\/p>\n<p data-start=\"2868\" data-end=\"2901\"><strong data-start=\"2868\" data-end=\"2901\">Aktyvi\u0173 ingredient\u0173 veikimas:<\/strong><\/p>\n<p data-start=\"2903\" data-end=\"3351\">\u2022 <strong data-start=\"2905\" data-end=\"2922\">Nimni Complex<\/strong>: patentuotas aminor\u016bg\u0161\u010di\u0173 ir sieros derinys, skatinantis kolageno sintez\u0119 ir padedantis palaikyti odos tank\u012f<br data-start=\"3031\" data-end=\"3034\" \/>\u2022 <strong data-start=\"3036\" data-end=\"3086\">Ellagi-C\u2122 (Anogeissus Leiocarpus Bark Extract)<\/strong>: stiprus antioksidantas, kuris sustiprina vitamino C aktyvum\u0105 ir palaiko fibroblast\u0173 veikl\u0105<br data-start=\"3178\" data-end=\"3181\" \/>\u2022 <strong data-start=\"3183\" data-end=\"3260\">Antioksidant\u0173 kompleksas (Vitamin C, Tocopherol, Naringin, Thioctic Acid)<\/strong>: padeda apsaugoti l\u0105steles nuo oksidacinio streso ir palaiko odos atsinaujinimo procesus<\/p>\n<p data-start=\"3353\" data-end=\"3497\"><strong data-start=\"3353\" data-end=\"3382\">Kam tinka Nimni Day Cream<\/strong>: odai, kuriai b\u016bdingas suma\u017e\u0117j\u0119s stangrumas, rauk\u0161l\u0117s, nelygi tekst\u016bra, blankus tonas ir matomi sen\u0117jimo po\u017eymiai.<\/p>\n<p data-start=\"3499\" data-end=\"3515\"><strong data-start=\"3499\" data-end=\"3515\">T\u016bris: 30 ml<\/strong><\/p>\n","protected":false},"excerpt":{"rendered":"<p data-start=\"3911\" data-end=\"3955\">Kolageno gamyb\u0105 skatinantis kremas-boosteris<\/p>\n<h2 data-start=\"3957\" data-end=\"3999\"><strong data-start=\"3957\" data-end=\"3999\">HydroPeptide &#8211; Nimni Day Cream Savyb\u0117s<\/strong><\/h2>\n<p data-start=\"4001\" data-end=\"4181\" data-is-last-node=\"\" data-is-only-node=\"\">\u2714\ufe0f Skatina nat\u016brali\u0105 kolageno gamyb\u0105<br data-start=\"4037\" data-end=\"4040\" \/>\u2714\ufe0f Gerina stangrum\u0105 ir elastingum\u0105<br data-start=\"4074\" data-end=\"4077\" \/>\u2714\ufe0f Padeda palaikyti optimal\u0173 dr\u0117gm\u0117s lyg\u012f<br data-start=\"4118\" data-end=\"4121\" \/>\u2714\ufe0f Lygina odos tekst\u016br\u0105<br data-start=\"4144\" data-end=\"4147\" \/>\u2714\ufe0f Stiprina antioksidacin\u0119 apsaug\u0105<\/p>\n","protected":false},"featured_media":61804,"template":"","meta":[],"pwb-brand":[1212],"product_brand":[],"product_cat":[738,746,740,750],"product_tag":[],"giftcard-category":[],"class_list":{"0":"post-49090","1":"product","2":"type-product","3":"status-publish","4":"has-post-thumbnail","6":"pwb-brand-hydropeptide","7":"product_cat-drekinimas","8":"product_cat-jautriai-odai","9":"product_cat-sausai-odai","10":"product_cat-senstanti-oda","12":"first","13":"instock","14":"taxable","15":"shipping-taxable","16":"purchasable","17":"product-type-simple"},"acf":[],"brands":[{"id":1212,"name":"HydroPeptide","slug":"hydropeptide"}],"_links":{"self":[{"href":"https:\/\/skinstudio.ee\/lt\/wp-json\/wp\/v2\/product\/49090","targetHints":{"allow":["GET"]}}],"collection":[{"href":"https:\/\/skinstudio.ee\/lt\/wp-json\/wp\/v2\/product"}],"about":[{"href":"https:\/\/skinstudio.ee\/lt\/wp-json\/wp\/v2\/types\/product"}],"version-history":[{"count":1,"href":"https:\/\/skinstudio.ee\/lt\/wp-json\/wp\/v2\/product\/49090\/revisions"}],"predecessor-version":[{"id":85886,"href":"https:\/\/skinstudio.ee\/lt\/wp-json\/wp\/v2\/product\/49090\/revisions\/85886"}],"wp:featuredmedia":[{"embeddable":true,"href":"https:\/\/skinstudio.ee\/lt\/wp-json\/wp\/v2\/media\/61804"}],"wp:attachment":[{"href":"https:\/\/skinstudio.ee\/lt\/wp-json\/wp\/v2\/media?parent=49090"}],"wp:term":[{"taxonomy":"pwb-brand","embeddable":true,"href":"https:\/\/skinstudio.ee\/lt\/wp-json\/wp\/v2\/pwb-brand?post=49090"},{"taxonomy":"product_brand","embeddable":true,"href":"https:\/\/skinstudio.ee\/lt\/wp-json\/wp\/v2\/product_brand?post=49090"},{"taxonomy":"product_cat","embeddable":true,"href":"https:\/\/skinstudio.ee\/lt\/wp-json\/wp\/v2\/product_cat?post=49090"},{"taxonomy":"product_tag","embeddable":true,"href":"https:\/\/skinstudio.ee\/lt\/wp-json\/wp\/v2\/product_tag?post=49090"},{"taxonomy":"giftcard-category","embeddable":true,"href":"https:\/\/skinstudio.ee\/lt\/wp-json\/wp\/v2\/giftcard-category?post=49090"}],"curies":[{"name":"wp","href":"https:\/\/api.w.org\/{rel}","templated":true}]}}