{"id":49100,"date":"2023-05-24T17:56:56","date_gmt":"2023-05-24T17:56:56","guid":{"rendered":"https:\/\/skinstudio.ee\/?post_type=product&#038;p=49100"},"modified":"2026-03-13T16:06:39","modified_gmt":"2026-03-13T16:06:39","slug":"nimni-cream","status":"publish","type":"product","link":"https:\/\/skinstudio.ee\/lt\/catalog\/hydropeptide\/nimni-cream\/","title":{"rendered":"Nimni Cream"},"content":{"rendered":"<p data-start=\"2022\" data-end=\"2300\"><strong data-start=\"2022\" data-end=\"2054\">Nimni Cream nuo HydroPeptide<\/strong> &#8211; kolageno gamyb\u0105 skatinantis kremas-boosteris, padedantis palaikyti odos strukt\u016br\u0105 ir nat\u016bralius atsinaujinimo procesus. Formul\u0117 padeda skatinti kolageno sintez\u0119, gerina stangrum\u0105 ir elastingum\u0105, suteikia tolygesn\u0119 tekst\u016br\u0105 ir sveik\u0105 \u0161vyt\u0117jim\u0105.<\/p>\n<p data-start=\"2302\" data-end=\"2580\">Kremas sujungia kapsuliuot\u0105 retinol\u012f su galingais antioksidantais, kurie palaiko neokolageno susidarym\u0105. Peptid\u0173 kompleksas padeda pagerinti stangrum\u0105 ir suteikia matom\u0105 liftingo efekt\u0105, o unikalus Nimni Complex skatina funkci\u0161kai aktyvaus kolageno sintez\u0119 net brand\u017eioje odoje.<\/p>\n<p data-start=\"2582\" data-end=\"2777\">Reguliariai naudojant, formul\u0117 padeda pagerinti odos tank\u012f, padidinti elastingum\u0105 ir palaikyti nat\u016bralius atsinaujinimo procesus. Oda tampa lygesn\u0117, o veido tonas atrodo gaivesnis ir skaistesnis.<\/p>\n<p data-start=\"2779\" data-end=\"2812\"><strong data-start=\"2779\" data-end=\"2812\">Aktyvi\u0173 ingredient\u0173 veikimas:<\/strong><\/p>\n<p data-start=\"2814\" data-end=\"3222\">\u2022 <strong data-start=\"2816\" data-end=\"2833\">Nimni Complex<\/strong>: patentuotas aminor\u016bg\u0161\u010di\u0173 ir sieros derinys, skatinantis kolageno sintez\u0119 ir padedantis palaikyti odos tank\u012f<br data-start=\"2942\" data-end=\"2945\" \/>\u2022 <strong data-start=\"2947\" data-end=\"2979\">Time-Release Retinol (0.25%)<\/strong>: skatina l\u0105steli\u0173 atsinaujinim\u0105, padeda pagerinti stangrum\u0105 ir i\u0161lyginti odos tekst\u016br\u0105<br data-start=\"3066\" data-end=\"3069\" \/>\u2022 <strong data-start=\"3071\" data-end=\"3159\">Antioksidant\u0173 kompleksas (Vitamin C, Tocopherol, Anogeissus Leiocarpus Bark Extract)<\/strong>: suteikia antioksidacin\u0119 apsaug\u0105 ir palaiko kolageno sintez\u0119<\/p>\n<p data-start=\"3224\" data-end=\"3356\"><strong data-start=\"3224\" data-end=\"3249\">Kam tinka Nimni Cream<\/strong>: odai su ry\u0161kiais sen\u0117jimo po\u017eymiais, suma\u017e\u0117jusiu stangrumu, rauk\u0161l\u0117mis, nelygia tekst\u016bra ir blankiu tonu.<\/p>\n<p data-start=\"3358\" data-end=\"3374\"><strong data-start=\"3358\" data-end=\"3374\">T\u016bris: 15 ml<\/strong><\/p>\n","protected":false},"excerpt":{"rendered":"<div class=\"given_product_description_top\">\n<p data-start=\"3777\" data-end=\"3821\">Kolageno gamyb\u0105 skatinantis kremas-boosteris<\/p>\n<h2 data-start=\"3823\" data-end=\"3861\"><strong data-start=\"3823\" data-end=\"3861\">HydroPeptide &#8211; Nimni Cream Savyb\u0117s<\/strong><\/h2>\n<p data-start=\"3863\" data-end=\"4046\" data-is-last-node=\"\" data-is-only-node=\"\">\u2714\ufe0f Skatina nat\u016brali\u0105 kolageno gamyb\u0105<br data-start=\"3899\" data-end=\"3902\" \/>\u2714\ufe0f Gerina stangrum\u0105 ir elastingum\u0105<br data-start=\"3936\" data-end=\"3939\" \/>\u2714\ufe0f Lygina odos tekst\u016br\u0105<br data-start=\"3962\" data-end=\"3965\" \/>\u2714\ufe0f Palaiko nat\u016bralius atsinaujinimo procesus<br data-start=\"4009\" data-end=\"4012\" \/>\u2714\ufe0f Stiprina antioksidacin\u0119 apsaug\u0105<\/p>\n<\/div>\n","protected":false},"featured_media":61779,"template":"","meta":[],"pwb-brand":[1212],"product_brand":[],"product_cat":[738,740,750,728],"product_tag":[],"giftcard-category":[],"class_list":{"0":"post-49100","1":"product","2":"type-product","3":"status-publish","4":"has-post-thumbnail","6":"pwb-brand-hydropeptide","7":"product_cat-drekinimas","8":"product_cat-sausai-odai","9":"product_cat-senstanti-oda","10":"product_cat-vitaminas-a-retinolis","12":"first","13":"instock","14":"taxable","15":"shipping-taxable","16":"purchasable","17":"product-type-simple"},"acf":[],"brands":[{"id":1212,"name":"HydroPeptide","slug":"hydropeptide"}],"_links":{"self":[{"href":"https:\/\/skinstudio.ee\/lt\/wp-json\/wp\/v2\/product\/49100","targetHints":{"allow":["GET"]}}],"collection":[{"href":"https:\/\/skinstudio.ee\/lt\/wp-json\/wp\/v2\/product"}],"about":[{"href":"https:\/\/skinstudio.ee\/lt\/wp-json\/wp\/v2\/types\/product"}],"version-history":[{"count":1,"href":"https:\/\/skinstudio.ee\/lt\/wp-json\/wp\/v2\/product\/49100\/revisions"}],"predecessor-version":[{"id":85891,"href":"https:\/\/skinstudio.ee\/lt\/wp-json\/wp\/v2\/product\/49100\/revisions\/85891"}],"wp:featuredmedia":[{"embeddable":true,"href":"https:\/\/skinstudio.ee\/lt\/wp-json\/wp\/v2\/media\/61779"}],"wp:attachment":[{"href":"https:\/\/skinstudio.ee\/lt\/wp-json\/wp\/v2\/media?parent=49100"}],"wp:term":[{"taxonomy":"pwb-brand","embeddable":true,"href":"https:\/\/skinstudio.ee\/lt\/wp-json\/wp\/v2\/pwb-brand?post=49100"},{"taxonomy":"product_brand","embeddable":true,"href":"https:\/\/skinstudio.ee\/lt\/wp-json\/wp\/v2\/product_brand?post=49100"},{"taxonomy":"product_cat","embeddable":true,"href":"https:\/\/skinstudio.ee\/lt\/wp-json\/wp\/v2\/product_cat?post=49100"},{"taxonomy":"product_tag","embeddable":true,"href":"https:\/\/skinstudio.ee\/lt\/wp-json\/wp\/v2\/product_tag?post=49100"},{"taxonomy":"giftcard-category","embeddable":true,"href":"https:\/\/skinstudio.ee\/lt\/wp-json\/wp\/v2\/giftcard-category?post=49100"}],"curies":[{"name":"wp","href":"https:\/\/api.w.org\/{rel}","templated":true}]}}