{"id":49110,"date":"2023-05-24T17:56:49","date_gmt":"2023-05-24T17:56:49","guid":{"rendered":"https:\/\/skinstudio.ee\/?post_type=product&#038;p=49110"},"modified":"2026-03-16T13:05:07","modified_gmt":"2026-03-16T13:05:07","slug":"polish-plump-face-peel","status":"publish","type":"product","link":"https:\/\/skinstudio.ee\/lt\/catalog\/hydropeptide\/polish-plump-face-peel\/","title":{"rendered":"Polish &amp; Plump Face Peel"},"content":{"rendered":"<div class=\"given_product_description_long\">\n<p data-start=\"1951\" data-end=\"2180\"><strong data-start=\"1951\" data-end=\"1996\">Polish &amp; Plump Face Peel nuo HydroPeptide<\/strong> &#8211; profesionalus dviej\u0173 \u017eingsni\u0173 \u0161vei\u010diamasis pilingas, derinantis \u0161veln\u0173 mikrodermabrazijos efekt\u0105 su cheminiu eksfoliavimu, kad oda tapt\u0173 lygesn\u0117, skaistesn\u0117 ir labiau atsinaujinusi.<\/p>\n<p data-start=\"2182\" data-end=\"2466\">Poliruojan\u010di\u0173 kristal\u0173 ir eksfolijuojan\u010di\u0173 r\u016bg\u0161\u010di\u0173 derinys padeda pa\u0161alinti papilk\u0117jusi\u0105 odos pavir\u0161iaus sluoksn\u012f, i\u0161valyti poras ir skatinti nat\u016bral\u0173 odos atsinaujinim\u0105. Peptid\u0173 kompleksas palaiko kolageno sintez\u0119, gerina odos stangrum\u0105 ir padeda suma\u017einti mimikos rauk\u0161li\u0173 matomum\u0105.<\/p>\n<p data-start=\"2468\" data-end=\"2567\">Po naudojimo oda tampa lygesn\u0117, skaistesn\u0117 ir pastebimai gaivesn\u0117, o jos tekst\u016bra atrodo tolygesn\u0117.<\/p>\n<p data-start=\"2569\" data-end=\"2639\">Rinkin\u012f sudaro<br data-start=\"2583\" data-end=\"2586\" \/>Polishing Crystals 30 ml<br data-start=\"2610\" data-end=\"2613\" \/>Plumping Activator 30 ml<\/p>\n<p data-start=\"2641\" data-end=\"2674\"><strong data-start=\"2641\" data-end=\"2674\">Aktyvi\u0173 ingredient\u0173 veikimas:<\/strong><\/p>\n<p data-start=\"2676\" data-end=\"2807\">\u2022 <strong data-start=\"2678\" data-end=\"2722\">Magnesium Ascorbyl Phosphate (Vitamin C)<\/strong>: stabili vitamino C forma, padedanti \u0161viesinti pigmentacij\u0105 ir i\u0161lyginti odos ton\u0105<\/p>\n<p data-start=\"2809\" data-end=\"2956\">\u2022 <strong data-start=\"2811\" data-end=\"2854\">Argireline\u00ae &amp; Trylagen\u00ae Peptide Complex<\/strong>: peptid\u0173 kompleksas, palaikantis kolageno sintez\u0119 ir padedantis suma\u017einti mimikos rauk\u0161li\u0173 matomum\u0105<\/p>\n<p data-start=\"2958\" data-end=\"3076\">\u2022 <strong data-start=\"2960\" data-end=\"2980\">Lactic Acid (5%)<\/strong>: \u0161velni eksfolijuojanti r\u016bg\u0161tis, skatinanti l\u0105steli\u0173 atsinaujinim\u0105 ir gerinanti odos tekst\u016br\u0105<\/p>\n<p data-start=\"3078\" data-end=\"3245\"><strong data-start=\"3078\" data-end=\"3116\">Kam tinka Polish &amp; Plump Face Peel<\/strong>: vis\u0173 tip\u0173 odai, ypa\u010d papilk\u0117jusiai, nelygios tekst\u016bros odai su matomomis poromis, pigmentacija ar pirmosiomis sen\u0117jimo \u017eym\u0117mis.<\/p>\n<p data-start=\"3247\" data-end=\"3267\"><strong data-start=\"3247\" data-end=\"3267\">T\u016bris: 2 \u00d7 30 ml<\/strong><\/p>\n<\/div>\n","protected":false},"excerpt":{"rendered":"<div class=\"given_product_description_top\">\n<p data-start=\"3666\" data-end=\"3708\">Dviej\u0173 \u017eingsni\u0173 od\u0105 atnaujinantis pilingas<\/p>\n<h2 data-start=\"3710\" data-end=\"3761\"><strong data-start=\"3710\" data-end=\"3761\">HydroPeptide &#8211; Polish &amp; Plump Face Peel Savyb\u0117s<\/strong><\/h2>\n<p data-start=\"3763\" data-end=\"3959\" data-is-last-node=\"\" data-is-only-node=\"\">\u2714\ufe0f \u0160velniai eksfoliuoja ir atnaujina od\u0105<br data-start=\"3803\" data-end=\"3806\" \/>\u2714\ufe0f Padeda \u0161viesinti pigmentacij\u0105 ir post-akn\u0117s \u017eymes<br data-start=\"3858\" data-end=\"3861\" \/>\u2714\ufe0f Gerina odos tekst\u016br\u0105 ir ton\u0105<br data-start=\"3892\" data-end=\"3895\" \/>\u2714\ufe0f Palaiko kolageno sintez\u0119<br data-start=\"3922\" data-end=\"3925\" \/>\u2714\ufe0f Oda tampa lygesn\u0117 ir skaistesn\u0117<\/p>\n<\/div>\n","protected":false},"featured_media":61864,"template":"","meta":[],"pwb-brand":[1212],"product_brand":[],"product_cat":[765,744,752,756,740,750,720,748],"product_tag":[],"giftcard-category":[],"class_list":{"0":"post-49110","1":"product","2":"type-product","3":"status-publish","4":"has-post-thumbnail","6":"pwb-brand-hydropeptide","7":"product_cat-dovanu-ideja","8":"product_cat-issipletusios-poros","9":"product_cat-pigmentacija-lt","10":"product_cat-rinkinys","11":"product_cat-sausai-odai","12":"product_cat-senstanti-oda","13":"product_cat-sveitikliai-ir-pilingai","14":"product_cat-taukainai-adai-lt","16":"first","17":"instock","18":"taxable","19":"shipping-taxable","20":"purchasable","21":"product-type-simple"},"acf":[],"brands":[{"id":1212,"name":"HydroPeptide","slug":"hydropeptide"}],"_links":{"self":[{"href":"https:\/\/skinstudio.ee\/lt\/wp-json\/wp\/v2\/product\/49110","targetHints":{"allow":["GET"]}}],"collection":[{"href":"https:\/\/skinstudio.ee\/lt\/wp-json\/wp\/v2\/product"}],"about":[{"href":"https:\/\/skinstudio.ee\/lt\/wp-json\/wp\/v2\/types\/product"}],"version-history":[{"count":1,"href":"https:\/\/skinstudio.ee\/lt\/wp-json\/wp\/v2\/product\/49110\/revisions"}],"predecessor-version":[{"id":86091,"href":"https:\/\/skinstudio.ee\/lt\/wp-json\/wp\/v2\/product\/49110\/revisions\/86091"}],"wp:featuredmedia":[{"embeddable":true,"href":"https:\/\/skinstudio.ee\/lt\/wp-json\/wp\/v2\/media\/61864"}],"wp:attachment":[{"href":"https:\/\/skinstudio.ee\/lt\/wp-json\/wp\/v2\/media?parent=49110"}],"wp:term":[{"taxonomy":"pwb-brand","embeddable":true,"href":"https:\/\/skinstudio.ee\/lt\/wp-json\/wp\/v2\/pwb-brand?post=49110"},{"taxonomy":"product_brand","embeddable":true,"href":"https:\/\/skinstudio.ee\/lt\/wp-json\/wp\/v2\/product_brand?post=49110"},{"taxonomy":"product_cat","embeddable":true,"href":"https:\/\/skinstudio.ee\/lt\/wp-json\/wp\/v2\/product_cat?post=49110"},{"taxonomy":"product_tag","embeddable":true,"href":"https:\/\/skinstudio.ee\/lt\/wp-json\/wp\/v2\/product_tag?post=49110"},{"taxonomy":"giftcard-category","embeddable":true,"href":"https:\/\/skinstudio.ee\/lt\/wp-json\/wp\/v2\/giftcard-category?post=49110"}],"curies":[{"name":"wp","href":"https:\/\/api.w.org\/{rel}","templated":true}]}}