{"id":49121,"date":"2023-05-24T17:56:54","date_gmt":"2023-05-24T17:56:54","guid":{"rendered":"https:\/\/skinstudio.ee\/?post_type=product&#038;p=49121"},"modified":"2026-03-16T12:59:09","modified_gmt":"2026-03-16T12:59:09","slug":"miracle-mask","status":"publish","type":"product","link":"https:\/\/skinstudio.ee\/lt\/catalog\/hydropeptide\/miracle-mask\/","title":{"rendered":"Miracle Mask"},"content":{"rendered":"<div class=\"given_product_description_long\">\n<p data-start=\"1492\" data-end=\"1764\"><strong data-start=\"1492\" data-end=\"1525\">Miracle Mask nuo HydroPeptide<\/strong> &#8211; intensyvi atjauninanti kauk\u0117, padedanti matomai stangrinti, glotninti ir pagerinti odos tekst\u016br\u0105. Peptid\u0173 ir valan\u010di\u0173 moli\u0173 sinergija padeda palaikyti kolageno sintez\u0119, pagerina odos stangrum\u0105 ir skatina nat\u016bral\u0173 l\u0105steli\u0173 atsinaujinim\u0105.<\/p>\n<p data-start=\"1766\" data-end=\"1994\">Formul\u0117 \u0161velniai valo poras, sugeria perteklin\u012f sebum\u0105 ir praturtina od\u0105 vertingais mineralais. Aktyv\u016bs ingredientai padeda suma\u017einti smulki\u0173 linij\u0173 matomum\u0105, i\u0161lygina odos pavir\u0161i\u0173 ir suteikia odai gaivesn\u0119, tolygesn\u0119 i\u0161vaizd\u0105.<\/p>\n<p data-start=\"1996\" data-end=\"2063\">Po naudojimo oda atrodo lygesn\u0117, stangresn\u0117 ir pastebimai gaivesn\u0117.<\/p>\n<p data-start=\"2065\" data-end=\"2098\"><strong data-start=\"2065\" data-end=\"2098\">Aktyvi\u0173 ingredient\u0173 veikimas:<\/strong><\/p>\n<p data-start=\"2100\" data-end=\"2185\">\u2022 <strong data-start=\"2102\" data-end=\"2125\">Argireline\u00ae Peptide<\/strong>: peptidas, padedantis suma\u017einti mimikos rauk\u0161li\u0173 matomum\u0105<\/p>\n<p data-start=\"2187\" data-end=\"2277\">\u2022 <strong data-start=\"2189\" data-end=\"2217\">Kaolin &amp; Bentonite Clays<\/strong>: valo poras, sugeria perteklin\u012f sebum\u0105 ir ma\u017eina blizges\u012f<\/p>\n<p data-start=\"2279\" data-end=\"2410\">\u2022 <strong data-start=\"2281\" data-end=\"2313\">Actiphyte\u00ae Botanical Complex<\/strong>: antioksidantais turtingas augalini\u0173 ekstrakt\u0173 kompleksas, padedantis raminti ir apsaugoti od\u0105<\/p>\n<p data-start=\"2412\" data-end=\"2532\"><strong data-start=\"2412\" data-end=\"2438\">Kam tinka Miracle Mask<\/strong>: vis\u0173 tip\u0173 odai, ypa\u010d papilk\u0117jusiai, mi\u0161riai ar nelygios tekst\u016bros odai su matomomis poromis.<\/p>\n<p data-start=\"2534\" data-end=\"2550\"><strong data-start=\"2534\" data-end=\"2550\">T\u016bris: 30 ml<\/strong><\/p>\n<\/div>\n","protected":false},"excerpt":{"rendered":"<div class=\"given_product_description_top\">\n<p data-start=\"2675\" data-end=\"2716\">Veido kauk\u0117 su momentiniu liftingo efektu<\/p>\n<h2 data-start=\"2718\" data-end=\"2757\"><strong data-start=\"2718\" data-end=\"2757\">HydroPeptide &#8211; Miracle Mask Savyb\u0117s<\/strong><\/h2>\n<p data-start=\"2759\" data-end=\"2951\" data-is-last-node=\"\" data-is-only-node=\"\">\u2714\ufe0f Suteikia momentin\u012f liftingo efekt\u0105<br data-start=\"2796\" data-end=\"2799\" \/>\u2714\ufe0f Padeda suma\u017einti rauk\u0161li\u0173 matomum\u0105<br data-start=\"2836\" data-end=\"2839\" \/>\u2714\ufe0f Valo poras ir ma\u017eina perteklin\u012f sebum\u0105<br data-start=\"2880\" data-end=\"2883\" \/>\u2714\ufe0f Gerina odos tekst\u016br\u0105 ir ton\u0105<br data-start=\"2914\" data-end=\"2917\" \/>\u2714\ufe0f Oda tampa lygesn\u0117 ir stangresn\u0117<\/p>\n<\/div>\n","protected":false},"featured_media":61859,"template":"","meta":[],"pwb-brand":[1212],"product_brand":[],"product_cat":[738,746,726,740,750],"product_tag":[],"giftcard-category":[],"class_list":{"0":"post-49121","1":"product","2":"type-product","3":"status-publish","4":"has-post-thumbnail","6":"pwb-brand-hydropeptide","7":"product_cat-drekinimas","8":"product_cat-jautriai-odai","9":"product_cat-maskas-lt","10":"product_cat-sausai-odai","11":"product_cat-senstanti-oda","13":"first","14":"instock","15":"taxable","16":"shipping-taxable","17":"purchasable","18":"product-type-simple"},"acf":[],"brands":[{"id":1212,"name":"HydroPeptide","slug":"hydropeptide"}],"_links":{"self":[{"href":"https:\/\/skinstudio.ee\/lt\/wp-json\/wp\/v2\/product\/49121","targetHints":{"allow":["GET"]}}],"collection":[{"href":"https:\/\/skinstudio.ee\/lt\/wp-json\/wp\/v2\/product"}],"about":[{"href":"https:\/\/skinstudio.ee\/lt\/wp-json\/wp\/v2\/types\/product"}],"version-history":[{"count":1,"href":"https:\/\/skinstudio.ee\/lt\/wp-json\/wp\/v2\/product\/49121\/revisions"}],"predecessor-version":[{"id":86085,"href":"https:\/\/skinstudio.ee\/lt\/wp-json\/wp\/v2\/product\/49121\/revisions\/86085"}],"wp:featuredmedia":[{"embeddable":true,"href":"https:\/\/skinstudio.ee\/lt\/wp-json\/wp\/v2\/media\/61859"}],"wp:attachment":[{"href":"https:\/\/skinstudio.ee\/lt\/wp-json\/wp\/v2\/media?parent=49121"}],"wp:term":[{"taxonomy":"pwb-brand","embeddable":true,"href":"https:\/\/skinstudio.ee\/lt\/wp-json\/wp\/v2\/pwb-brand?post=49121"},{"taxonomy":"product_brand","embeddable":true,"href":"https:\/\/skinstudio.ee\/lt\/wp-json\/wp\/v2\/product_brand?post=49121"},{"taxonomy":"product_cat","embeddable":true,"href":"https:\/\/skinstudio.ee\/lt\/wp-json\/wp\/v2\/product_cat?post=49121"},{"taxonomy":"product_tag","embeddable":true,"href":"https:\/\/skinstudio.ee\/lt\/wp-json\/wp\/v2\/product_tag?post=49121"},{"taxonomy":"giftcard-category","embeddable":true,"href":"https:\/\/skinstudio.ee\/lt\/wp-json\/wp\/v2\/giftcard-category?post=49121"}],"curies":[{"name":"wp","href":"https:\/\/api.w.org\/{rel}","templated":true}]}}