{"id":49130,"date":"2023-05-24T17:56:54","date_gmt":"2023-05-24T17:56:54","guid":{"rendered":"https:\/\/skinstudio.ee\/?post_type=product&#038;p=49130"},"modified":"2026-03-16T12:53:01","modified_gmt":"2026-03-16T12:53:01","slug":"hydro-lock-sleep-mask","status":"publish","type":"product","link":"https:\/\/skinstudio.ee\/lt\/catalog\/hydropeptide\/hydro-lock-sleep-mask\/","title":{"rendered":"Hydro-Lock Sleep Mask"},"content":{"rendered":"<p data-start=\"1829\" data-end=\"2028\"><strong data-start=\"1829\" data-end=\"1871\">Hydro-Lock Sleep Mask nuo HydroPeptide<\/strong> &#8211; prabangi naktin\u0117 kauk\u0117 su \u201ekarali\u0161kuoju\u201c peptidu, skirta intensyviam odos atstatymui, giliam dr\u0117kinimui ir odos apsauginio barjero stiprinimui miego metu.<\/p>\n<p data-start=\"2030\" data-end=\"2347\">Formul\u0117 sujungia <strong data-start=\"2047\" data-end=\"2075\">HYDRO18\u2122 Activated Water<\/strong> kompleks\u0105 ir saldymed\u017eio \u0161aknies ekstrakt\u0105, suteikdama stipr\u0173 dr\u0117gm\u0117s i\u0161laikymo, raminam\u0105j\u012f ir skaistinant\u012f poveik\u012f. Peptidas, imituojantis bi\u010di\u0173 pienelio baltym\u0173 veikim\u0105, padeda atkurti odos vientisum\u0105, skatina l\u0105steli\u0173 atsinaujinim\u0105 ir gerina odos l\u0105steli\u0173 gyvybingum\u0105.<\/p>\n<p data-start=\"2349\" data-end=\"2537\">Per nakt\u012f kauk\u0117 intensyviai prisotina od\u0105 dr\u0117gme, stiprina odos apsaugin\u0119 funkcij\u0105 ir padeda atkurti nat\u016bral\u0173 \u0161vyt\u0117jim\u0105. Ryte oda atrodo lygesn\u0117, \u0161velnesn\u0117 ir pastebimai geriau sudr\u0117kinta.<\/p>\n<p data-start=\"2539\" data-end=\"2572\"><strong data-start=\"2539\" data-end=\"2572\">Aktyvi\u0173 ingredient\u0173 veikimas:<\/strong><\/p>\n<p data-start=\"2574\" data-end=\"2733\">\u2022 <strong data-start=\"2576\" data-end=\"2595\">ROYAL EPIGEN P5<\/strong>: \u201ekarali\u0161kasis\u201c peptidas, \u012fkv\u0117ptas bi\u010di\u0173 pienelio baltym\u0173, skatina l\u0105steli\u0173 atsinaujinim\u0105 ir padeda palaikyti jaunatvi\u0161k\u0105 odos i\u0161vaizd\u0105<\/p>\n<p data-start=\"2735\" data-end=\"2891\">\u2022 <strong data-start=\"2737\" data-end=\"2765\">HYDRO18\u2122 Activated Water<\/strong>: patentuotas \u201ei\u0161maniojo vandens\u201c kompleksas su oleino r\u016bg\u0161timi, kuris didina odos hidratacij\u0105 ir pagerina dr\u0117gm\u0117s i\u0161laikym\u0105<\/p>\n<p data-start=\"2893\" data-end=\"3017\">\u2022 <strong data-start=\"2895\" data-end=\"2920\">Licorice Root Extract<\/strong>: antioksidantas, padedantis suma\u017einti odos blankum\u0105 ir suteikti tolygesn\u012f, \u0161viesesn\u012f odos ton\u0105<\/p>\n<p data-start=\"3019\" data-end=\"3138\"><strong data-start=\"3019\" data-end=\"3054\">Kam tinka Hydro-Lock Sleep Mask<\/strong>: vis\u0173 tip\u0173 odai, ypa\u010d dehidratuotai, pavargusiai ar atstatymo reikalaujan\u010diai odai.<\/p>\n<p data-start=\"3140\" data-end=\"3156\"><strong data-start=\"3140\" data-end=\"3156\">T\u016bris: 75 ml<\/strong><\/p>\n","protected":false},"excerpt":{"rendered":"<div class=\"given_product_description_top\">\n<p data-start=\"3376\" data-end=\"3411\">Atkuriamoji naktin\u0117 peptidin\u0117 kauk\u0117<\/p>\n<h2 data-start=\"3413\" data-end=\"3461\"><strong data-start=\"3413\" data-end=\"3461\">HydroPeptide &#8211; Hydro-Lock Sleep Mask Savyb\u0117s<\/strong><\/h2>\n<p data-start=\"3463\" data-end=\"3672\" data-is-last-node=\"\" data-is-only-node=\"\">\u2714\ufe0f U\u017etikrina intensyv\u0173 naktin\u012f dr\u0117kinim\u0105<br data-start=\"3503\" data-end=\"3506\" \/>\u2714\ufe0f Pagerina odos geb\u0117jim\u0105 i\u0161laikyti dr\u0117gm\u0119<br data-start=\"3548\" data-end=\"3551\" \/>\u2714\ufe0f Palaiko odos l\u0105steli\u0173 atsinaujinim\u0105<br data-start=\"3589\" data-end=\"3592\" \/>\u2714\ufe0f Padaro od\u0105 \u0161velnesn\u0119 ir lygesn\u0119<br data-start=\"3626\" data-end=\"3629\" \/>\u2714\ufe0f Suteikia odai gaiv\u0173 ir pails\u0117jus\u012f vaizd\u0105<\/p>\n<\/div>\n","protected":false},"featured_media":61819,"template":"","meta":[],"pwb-brand":[1212],"product_brand":[],"product_cat":[738,746,726,740,750],"product_tag":[],"giftcard-category":[],"class_list":{"0":"post-49130","1":"product","2":"type-product","3":"status-publish","4":"has-post-thumbnail","6":"pwb-brand-hydropeptide","7":"product_cat-drekinimas","8":"product_cat-jautriai-odai","9":"product_cat-maskas-lt","10":"product_cat-sausai-odai","11":"product_cat-senstanti-oda","13":"first","14":"instock","15":"taxable","16":"shipping-taxable","17":"purchasable","18":"product-type-simple"},"acf":[],"brands":[{"id":1212,"name":"HydroPeptide","slug":"hydropeptide"}],"_links":{"self":[{"href":"https:\/\/skinstudio.ee\/lt\/wp-json\/wp\/v2\/product\/49130","targetHints":{"allow":["GET"]}}],"collection":[{"href":"https:\/\/skinstudio.ee\/lt\/wp-json\/wp\/v2\/product"}],"about":[{"href":"https:\/\/skinstudio.ee\/lt\/wp-json\/wp\/v2\/types\/product"}],"version-history":[{"count":1,"href":"https:\/\/skinstudio.ee\/lt\/wp-json\/wp\/v2\/product\/49130\/revisions"}],"predecessor-version":[{"id":86074,"href":"https:\/\/skinstudio.ee\/lt\/wp-json\/wp\/v2\/product\/49130\/revisions\/86074"}],"wp:featuredmedia":[{"embeddable":true,"href":"https:\/\/skinstudio.ee\/lt\/wp-json\/wp\/v2\/media\/61819"}],"wp:attachment":[{"href":"https:\/\/skinstudio.ee\/lt\/wp-json\/wp\/v2\/media?parent=49130"}],"wp:term":[{"taxonomy":"pwb-brand","embeddable":true,"href":"https:\/\/skinstudio.ee\/lt\/wp-json\/wp\/v2\/pwb-brand?post=49130"},{"taxonomy":"product_brand","embeddable":true,"href":"https:\/\/skinstudio.ee\/lt\/wp-json\/wp\/v2\/product_brand?post=49130"},{"taxonomy":"product_cat","embeddable":true,"href":"https:\/\/skinstudio.ee\/lt\/wp-json\/wp\/v2\/product_cat?post=49130"},{"taxonomy":"product_tag","embeddable":true,"href":"https:\/\/skinstudio.ee\/lt\/wp-json\/wp\/v2\/product_tag?post=49130"},{"taxonomy":"giftcard-category","embeddable":true,"href":"https:\/\/skinstudio.ee\/lt\/wp-json\/wp\/v2\/giftcard-category?post=49130"}],"curies":[{"name":"wp","href":"https:\/\/api.w.org\/{rel}","templated":true}]}}