{"id":49137,"date":"2023-05-24T17:56:55","date_gmt":"2023-05-24T17:56:55","guid":{"rendered":"https:\/\/skinstudio.ee\/?post_type=product&#038;p=49137"},"modified":"2026-03-16T12:04:40","modified_gmt":"2026-03-16T12:04:40","slug":"rejuvenating-mask","status":"publish","type":"product","link":"https:\/\/skinstudio.ee\/lt\/catalog\/hydropeptide\/rejuvenating-mask\/","title":{"rendered":"Rejuvenating Mask"},"content":{"rendered":"<p data-start=\"1660\" data-end=\"1962\"><strong data-start=\"1660\" data-end=\"1698\">Rejuvenating Mask nuo HydroPeptide<\/strong> &#8211; harmonizuojanti detox kauk\u0117, skirta intensyviam odos atstatymui, valymui ir giliam dr\u0117kinimui. Formul\u0117 sujungia pa\u017eangius peptidus, augalines kamienines l\u0105steles ir valant\u012f molio kompleks\u0105, padedant\u012f greitai suma\u017einti odos reaktyvum\u0105 ir atkurti komforto poj\u016bt\u012f.<\/p>\n<p data-start=\"1964\" data-end=\"2201\">Kauk\u0117 \u0161velniai valo poras, sugeria perteklin\u012f sebum\u0105 ir padeda i\u0161lyginti odos tekst\u016br\u0105. Antioksidantais turtingi aktyv\u016bs komponentai padeda suma\u017einti paraudimo matomum\u0105, stiprina odos apsaugin\u012f barjer\u0105 ir atkuria nat\u016bral\u0173 odos \u0161vyt\u0117jim\u0105.<\/p>\n<p data-start=\"2203\" data-end=\"2321\">Reguliariai naudojant oda tampa ramesn\u0117, labiau subalansuota ir gaivesn\u0117, o veido tonas atrodo lygesnis ir sveikesnis.<\/p>\n<p data-start=\"2323\" data-end=\"2356\"><strong data-start=\"2323\" data-end=\"2356\">Aktyvi\u0173 ingredient\u0173 veikimas:<\/strong><\/p>\n<p data-start=\"2358\" data-end=\"2496\">\u2022 <strong data-start=\"2360\" data-end=\"2413\">Clay Complex (Kaolin, Bentonite, Montmorillonite)<\/strong>: \u0161velniai valo poras, padeda sugerti perteklin\u012f sebum\u0105 ir pagerina odos tekst\u016br\u0105<\/p>\n<p data-start=\"2498\" data-end=\"2620\">\u2022 <strong data-start=\"2500\" data-end=\"2521\">Blueberry Extract<\/strong>: turtingas antioksidantais, padeda ma\u017einti sudirgim\u0105 ir saugo od\u0105 nuo laisv\u0173j\u0173 radikal\u0173 poveikio<\/p>\n<p data-start=\"2622\" data-end=\"2756\">\u2022 <strong data-start=\"2624\" data-end=\"2676\">Hydration Complex (Hyaluronic Acid, Shea Butter)<\/strong>: intensyviai dr\u0117kina, stiprina apsaugin\u012f odos barjer\u0105 ir gerina odos komfort\u0105<\/p>\n<p data-start=\"2758\" data-end=\"2885\"><strong data-start=\"2758\" data-end=\"2789\">Kam tinka Rejuvenating Mask<\/strong>: jautriai, reaktyviai ir dehidratuotai odai, linkusiai \u012f paraudim\u0105, sudirgim\u0105 ir netolyg\u0173 ton\u0105.<\/p>\n<p data-start=\"2887\" data-end=\"2903\"><strong data-start=\"2887\" data-end=\"2903\">T\u016bris: 30 ml<\/strong><\/p>\n","protected":false},"excerpt":{"rendered":"<div class=\"given_product_description_top\">\n<p data-start=\"3031\" data-end=\"3052\">Raminanti detox kauk\u0117<\/p>\n<h2 data-start=\"3054\" data-end=\"3098\"><strong data-start=\"3054\" data-end=\"3098\">HydroPeptide &#8211; Rejuvenating Mask Savyb\u0117s<\/strong><\/h2>\n<p data-start=\"3100\" data-end=\"3308\" data-is-last-node=\"\" data-is-only-node=\"\">\u2714\ufe0f Padeda greitai nuraminti reaktyvi\u0105 od\u0105<br data-start=\"3141\" data-end=\"3144\" \/>\u2714\ufe0f Ma\u017eina matom\u0105 paraudim\u0105<br data-start=\"3170\" data-end=\"3173\" \/>\u2714\ufe0f \u0160velniai valo poras ir sugeria perteklin\u012f sebum\u0105<br data-start=\"3224\" data-end=\"3227\" \/>\u2714\ufe0f Palaiko optimal\u0173 dr\u0117kinimo balans\u0105<br data-start=\"3264\" data-end=\"3267\" \/>\u2714\ufe0f Gerina odos ton\u0105 ir nat\u016bral\u0173 \u0161vyt\u0117jim\u0105<\/p>\n<\/div>\n","protected":false},"featured_media":61824,"template":"","meta":[],"pwb-brand":[1212],"product_brand":[],"product_cat":[742,738,746,726,740,748],"product_tag":[],"giftcard-category":[],"class_list":{"0":"post-49137","1":"product","2":"type-product","3":"status-publish","4":"has-post-thumbnail","6":"pwb-brand-hydropeptide","7":"product_cat-berimai","8":"product_cat-drekinimas","9":"product_cat-jautriai-odai","10":"product_cat-maskas-lt","11":"product_cat-sausai-odai","12":"product_cat-taukainai-adai-lt","14":"first","15":"instock","16":"taxable","17":"shipping-taxable","18":"purchasable","19":"product-type-simple"},"acf":[],"brands":[{"id":1212,"name":"HydroPeptide","slug":"hydropeptide"}],"_links":{"self":[{"href":"https:\/\/skinstudio.ee\/lt\/wp-json\/wp\/v2\/product\/49137","targetHints":{"allow":["GET"]}}],"collection":[{"href":"https:\/\/skinstudio.ee\/lt\/wp-json\/wp\/v2\/product"}],"about":[{"href":"https:\/\/skinstudio.ee\/lt\/wp-json\/wp\/v2\/types\/product"}],"version-history":[{"count":2,"href":"https:\/\/skinstudio.ee\/lt\/wp-json\/wp\/v2\/product\/49137\/revisions"}],"predecessor-version":[{"id":86062,"href":"https:\/\/skinstudio.ee\/lt\/wp-json\/wp\/v2\/product\/49137\/revisions\/86062"}],"wp:featuredmedia":[{"embeddable":true,"href":"https:\/\/skinstudio.ee\/lt\/wp-json\/wp\/v2\/media\/61824"}],"wp:attachment":[{"href":"https:\/\/skinstudio.ee\/lt\/wp-json\/wp\/v2\/media?parent=49137"}],"wp:term":[{"taxonomy":"pwb-brand","embeddable":true,"href":"https:\/\/skinstudio.ee\/lt\/wp-json\/wp\/v2\/pwb-brand?post=49137"},{"taxonomy":"product_brand","embeddable":true,"href":"https:\/\/skinstudio.ee\/lt\/wp-json\/wp\/v2\/product_brand?post=49137"},{"taxonomy":"product_cat","embeddable":true,"href":"https:\/\/skinstudio.ee\/lt\/wp-json\/wp\/v2\/product_cat?post=49137"},{"taxonomy":"product_tag","embeddable":true,"href":"https:\/\/skinstudio.ee\/lt\/wp-json\/wp\/v2\/product_tag?post=49137"},{"taxonomy":"giftcard-category","embeddable":true,"href":"https:\/\/skinstudio.ee\/lt\/wp-json\/wp\/v2\/giftcard-category?post=49137"}],"curies":[{"name":"wp","href":"https:\/\/api.w.org\/{rel}","templated":true}]}}