{"id":49144,"date":"2023-05-24T17:56:55","date_gmt":"2023-05-24T17:56:55","guid":{"rendered":"https:\/\/skinstudio.ee\/?post_type=product&#038;p=49144"},"modified":"2026-03-14T10:41:31","modified_gmt":"2026-03-14T10:41:31","slug":"soothing-serum","status":"publish","type":"product","link":"https:\/\/skinstudio.ee\/lt\/catalog\/hydropeptide\/soothing-serum\/","title":{"rendered":"Soothing Serum"},"content":{"rendered":"<div class=\"given_product_description_long\">\n<p data-start=\"1631\" data-end=\"1911\"><strong data-start=\"1631\" data-end=\"1666\">Soothing Serum nuo HydroPeptide<\/strong> &#8211; raminantis emulsijos serumas, skirtas jautrios ir reaktyvios odos prie\u017ei\u016brai. Formul\u0117 sujungia pa\u017eangius peptidus ir augalines kamienines l\u0105steles, padedan\u010dias suma\u017einti paraudimo matomum\u0105, nuraminti sudirgusi\u0105 od\u0105 ir atkurti komforto poj\u016bt\u012f.<\/p>\n<p data-start=\"1913\" data-end=\"2147\">Aktyv\u016bs ingredientai padeda stiprinti nat\u016bralius odos apsaugos mechanizmus, gerina dr\u0117gm\u0117s lyg\u012f ir palaiko odos barjerin\u0119 funkcij\u0105. Serumas taip pat padeda odai atsistatyti po intensyvi\u0173 kosmetini\u0173 proced\u016br\u0173 ir ma\u017eina odos reaktyvum\u0105.<\/p>\n<p data-start=\"2149\" data-end=\"2221\">Reguliariai naudojant oda tampa ramesn\u0117, lygesn\u0117 ir labiau subalansuota.<\/p>\n<p data-start=\"2223\" data-end=\"2256\"><strong data-start=\"2223\" data-end=\"2256\">Aktyvi\u0173 ingredient\u0173 veikimas:<\/strong><\/p>\n<p data-start=\"2258\" data-end=\"2374\">\u2022 <strong data-start=\"2260\" data-end=\"2290\">Syn\u00ae-Tacks Peptide Complex<\/strong>: peptid\u0173 kompleksas, padedantis stiprinti odos strukt\u016br\u0105 ir gerinti jos stangrum\u0105<\/p>\n<p data-start=\"2376\" data-end=\"2488\">\u2022 <strong data-start=\"2378\" data-end=\"2391\">Telangyn\u2122<\/strong>: aktyvus ingredientas, padedantis suma\u017einti paraudimo matomum\u0105 ir stiprinti kapiliar\u0173 sieneles<\/p>\n<p data-start=\"2490\" data-end=\"2576\">\u2022 <strong data-start=\"2492\" data-end=\"2506\">Neutrazen\u2122<\/strong>: raminantis peptidas, padedantis ma\u017einti odos jautrum\u0105 ir sudirgim\u0105<\/p>\n<p data-start=\"2578\" data-end=\"2691\"><strong data-start=\"2578\" data-end=\"2606\">Kam tinka Soothing Serum<\/strong>: jautriai odai, linkusiai \u012f paraudim\u0105, sudirgim\u0105, kuperoz\u0119 ir padid\u0117jus\u012f reaktyvum\u0105.<\/p>\n<p data-start=\"2693\" data-end=\"2709\"><strong data-start=\"2693\" data-end=\"2709\">T\u016bris: 30 ml<\/strong><\/p>\n<\/div>\n","protected":false},"excerpt":{"rendered":"<div class=\"given_product_description_top\">\n<p data-start=\"2953\" data-end=\"2985\">Raminantis serumas nuo paraudimo<\/p>\n<h2 data-start=\"2987\" data-end=\"3028\"><strong data-start=\"2987\" data-end=\"3028\">HydroPeptide &#8211; Soothing Serum Savyb\u0117s<\/strong><\/h2>\n<p data-start=\"3030\" data-end=\"3239\" data-is-last-node=\"\" data-is-only-node=\"\">\u2714\ufe0f Ma\u017eina paraudimo ir sudirgimo matomum\u0105<br data-start=\"3071\" data-end=\"3074\" \/>\u2714\ufe0f Intensyviai dr\u0117kina ir stiprina odos barjer\u0105<br data-start=\"3121\" data-end=\"3124\" \/>\u2714\ufe0f Didina jautrios odos komfort\u0105<br data-start=\"3156\" data-end=\"3159\" \/>\u2714\ufe0f Padeda odai atsistatyti po proced\u016br\u0173<br data-start=\"3198\" data-end=\"3201\" \/>\u2714\ufe0f Gerina odos elastingum\u0105 ir glotnum\u0105<\/p>\n<\/div>\n","protected":false},"featured_media":61654,"template":"","meta":[],"pwb-brand":[1212],"product_brand":[],"product_cat":[738,746,724,748],"product_tag":[],"giftcard-category":[],"class_list":{"0":"post-49144","1":"product","2":"type-product","3":"status-publish","4":"has-post-thumbnail","6":"pwb-brand-hydropeptide","7":"product_cat-drekinimas","8":"product_cat-jautriai-odai","9":"product_cat-serumai","10":"product_cat-taukainai-adai-lt","12":"first","13":"instock","14":"taxable","15":"shipping-taxable","16":"purchasable","17":"product-type-simple"},"acf":[],"brands":[{"id":1212,"name":"HydroPeptide","slug":"hydropeptide"}],"_links":{"self":[{"href":"https:\/\/skinstudio.ee\/lt\/wp-json\/wp\/v2\/product\/49144","targetHints":{"allow":["GET"]}}],"collection":[{"href":"https:\/\/skinstudio.ee\/lt\/wp-json\/wp\/v2\/product"}],"about":[{"href":"https:\/\/skinstudio.ee\/lt\/wp-json\/wp\/v2\/types\/product"}],"version-history":[{"count":1,"href":"https:\/\/skinstudio.ee\/lt\/wp-json\/wp\/v2\/product\/49144\/revisions"}],"predecessor-version":[{"id":85966,"href":"https:\/\/skinstudio.ee\/lt\/wp-json\/wp\/v2\/product\/49144\/revisions\/85966"}],"wp:featuredmedia":[{"embeddable":true,"href":"https:\/\/skinstudio.ee\/lt\/wp-json\/wp\/v2\/media\/61654"}],"wp:attachment":[{"href":"https:\/\/skinstudio.ee\/lt\/wp-json\/wp\/v2\/media?parent=49144"}],"wp:term":[{"taxonomy":"pwb-brand","embeddable":true,"href":"https:\/\/skinstudio.ee\/lt\/wp-json\/wp\/v2\/pwb-brand?post=49144"},{"taxonomy":"product_brand","embeddable":true,"href":"https:\/\/skinstudio.ee\/lt\/wp-json\/wp\/v2\/product_brand?post=49144"},{"taxonomy":"product_cat","embeddable":true,"href":"https:\/\/skinstudio.ee\/lt\/wp-json\/wp\/v2\/product_cat?post=49144"},{"taxonomy":"product_tag","embeddable":true,"href":"https:\/\/skinstudio.ee\/lt\/wp-json\/wp\/v2\/product_tag?post=49144"},{"taxonomy":"giftcard-category","embeddable":true,"href":"https:\/\/skinstudio.ee\/lt\/wp-json\/wp\/v2\/giftcard-category?post=49144"}],"curies":[{"name":"wp","href":"https:\/\/api.w.org\/{rel}","templated":true}]}}