{"id":49152,"date":"2023-05-24T17:56:54","date_gmt":"2023-05-24T17:56:54","guid":{"rendered":"https:\/\/skinstudio.ee\/?post_type=product&#038;p=49152"},"modified":"2025-12-29T10:01:41","modified_gmt":"2025-12-29T10:01:41","slug":"balancing-mask","status":"publish","type":"product","link":"https:\/\/skinstudio.ee\/lt\/catalog\/hydropeptide\/balancing-mask\/","title":{"rendered":"Balancing Mask"},"content":{"rendered":"<p data-start=\"2586\" data-end=\"3090\">Pa\u017eadina pavargusi\u0105, atonin\u0119 ir dehidratuot\u0105 od\u0105.<br data-start=\"2655\" data-end=\"2658\" \/>Suteikia stipr\u0173 antistresin\u012f ir antioksidacin\u012f poveik\u012f, u\u017etikrina 97% DNR apsaug\u0105 nuo pa\u017eeidim\u0173.<br data-start=\"2754\" data-end=\"2757\" \/>Padeda pastebimai pagerinti odos b\u016bkl\u0119, maitina ir apsaugo nuo aplinkos veiksni\u0173 \u017ealos.<br data-start=\"2844\" data-end=\"2847\" \/>Pieno r\u016bg\u0161tis ir ferment\u0173 kompleksas pagerina v\u0117liau naudojam\u0173 priemoni\u0173 biologin\u012f prieinamum\u0105, pa\u0161alina negyvas l\u0105steles, spartina odos atsinaujinim\u0105, i\u0161lygina reljef\u0105 ir pagerina ton\u0105.<br data-start=\"3033\" data-end=\"3036\" \/>Peptidai stimuliuoja mikroapytak\u0105 ir odos imunitet\u0105.<\/p>\n<p data-start=\"3092\" data-end=\"3505\">Pagrindiniai aktyv\u016bs ingredientai:<br data-start=\"3126\" data-end=\"3129\" \/>E\u017eiuol\u0117s kamienin\u0117s l\u0105stel\u0117s \u2013 antioksidantas su imunomoduliuojan\u010diu ir prie\u0161u\u017edegiminiu poveikiu.<br data-start=\"3227\" data-end=\"3230\" \/>2% pieno r\u016bg\u0161tis \u2013 spartina l\u0105steli\u0173 atsinaujinim\u0105.<br data-start=\"3281\" data-end=\"3284\" \/>Antioksidant\u0173 kompleksas \u2013 spanguoli\u0173 ir granat\u0173 ekstraktai, turtingi polifenoliais, stiprina odos apsaug\u0105.<br data-start=\"3391\" data-end=\"3394\" \/>Peptid\u0173 kompleksas \u2013 skatina mikrocirkuliacij\u0105, vietin\u012f imunitet\u0105 ir chroni\u0161kai stresuotos odos regeneracij\u0105.<\/p>\n<p data-start=\"3507\" data-end=\"3525\"><strong data-start=\"3507\" data-end=\"3523\">T\u016bris: 15 ml<\/strong><\/p>\n","protected":false},"excerpt":{"rendered":"<div class=\"given_product_description_top\">\n<p data-start=\"4615\" data-end=\"4714\">Regeneruojanti antistresin\u0117 kauk\u0117 su stimuliuojan\u010diu ir stiprinan\u010diu poveikiu idealiam odos tonui<\/p>\n<h2 data-start=\"4716\" data-end=\"5063\"><strong data-start=\"4716\" data-end=\"4757\">HYDROPEPTIDE &#8211; Balancing Mask savyb\u0117s<\/strong><\/h2>\n<p data-start=\"4716\" data-end=\"5063\">\u2714\ufe0f Atkuria odos balans\u0105 ir ma\u017eina riebal\u0173 pertekli\u0173<br data-start=\"4811\" data-end=\"4814\" \/>\u2714\ufe0f Ramina u\u017edegim\u0105 ir sudirginim\u0105<br data-start=\"4847\" data-end=\"4850\" \/>\u2714\ufe0f Suma\u017eina poras ir suteikia matin\u012f efekt\u0105<br data-start=\"4893\" data-end=\"4896\" \/>\u2714\ufe0f Pagerina elastingum\u0105 ir glotnum\u0105<br data-start=\"4931\" data-end=\"4934\" \/>\u2714\ufe0f Sustiprina antioksidacin\u0119 apsaug\u0105<br data-start=\"4970\" data-end=\"4973\" \/>\u2714\ufe0f Spartina l\u0105steli\u0173 regeneracij\u0105<br data-start=\"5006\" data-end=\"5009\" \/>\u2714\ufe0f Stiprina odos imunitet\u0105<br data-start=\"5035\" data-end=\"5038\" \/>\u2714\ufe0f Tinka vis\u0173 tip\u0173 odai<\/p>\n<\/div>\n","protected":false},"featured_media":61849,"template":"","meta":[],"pwb-brand":[1212],"product_brand":[],"product_cat":[738,746,726,752,740,750,748],"product_tag":[],"giftcard-category":[],"class_list":{"0":"post-49152","1":"product","2":"type-product","3":"status-publish","4":"has-post-thumbnail","6":"pwb-brand-hydropeptide","7":"product_cat-drekinimas","8":"product_cat-jautriai-odai","9":"product_cat-maskas-lt","10":"product_cat-pigmentacija-lt","11":"product_cat-sausai-odai","12":"product_cat-senstanti-oda","13":"product_cat-taukainai-adai-lt","15":"first","16":"instock","17":"taxable","18":"shipping-taxable","19":"purchasable","20":"product-type-simple"},"acf":[],"brands":[{"id":1212,"name":"HydroPeptide","slug":"hydropeptide"}],"_links":{"self":[{"href":"https:\/\/skinstudio.ee\/lt\/wp-json\/wp\/v2\/product\/49152","targetHints":{"allow":["GET"]}}],"collection":[{"href":"https:\/\/skinstudio.ee\/lt\/wp-json\/wp\/v2\/product"}],"about":[{"href":"https:\/\/skinstudio.ee\/lt\/wp-json\/wp\/v2\/types\/product"}],"version-history":[{"count":0,"href":"https:\/\/skinstudio.ee\/lt\/wp-json\/wp\/v2\/product\/49152\/revisions"}],"wp:featuredmedia":[{"embeddable":true,"href":"https:\/\/skinstudio.ee\/lt\/wp-json\/wp\/v2\/media\/61849"}],"wp:attachment":[{"href":"https:\/\/skinstudio.ee\/lt\/wp-json\/wp\/v2\/media?parent=49152"}],"wp:term":[{"taxonomy":"pwb-brand","embeddable":true,"href":"https:\/\/skinstudio.ee\/lt\/wp-json\/wp\/v2\/pwb-brand?post=49152"},{"taxonomy":"product_brand","embeddable":true,"href":"https:\/\/skinstudio.ee\/lt\/wp-json\/wp\/v2\/product_brand?post=49152"},{"taxonomy":"product_cat","embeddable":true,"href":"https:\/\/skinstudio.ee\/lt\/wp-json\/wp\/v2\/product_cat?post=49152"},{"taxonomy":"product_tag","embeddable":true,"href":"https:\/\/skinstudio.ee\/lt\/wp-json\/wp\/v2\/product_tag?post=49152"},{"taxonomy":"giftcard-category","embeddable":true,"href":"https:\/\/skinstudio.ee\/lt\/wp-json\/wp\/v2\/giftcard-category?post=49152"}],"curies":[{"name":"wp","href":"https:\/\/api.w.org\/{rel}","templated":true}]}}