{"id":49160,"date":"2023-05-24T17:56:55","date_gmt":"2023-05-24T17:56:55","guid":{"rendered":"https:\/\/skinstudio.ee\/?post_type=product&#038;p=49160"},"modified":"2026-03-13T16:37:55","modified_gmt":"2026-03-13T16:37:55","slug":"firma-bright","status":"publish","type":"product","link":"https:\/\/skinstudio.ee\/lt\/catalog\/hydropeptide\/firma-bright\/","title":{"rendered":"Firma Bright"},"content":{"rendered":"<div class=\"given_product_description_long\">\n<p data-start=\"1882\" data-end=\"2168\"><strong data-start=\"1882\" data-end=\"1915\">Firma Bright nuo HydroPeptide<\/strong> &#8211; didel\u0117s koncentracijos boosteris su 20% stabilizuoto vitamino C, padedantis pa\u0161viesinti od\u0105 ir suvienodinti jos ton\u0105. Formul\u0117 padeda suma\u017einti pigmentacijos matomum\u0105, stiprina antioksidacin\u0119 apsaug\u0105 ir suteikia odai skaistesn\u0119 bei tolygesn\u0119 i\u0161vaizd\u0105.<\/p>\n<p data-start=\"2170\" data-end=\"2333\">Galingas vitamino C, antioksidant\u0173 ir inovatyvi\u0173 peptid\u0173 derinys padeda skatinti kolageno sintez\u0119, gerina odos stangrum\u0105 ir elastingum\u0105 bei i\u0161lygina odos tekst\u016br\u0105.<\/p>\n<p data-start=\"2335\" data-end=\"2482\">Aktyv\u016bs ingredientai palaiko nat\u016bralius atsinaujinimo procesus ir stiprina odos apsaugin\u012f barjer\u0105, tod\u0117l oda tampa lygesn\u0117, skaistesn\u0117 ir gaivesn\u0117.<\/p>\n<p data-start=\"2484\" data-end=\"2517\"><strong data-start=\"2484\" data-end=\"2517\">Aktyvi\u0173 ingredient\u0173 veikimas:<\/strong><\/p>\n<p data-start=\"2519\" data-end=\"2685\">\u2022 <strong data-start=\"2521\" data-end=\"2556\">Sodium Ascorbyl Phosphate (20%)<\/strong>: stabili vitamino C forma, skatinanti kolageno sintez\u0119, padedanti suma\u017einti pigmentacij\u0105 ir stiprinanti antioksidacin\u0119 apsaug\u0105<\/p>\n<p data-start=\"2687\" data-end=\"2797\">\u2022 <strong data-start=\"2689\" data-end=\"2702\">Ellagi-C\u2122<\/strong>: stiprus antioksidantas, sustiprinantis vitamino C veikim\u0105 ir palaikantis odos atsinaujinim\u0105<\/p>\n<p data-start=\"2799\" data-end=\"2915\">\u2022 <strong data-start=\"2801\" data-end=\"2816\">Niacinamide<\/strong>: padeda suvienodinti odos ton\u0105, ma\u017eina pigmentacijos matomum\u0105 ir stiprina odos apsaugin\u012f barjer\u0105<\/p>\n<p data-start=\"2917\" data-end=\"3020\">\u2022 <strong data-start=\"2919\" data-end=\"2938\">Granactive 1518<\/strong>: inovatyvus peptid\u0173 kompleksas, padedantis pagerinti odos stangrum\u0105 ir tekst\u016br\u0105<\/p>\n<p data-start=\"3022\" data-end=\"3136\"><strong data-start=\"3022\" data-end=\"3048\">Kam tinka Firma Bright<\/strong>: odai su pigmentacija, nelygiu tonu, fotopa\u017eeidimo po\u017eymiais ir blankiu odos atspalviu.<\/p>\n<p data-start=\"3138\" data-end=\"3154\"><strong data-start=\"3138\" data-end=\"3154\">T\u016bris: 50 ml<\/strong><\/p>\n<\/div>\n","protected":false},"excerpt":{"rendered":"<div class=\"given_product_description_top\">\n<p data-start=\"3442\" data-end=\"3486\">Od\u0105 skaistinantis remodeliuojantis boosteris<\/p>\n<h2 data-start=\"3488\" data-end=\"3527\"><strong data-start=\"3488\" data-end=\"3527\">HydroPeptide &#8211; Firma Bright Savyb\u0117s<\/strong><\/h2>\n<p data-start=\"3529\" data-end=\"3730\" data-is-last-node=\"\" data-is-only-node=\"\">\u2714\ufe0f Ma\u017eina pigmentacijos matomum\u0105 ir suvienodina odos ton\u0105<br data-start=\"3586\" data-end=\"3589\" \/>\u2714\ufe0f Suteikia odai ry\u0161k\u0173 \u0161vyt\u0117jim\u0105<br data-start=\"3621\" data-end=\"3624\" \/>\u2714\ufe0f Skatina kolageno sintez\u0119<br data-start=\"3651\" data-end=\"3654\" \/>\u2714\ufe0f Gerina odos stangrum\u0105 ir elastingum\u0105<br data-start=\"3693\" data-end=\"3696\" \/>\u2714\ufe0f Stiprina antioksidacin\u0119 apsaug\u0105<\/p>\n<\/div>\n","protected":false},"featured_media":61839,"template":"","meta":[],"pwb-brand":[1212],"product_brand":[],"product_cat":[738,752,740,750,724,748,730],"product_tag":[],"giftcard-category":[],"class_list":{"0":"post-49160","1":"product","2":"type-product","3":"status-publish","4":"has-post-thumbnail","6":"pwb-brand-hydropeptide","7":"product_cat-drekinimas","8":"product_cat-pigmentacija-lt","9":"product_cat-sausai-odai","10":"product_cat-senstanti-oda","11":"product_cat-serumai","12":"product_cat-taukainai-adai-lt","13":"product_cat-vitaminas-c","15":"first","16":"instock","17":"taxable","18":"shipping-taxable","19":"purchasable","20":"product-type-simple"},"acf":[],"brands":[{"id":1212,"name":"HydroPeptide","slug":"hydropeptide"}],"_links":{"self":[{"href":"https:\/\/skinstudio.ee\/lt\/wp-json\/wp\/v2\/product\/49160","targetHints":{"allow":["GET"]}}],"collection":[{"href":"https:\/\/skinstudio.ee\/lt\/wp-json\/wp\/v2\/product"}],"about":[{"href":"https:\/\/skinstudio.ee\/lt\/wp-json\/wp\/v2\/types\/product"}],"version-history":[{"count":1,"href":"https:\/\/skinstudio.ee\/lt\/wp-json\/wp\/v2\/product\/49160\/revisions"}],"predecessor-version":[{"id":85927,"href":"https:\/\/skinstudio.ee\/lt\/wp-json\/wp\/v2\/product\/49160\/revisions\/85927"}],"wp:featuredmedia":[{"embeddable":true,"href":"https:\/\/skinstudio.ee\/lt\/wp-json\/wp\/v2\/media\/61839"}],"wp:attachment":[{"href":"https:\/\/skinstudio.ee\/lt\/wp-json\/wp\/v2\/media?parent=49160"}],"wp:term":[{"taxonomy":"pwb-brand","embeddable":true,"href":"https:\/\/skinstudio.ee\/lt\/wp-json\/wp\/v2\/pwb-brand?post=49160"},{"taxonomy":"product_brand","embeddable":true,"href":"https:\/\/skinstudio.ee\/lt\/wp-json\/wp\/v2\/product_brand?post=49160"},{"taxonomy":"product_cat","embeddable":true,"href":"https:\/\/skinstudio.ee\/lt\/wp-json\/wp\/v2\/product_cat?post=49160"},{"taxonomy":"product_tag","embeddable":true,"href":"https:\/\/skinstudio.ee\/lt\/wp-json\/wp\/v2\/product_tag?post=49160"},{"taxonomy":"giftcard-category","embeddable":true,"href":"https:\/\/skinstudio.ee\/lt\/wp-json\/wp\/v2\/giftcard-category?post=49160"}],"curies":[{"name":"wp","href":"https:\/\/api.w.org\/{rel}","templated":true}]}}