{"id":49169,"date":"2023-05-24T17:56:55","date_gmt":"2023-05-24T17:56:55","guid":{"rendered":"https:\/\/skinstudio.ee\/?post_type=product&#038;p=49169"},"modified":"2026-03-13T16:19:59","modified_gmt":"2026-03-13T16:19:59","slug":"firm-a-fix-nectar","status":"publish","type":"product","link":"https:\/\/skinstudio.ee\/lt\/catalog\/hydropeptide\/firm-a-fix-nectar\/","title":{"rendered":"Firm-A-Fix Nectar"},"content":{"rendered":"<div class=\"given_product_description_long\">\n<p data-start=\"1959\" data-end=\"2203\"><strong data-start=\"1959\" data-end=\"1997\">Firm-A-Fix Nectar nuo HydroPeptide<\/strong> &#8211; prabangus serumo nektaras, skirtas kaklo ir dekolt\u0117 srities odos stangrinimui ir liftingui. Pa\u017eangi formul\u0117 padeda pagerinti odos tank\u012f, padidinti elastingum\u0105 ir suteikti lygesn\u0119 bei stangresn\u0119 i\u0161vaizd\u0105.<\/p>\n<p data-start=\"2205\" data-end=\"2552\">Revoliucinis epigenetinis kompleksas su remodeliuojan\u010diais, rauk\u0161les atpalaiduojan\u010diais ir kolageno gamyb\u0105 skatinan\u010diais peptidais padeda stiprinti odos strukt\u016br\u0105 ir suma\u017einti rauk\u0161li\u0173 bei odos klos\u010di\u0173 matomum\u0105. Lengvos tekst\u016bros nektaras akimirksniu dr\u0117kina plonesn\u0119 kaklo ir dekolt\u0117 srities od\u0105, suteikdamas jai glotnesn\u0119 ir stangresn\u0119 i\u0161vaizd\u0105.<\/p>\n<p data-start=\"2554\" data-end=\"2694\">Galingi antioksidantai padeda suma\u017einti fotopa\u017eeidim\u0173 matomum\u0105, saugo nuo oksidacinio streso ir suteikia tolygesn\u012f bei skaistesn\u012f odos ton\u0105.<\/p>\n<p data-start=\"2696\" data-end=\"2729\"><strong data-start=\"2696\" data-end=\"2729\">Aktyvi\u0173 ingredient\u0173 veikimas:<\/strong><\/p>\n<p data-start=\"2731\" data-end=\"2883\">\u2022 <strong data-start=\"2733\" data-end=\"2758\">Anti-Gravity Peptides<\/strong>: remodeliuojan\u010di\u0173 ir rauk\u0161les atpalaiduojan\u010di\u0173 peptid\u0173 derinys, padedantis pagerinti stangrum\u0105 ir suteikti liftingo efekt\u0105<\/p>\n<p data-start=\"2885\" data-end=\"2988\">\u2022 <strong data-start=\"2887\" data-end=\"2928\">Hydrolyzed Collagen &amp; Peptide Complex<\/strong>: padeda palaikyti odos tank\u012f ir stiprina dermos strukt\u016br\u0105<\/p>\n<p data-start=\"2990\" data-end=\"3114\">\u2022 <strong data-start=\"2992\" data-end=\"3024\">Mushroom &amp; Botanical Complex<\/strong>: augal\u0173 ir gryb\u0173 ekstrakt\u0173 kompleksas su antioksidacin\u0117mis ir atkuriamosiomis savyb\u0117mis<\/p>\n<p data-start=\"3116\" data-end=\"3219\">\u2022 <strong data-start=\"3118\" data-end=\"3152\">Triple Hyaluronic Acid Complex<\/strong>: suteikia daugialyg\u012f dr\u0117kinim\u0105 ir padeda i\u0161lyginti odos tekst\u016br\u0105<\/p>\n<p data-start=\"3221\" data-end=\"3354\"><strong data-start=\"3221\" data-end=\"3252\">Kam tinka Firm-A-Fix Nectar<\/strong>: kaklo ir dekolt\u0117 srities odai su suma\u017e\u0117jusiu stangrumu, rauk\u0161l\u0117mis, fotopa\u017eeidimais ir nelygiu tonu.<\/p>\n<p data-start=\"3356\" data-end=\"3372\"><strong data-start=\"3356\" data-end=\"3372\">T\u016bris: 50 ml<\/strong><\/p>\n<\/div>\n","protected":false},"excerpt":{"rendered":"<div class=\"given_product_description_top\">\n<p data-start=\"3669\" data-end=\"3723\">Stangrinantis liftingo serumas kaklui ir dekolt\u0117 zonai<\/p>\n<h2 data-start=\"3725\" data-end=\"3769\"><strong data-start=\"3725\" data-end=\"3769\">HydroPeptide &#8211; Firm-A-Fix Nectar Savyb\u0117s<\/strong><\/h2>\n<p data-start=\"3771\" data-end=\"3965\" data-is-last-node=\"\" data-is-only-node=\"\">\u2714\ufe0f Gerina odos stangrum\u0105 ir elastingum\u0105<br data-start=\"3810\" data-end=\"3813\" \/>\u2714\ufe0f Intensyviai dr\u0117kina plon\u0105 od\u0105<br data-start=\"3845\" data-end=\"3848\" \/>\u2714\ufe0f Ma\u017eina rauk\u0161li\u0173 ir klos\u010di\u0173 matomum\u0105<br data-start=\"3886\" data-end=\"3889\" \/>\u2714\ufe0f Padeda suma\u017einti fotopa\u017eeidim\u0173 po\u017eymius<br data-start=\"3931\" data-end=\"3934\" \/>\u2714\ufe0f Gerina odos ton\u0105 ir tekst\u016br\u0105<\/p>\n<\/div>\n","protected":false},"featured_media":61834,"template":"","meta":[],"pwb-brand":[1212],"product_brand":[],"product_cat":[736,738,750],"product_tag":[],"giftcard-category":[],"class_list":{"0":"post-49169","1":"product","2":"type-product","3":"status-publish","4":"has-post-thumbnail","6":"pwb-brand-hydropeptide","7":"product_cat-dekolte-sritis","8":"product_cat-drekinimas","9":"product_cat-senstanti-oda","11":"first","12":"instock","13":"taxable","14":"shipping-taxable","15":"purchasable","16":"product-type-simple"},"acf":[],"brands":[{"id":1212,"name":"HydroPeptide","slug":"hydropeptide"}],"_links":{"self":[{"href":"https:\/\/skinstudio.ee\/lt\/wp-json\/wp\/v2\/product\/49169","targetHints":{"allow":["GET"]}}],"collection":[{"href":"https:\/\/skinstudio.ee\/lt\/wp-json\/wp\/v2\/product"}],"about":[{"href":"https:\/\/skinstudio.ee\/lt\/wp-json\/wp\/v2\/types\/product"}],"version-history":[{"count":1,"href":"https:\/\/skinstudio.ee\/lt\/wp-json\/wp\/v2\/product\/49169\/revisions"}],"predecessor-version":[{"id":85913,"href":"https:\/\/skinstudio.ee\/lt\/wp-json\/wp\/v2\/product\/49169\/revisions\/85913"}],"wp:featuredmedia":[{"embeddable":true,"href":"https:\/\/skinstudio.ee\/lt\/wp-json\/wp\/v2\/media\/61834"}],"wp:attachment":[{"href":"https:\/\/skinstudio.ee\/lt\/wp-json\/wp\/v2\/media?parent=49169"}],"wp:term":[{"taxonomy":"pwb-brand","embeddable":true,"href":"https:\/\/skinstudio.ee\/lt\/wp-json\/wp\/v2\/pwb-brand?post=49169"},{"taxonomy":"product_brand","embeddable":true,"href":"https:\/\/skinstudio.ee\/lt\/wp-json\/wp\/v2\/product_brand?post=49169"},{"taxonomy":"product_cat","embeddable":true,"href":"https:\/\/skinstudio.ee\/lt\/wp-json\/wp\/v2\/product_cat?post=49169"},{"taxonomy":"product_tag","embeddable":true,"href":"https:\/\/skinstudio.ee\/lt\/wp-json\/wp\/v2\/product_tag?post=49169"},{"taxonomy":"giftcard-category","embeddable":true,"href":"https:\/\/skinstudio.ee\/lt\/wp-json\/wp\/v2\/giftcard-category?post=49169"}],"curies":[{"name":"wp","href":"https:\/\/api.w.org\/{rel}","templated":true}]}}