{"id":49180,"date":"2023-05-24T17:56:55","date_gmt":"2023-05-24T17:56:55","guid":{"rendered":"https:\/\/skinstudio.ee\/?post_type=product&#038;p=49180"},"modified":"2026-03-14T10:32:06","modified_gmt":"2026-03-14T10:32:06","slug":"hydrostem","status":"publish","type":"product","link":"https:\/\/skinstudio.ee\/lt\/catalog\/hydropeptide\/hydrostem\/","title":{"rendered":"Hydrostem"},"content":{"rendered":"<div class=\"given_product_description_long\">\n<p data-start=\"1953\" data-end=\"2277\"><strong data-start=\"1953\" data-end=\"1983\">Hydrostem nuo HydroPeptide<\/strong> &#8211; galingas antioksidacinis anti-age serumas, skirtas intensyviam odos atstatymui ir apsaugai nuo aplinkos poveikio. Formul\u0117 sujungia regeneruojan\u010dius peptid\u0173 kompleksus, augal\u0173 ekstraktus ir augalines kamienines l\u0105steles, padedan\u010dias palaikyti l\u0105steli\u0173 gyvybingum\u0105 ir stiprinti odos strukt\u016br\u0105.<\/p>\n<p data-start=\"2279\" data-end=\"2588\">Antioksidantais turtingos augalin\u0117s kamienin\u0117s l\u0105stel\u0117s padeda apsaugoti od\u0105 nuo aplinkos streso veiksni\u0173, \u012fskaitant UV spinduliuot\u0119 ir tar\u0161\u0105, kartu palaikydamos nat\u016bralius odos apsaugos mechanizmus. Aktyv\u016bs ingredientai padeda pagerinti odos tekst\u016br\u0105 ir ton\u0105, suteikdami jai sveikesn\u0119 ir skaistesn\u0119 i\u0161vaizd\u0105.<\/p>\n<p data-start=\"2590\" data-end=\"2715\">Serumas padeda palaikyti l\u0105steli\u0173 vientisum\u0105, stiprina antioksidacin\u0119 apsaug\u0105 ir skatina sveikesn\u0117s, gaivesn\u0117s odos i\u0161vaizd\u0105.<\/p>\n<p data-start=\"2717\" data-end=\"2750\"><strong data-start=\"2717\" data-end=\"2750\">Aktyvi\u0173 ingredient\u0173 veikimas:<\/strong><\/p>\n<p data-start=\"2752\" data-end=\"2912\">\u2022 <strong data-start=\"2754\" data-end=\"2779\">Perfection Peptide P7<\/strong>: peptid\u0173 kompleksas, palaikantis nat\u016bralius odos antioksidacinius fermentus ir padedantis apsaugoti l\u0105steles nuo laisv\u0173j\u0173 radikal\u0173<\/p>\n<p data-start=\"2914\" data-end=\"3036\">\u2022 <strong data-start=\"2916\" data-end=\"2941\">PhytoCellTec\u2122 Complex<\/strong>: augalini\u0173 kamienini\u0173 l\u0105steli\u0173 kompleksas, palaikantis l\u0105steli\u0173 atsinaujinim\u0105 ir gyvybingum\u0105<\/p>\n<p data-start=\"3038\" data-end=\"3166\">\u2022 <strong data-start=\"3040\" data-end=\"3055\">Phytosan\u2122 K<\/strong>: augalinis ingredientas su stipriomis antioksidacin\u0117mis savyb\u0117mis, padedantis apsaugoti od\u0105 nuo fotosen\u0117jimo<\/p>\n<p data-start=\"3168\" data-end=\"3269\">\u2022 <strong data-start=\"3170\" data-end=\"3190\">Plankton Extract<\/strong>: padeda stiprinti odos apsauginius mechanizmus ir palaiko odos atsinaujinim\u0105<\/p>\n<p data-start=\"3271\" data-end=\"3400\"><strong data-start=\"3271\" data-end=\"3294\">Kam tinka Hydrostem<\/strong>: odai su fotosen\u0117jimo po\u017eymiais, blankiu tonu, suma\u017e\u0117jusiu elastingumu ir pirmaisiais sen\u0117jimo po\u017eymiais.<\/p>\n<p data-start=\"3402\" data-end=\"3418\"><strong data-start=\"3402\" data-end=\"3418\">T\u016bris: 30 ml<\/strong><\/p>\n<\/div>\n","protected":false},"excerpt":{"rendered":"<div class=\"given_product_description_top\">\n<p data-start=\"3680\" data-end=\"3716\">Antioksidacinis atkuriamasis serumas<\/p>\n<h2 data-start=\"3718\" data-end=\"3754\"><strong data-start=\"3718\" data-end=\"3754\">HydroPeptide &#8211; Hydrostem Savyb\u0117s<\/strong><\/h2>\n<p data-start=\"3756\" data-end=\"3943\" data-is-last-node=\"\" data-is-only-node=\"\">\u2714\ufe0f Stiprina odos antioksidacin\u0119 apsaug\u0105<br data-start=\"3795\" data-end=\"3798\" \/>\u2714\ufe0f Skatina l\u0105steli\u0173 atsinaujinim\u0105<br data-start=\"3831\" data-end=\"3834\" \/>\u2714\ufe0f Gerina odos stangrum\u0105 ir tank\u012f<br data-start=\"3867\" data-end=\"3870\" \/>\u2714\ufe0f Lygina odos tekst\u016br\u0105 ir ton\u0105<br data-start=\"3901\" data-end=\"3904\" \/>\u2714\ufe0f Padeda i\u0161vengti fotosen\u0117jimo po\u017eymi\u0173<\/p>\n<\/div>\n","protected":false},"featured_media":61854,"template":"","meta":[],"pwb-brand":[1212],"product_brand":[],"product_cat":[738,746,752,740,750,724],"product_tag":[],"giftcard-category":[],"class_list":{"0":"post-49180","1":"product","2":"type-product","3":"status-publish","4":"has-post-thumbnail","6":"pwb-brand-hydropeptide","7":"product_cat-drekinimas","8":"product_cat-jautriai-odai","9":"product_cat-pigmentacija-lt","10":"product_cat-sausai-odai","11":"product_cat-senstanti-oda","12":"product_cat-serumai","14":"first","15":"instock","16":"taxable","17":"shipping-taxable","18":"purchasable","19":"product-type-simple"},"acf":[],"brands":[{"id":1212,"name":"HydroPeptide","slug":"hydropeptide"}],"_links":{"self":[{"href":"https:\/\/skinstudio.ee\/lt\/wp-json\/wp\/v2\/product\/49180","targetHints":{"allow":["GET"]}}],"collection":[{"href":"https:\/\/skinstudio.ee\/lt\/wp-json\/wp\/v2\/product"}],"about":[{"href":"https:\/\/skinstudio.ee\/lt\/wp-json\/wp\/v2\/types\/product"}],"version-history":[{"count":1,"href":"https:\/\/skinstudio.ee\/lt\/wp-json\/wp\/v2\/product\/49180\/revisions"}],"predecessor-version":[{"id":85944,"href":"https:\/\/skinstudio.ee\/lt\/wp-json\/wp\/v2\/product\/49180\/revisions\/85944"}],"wp:featuredmedia":[{"embeddable":true,"href":"https:\/\/skinstudio.ee\/lt\/wp-json\/wp\/v2\/media\/61854"}],"wp:attachment":[{"href":"https:\/\/skinstudio.ee\/lt\/wp-json\/wp\/v2\/media?parent=49180"}],"wp:term":[{"taxonomy":"pwb-brand","embeddable":true,"href":"https:\/\/skinstudio.ee\/lt\/wp-json\/wp\/v2\/pwb-brand?post=49180"},{"taxonomy":"product_brand","embeddable":true,"href":"https:\/\/skinstudio.ee\/lt\/wp-json\/wp\/v2\/product_brand?post=49180"},{"taxonomy":"product_cat","embeddable":true,"href":"https:\/\/skinstudio.ee\/lt\/wp-json\/wp\/v2\/product_cat?post=49180"},{"taxonomy":"product_tag","embeddable":true,"href":"https:\/\/skinstudio.ee\/lt\/wp-json\/wp\/v2\/product_tag?post=49180"},{"taxonomy":"giftcard-category","embeddable":true,"href":"https:\/\/skinstudio.ee\/lt\/wp-json\/wp\/v2\/giftcard-category?post=49180"}],"curies":[{"name":"wp","href":"https:\/\/api.w.org\/{rel}","templated":true}]}}