{"id":49189,"date":"2023-05-24T17:56:55","date_gmt":"2023-05-24T17:56:55","guid":{"rendered":"https:\/\/skinstudio.ee\/?post_type=product&#038;p=49189"},"modified":"2026-03-14T10:37:14","modified_gmt":"2026-03-14T10:37:14","slug":"lumapro-c","status":"publish","type":"product","link":"https:\/\/skinstudio.ee\/lt\/catalog\/hydropeptide\/lumapro-c\/","title":{"rendered":"Lumapro-C"},"content":{"rendered":"<div class=\"given_product_description_long\">\n<p data-start=\"1783\" data-end=\"2123\"><strong data-start=\"1783\" data-end=\"1813\">LumaPro-C nuo HydroPeptide<\/strong> &#8211; tikslinio poveikio \u0161viesinantis serumas, padedantis koreguoti pigmentacij\u0105 ir suvienodinti odos ton\u0105. Formul\u0117 sujungia \u0161viesinan\u010dius peptidus, stabilizuot\u0105 vitamino C form\u0105 ir antioksidantais turtingus augal\u0173 ekstraktus, padedan\u010dius suma\u017einti pigmentini\u0173 d\u0117mi\u0173 matomum\u0105 ir suteikti odai skaistesn\u0119 i\u0161vaizd\u0105.<\/p>\n<p data-start=\"2125\" data-end=\"2341\">Aktyv\u016bs ingredientai padeda reguliuoti melanino gamyb\u0105, stiprina antioksidacin\u0119 odos apsaug\u0105 ir gerina odos tekst\u016br\u0105. Serumas taip pat palaiko kolageno sintez\u0119, tod\u0117l oda atrodo lygesn\u0117, skaistesn\u0117 ir jaunatvi\u0161kesn\u0117.<\/p>\n<p data-start=\"2343\" data-end=\"2417\">Reguliariai naudojant oda tampa tolygesn\u0117, \u0161vytinti ir vizualiai gaivesn\u0117.<\/p>\n<p data-start=\"2419\" data-end=\"2452\"><strong data-start=\"2419\" data-end=\"2452\">Aktyvi\u0173 ingredient\u0173 veikimas:<\/strong><\/p>\n<p data-start=\"2454\" data-end=\"2588\">\u2022 <strong data-start=\"2456\" data-end=\"2473\">DermalRx\u00ae SRC<\/strong>: peptid\u0173 kompleksas, kuris \u0161velniai atnaujina od\u0105, padeda pagerinti tekst\u016br\u0105 ir suma\u017einti pigmentacijos matomum\u0105<\/p>\n<p data-start=\"2590\" data-end=\"2709\">\u2022 <strong data-start=\"2592\" data-end=\"2616\">Stabilized Vitamin C<\/strong>: stiprus antioksidantas, palaikantis kolageno sintez\u0119 ir padedantis suvienodinti odos ton\u0105<\/p>\n<p data-start=\"2711\" data-end=\"2854\">\u2022 <strong data-start=\"2713\" data-end=\"2728\">Resveratrol<\/strong>: augalin\u0117s kilm\u0117s antioksidantas, padedantis apsaugoti odos l\u0105steles nuo oksidacinio streso ir palaikyti odos atsinaujinim\u0105<\/p>\n<p data-start=\"2856\" data-end=\"2966\"><strong data-start=\"2856\" data-end=\"2879\">Kam tinka LumaPro-C<\/strong>: odai su pigmentacija, netolygiu tonu, fotosen\u0117jimo po\u017eymiais ir blankia veido spalva.<\/p>\n<p data-start=\"2968\" data-end=\"2984\"><strong data-start=\"2968\" data-end=\"2984\">T\u016bris: 30 ml<\/strong><\/p>\n<\/div>\n","protected":false},"excerpt":{"rendered":"<div class=\"given_product_description_top\">\n<p data-start=\"3315\" data-end=\"3362\">Pigmentacij\u0105 koreguojantis \u0161viesinantis serumas<\/p>\n<h2 data-start=\"3364\" data-end=\"3400\"><strong data-start=\"3364\" data-end=\"3400\">HydroPeptide &#8211; LumaPro-C Savyb\u0117s<\/strong><\/h2>\n<p data-start=\"3402\" data-end=\"3566\" data-is-last-node=\"\" data-is-only-node=\"\">\u2714\ufe0f Ma\u017eina pigmentini\u0173 d\u0117mi\u0173 matomum\u0105<br data-start=\"3438\" data-end=\"3441\" \/>\u2714\ufe0f Suvienodina odos ton\u0105<br data-start=\"3465\" data-end=\"3468\" \/>\u2714\ufe0f Suteikia odai skaistumo<br data-start=\"3494\" data-end=\"3497\" \/>\u2714\ufe0f Palaiko kolageno sintez\u0119<br data-start=\"3524\" data-end=\"3527\" \/>\u2714\ufe0f Stiprina odos antioksidacin\u0119 apsaug\u0105<\/p>\n<\/div>\n","protected":false},"featured_media":61829,"template":"","meta":[],"pwb-brand":[1212],"product_brand":[],"product_cat":[738,752,750,724,730],"product_tag":[],"giftcard-category":[],"class_list":{"0":"post-49189","1":"product","2":"type-product","3":"status-publish","4":"has-post-thumbnail","6":"pwb-brand-hydropeptide","7":"product_cat-drekinimas","8":"product_cat-pigmentacija-lt","9":"product_cat-senstanti-oda","10":"product_cat-serumai","11":"product_cat-vitaminas-c","13":"first","14":"instock","15":"taxable","16":"shipping-taxable","17":"purchasable","18":"product-type-simple"},"acf":[],"brands":[{"id":1212,"name":"HydroPeptide","slug":"hydropeptide"}],"_links":{"self":[{"href":"https:\/\/skinstudio.ee\/lt\/wp-json\/wp\/v2\/product\/49189","targetHints":{"allow":["GET"]}}],"collection":[{"href":"https:\/\/skinstudio.ee\/lt\/wp-json\/wp\/v2\/product"}],"about":[{"href":"https:\/\/skinstudio.ee\/lt\/wp-json\/wp\/v2\/types\/product"}],"version-history":[{"count":1,"href":"https:\/\/skinstudio.ee\/lt\/wp-json\/wp\/v2\/product\/49189\/revisions"}],"predecessor-version":[{"id":85955,"href":"https:\/\/skinstudio.ee\/lt\/wp-json\/wp\/v2\/product\/49189\/revisions\/85955"}],"wp:featuredmedia":[{"embeddable":true,"href":"https:\/\/skinstudio.ee\/lt\/wp-json\/wp\/v2\/media\/61829"}],"wp:attachment":[{"href":"https:\/\/skinstudio.ee\/lt\/wp-json\/wp\/v2\/media?parent=49189"}],"wp:term":[{"taxonomy":"pwb-brand","embeddable":true,"href":"https:\/\/skinstudio.ee\/lt\/wp-json\/wp\/v2\/pwb-brand?post=49189"},{"taxonomy":"product_brand","embeddable":true,"href":"https:\/\/skinstudio.ee\/lt\/wp-json\/wp\/v2\/product_brand?post=49189"},{"taxonomy":"product_cat","embeddable":true,"href":"https:\/\/skinstudio.ee\/lt\/wp-json\/wp\/v2\/product_cat?post=49189"},{"taxonomy":"product_tag","embeddable":true,"href":"https:\/\/skinstudio.ee\/lt\/wp-json\/wp\/v2\/product_tag?post=49189"},{"taxonomy":"giftcard-category","embeddable":true,"href":"https:\/\/skinstudio.ee\/lt\/wp-json\/wp\/v2\/giftcard-category?post=49189"}],"curies":[{"name":"wp","href":"https:\/\/api.w.org\/{rel}","templated":true}]}}