{"id":49198,"date":"2023-05-24T17:56:54","date_gmt":"2023-05-24T17:56:54","guid":{"rendered":"https:\/\/skinstudio.ee\/?post_type=product&#038;p=49198"},"modified":"2025-12-29T10:01:43","modified_gmt":"2025-12-29T10:01:43","slug":"triple-acid-peptide-peel","status":"publish","type":"product","link":"https:\/\/skinstudio.ee\/lt\/catalog\/hydropeptide\/triple-acid-peptide-peel\/","title":{"rendered":"Triple Acid Peptide Peel"},"content":{"rendered":"<div class=\"given_product_description_long\">\n<p data-start=\"2121\" data-end=\"2697\">Vis\u0173 sezon\u0173 nenuplaunamas pilingas su atjauninan\u010diu \u201ekarali\u0161kuoju\u201c peptidu sukurtas skatinti l\u0105steli\u0173 atsinaujinim\u0105 ir ma\u017einti pagrindinius sen\u0117jimo po\u017eymius.<br data-start=\"2299\" data-end=\"2302\" \/>Trij\u0173 r\u016bg\u0161\u010di\u0173 kompleksas, dumbli\u0173 ekstraktas ir eksfoliuojantis peptidas pa\u0161alina negyvas l\u0105steles, ma\u017eina rauk\u0161li\u0173 gyl\u012f ir juod\u0173j\u0173 ta\u0161keli\u0173 matomum\u0105.<br data-start=\"2452\" data-end=\"2455\" \/>Pilingas suteikia odai nat\u016bral\u0173 \u0161vyt\u0117jim\u0105, veiksmingai ma\u017eina esam\u0105 pigmentacij\u0105, pagerina l\u0105steli\u0173 kv\u0117pavim\u0105 ir med\u017eiag\u0173 apykait\u0105.<br data-start=\"2586\" data-end=\"2589\" \/>Stiprina odos apsaug\u0105 ir padeda efektyviai kovoti su m\u0117lynos \u0161viesos (HEV spinduliuot\u0117s) \u017ealingu poveikiu.<\/p>\n<p data-start=\"2699\" data-end=\"2717\"><strong data-start=\"2699\" data-end=\"2715\">T\u016bris: 30 ml<\/strong><\/p>\n<\/div>\n<div>\n<section id=\"product-details\" class=\"product-desc-tabs\">\n<div class=\"container\">\n<div class=\"row row-lg\">\n<div class=\"mobile_brands\"><\/div>\n<\/div>\n<\/div>\n<\/section>\n<section class=\"expert_tip_section inline\">\n<div class=\"container\">\n<div class=\"row row-lg\">\n<div class=\"tip_content_wrapper\">\n<div class=\"tip_image\"><\/div>\n<\/div>\n<\/div>\n<\/div>\n<\/section>\n<\/div>\n","protected":false},"excerpt":{"rendered":"<div class=\"given_product_description_top\">\n<p data-start=\"3814\" data-end=\"3890\">Nenuplaunamas pilingas visapusi\u0161kam odos atjauninimui ir l\u0105steli\u0173 apsaugai<\/p>\n<h2 data-start=\"3892\" data-end=\"4133\"><strong data-start=\"3892\" data-end=\"3943\">HYDROPEPTIDE &#8211; Triple Acid Peptide Peel savyb\u0117s<\/strong><\/h2>\n<p data-start=\"3892\" data-end=\"4133\">\u2714\ufe0f Pilingas su trimis r\u016bg\u0161timis ir peptidais<br data-start=\"3990\" data-end=\"3993\" \/>\u2714\ufe0f Atnaujina od\u0105 ir pagerina tekst\u016br\u0105<br data-start=\"4030\" data-end=\"4033\" \/>\u2714\ufe0f Ma\u017eina rauk\u0161les ir pigmentacij\u0105<br data-start=\"4067\" data-end=\"4070\" \/>\u2714\ufe0f Sud\u0117tyje yra AHA, BHA ir peptid\u0173<br data-start=\"4105\" data-end=\"4108\" \/>\u2714\ufe0f Tinka vis\u0173 tip\u0173 odai<\/p>\n<\/div>\n","protected":false},"featured_media":61844,"template":"","meta":[],"pwb-brand":[1212],"product_brand":[],"product_cat":[742,744,752,740,750,720,748],"product_tag":[],"giftcard-category":[],"class_list":{"0":"post-49198","1":"product","2":"type-product","3":"status-publish","4":"has-post-thumbnail","6":"pwb-brand-hydropeptide","7":"product_cat-berimai","8":"product_cat-issipletusios-poros","9":"product_cat-pigmentacija-lt","10":"product_cat-sausai-odai","11":"product_cat-senstanti-oda","12":"product_cat-sveitikliai-ir-pilingai","13":"product_cat-taukainai-adai-lt","15":"first","16":"instock","17":"taxable","18":"shipping-taxable","19":"purchasable","20":"product-type-simple"},"acf":[],"brands":[{"id":1212,"name":"HydroPeptide","slug":"hydropeptide"}],"_links":{"self":[{"href":"https:\/\/skinstudio.ee\/lt\/wp-json\/wp\/v2\/product\/49198","targetHints":{"allow":["GET"]}}],"collection":[{"href":"https:\/\/skinstudio.ee\/lt\/wp-json\/wp\/v2\/product"}],"about":[{"href":"https:\/\/skinstudio.ee\/lt\/wp-json\/wp\/v2\/types\/product"}],"version-history":[{"count":0,"href":"https:\/\/skinstudio.ee\/lt\/wp-json\/wp\/v2\/product\/49198\/revisions"}],"wp:featuredmedia":[{"embeddable":true,"href":"https:\/\/skinstudio.ee\/lt\/wp-json\/wp\/v2\/media\/61844"}],"wp:attachment":[{"href":"https:\/\/skinstudio.ee\/lt\/wp-json\/wp\/v2\/media?parent=49198"}],"wp:term":[{"taxonomy":"pwb-brand","embeddable":true,"href":"https:\/\/skinstudio.ee\/lt\/wp-json\/wp\/v2\/pwb-brand?post=49198"},{"taxonomy":"product_brand","embeddable":true,"href":"https:\/\/skinstudio.ee\/lt\/wp-json\/wp\/v2\/product_brand?post=49198"},{"taxonomy":"product_cat","embeddable":true,"href":"https:\/\/skinstudio.ee\/lt\/wp-json\/wp\/v2\/product_cat?post=49198"},{"taxonomy":"product_tag","embeddable":true,"href":"https:\/\/skinstudio.ee\/lt\/wp-json\/wp\/v2\/product_tag?post=49198"},{"taxonomy":"giftcard-category","embeddable":true,"href":"https:\/\/skinstudio.ee\/lt\/wp-json\/wp\/v2\/giftcard-category?post=49198"}],"curies":[{"name":"wp","href":"https:\/\/api.w.org\/{rel}","templated":true}]}}