{"id":49209,"date":"2023-05-24T17:56:55","date_gmt":"2023-05-24T17:56:55","guid":{"rendered":"https:\/\/skinstudio.ee\/?post_type=product&#038;p=49209"},"modified":"2026-03-14T10:45:16","modified_gmt":"2026-03-14T10:45:16","slug":"eye-authority","status":"publish","type":"product","link":"https:\/\/skinstudio.ee\/lt\/catalog\/hydropeptide\/eye-authority\/","title":{"rendered":"Eye Authority"},"content":{"rendered":"<p data-start=\"1759\" data-end=\"2097\"><strong data-start=\"1759\" data-end=\"1793\">Eye Authority nuo HydroPeptide<\/strong> &#8211; intensyviai dr\u0117kinantis paaki\u0173 kremas, skirtas ma\u017einti paburkim\u0105, tamsius ratilus ir matomus sen\u0117jimo po\u017eymius aplink akis. Formul\u0117 sujungia paburkim\u0105 ma\u017einan\u010dius ir kolageno sintez\u0119 palaikan\u010dius peptidus, bioflavonoidus, vitaminus ir augal\u0173 ekstraktus, padedan\u010dius stiprinti ir atgaivinti paaki\u0173 od\u0105.<\/p>\n<p data-start=\"2099\" data-end=\"2296\">Aktyv\u016bs ingredientai padeda gerinti mikrocirkuliacij\u0105, ma\u017einti tamsi\u0173 ratil\u0173 matomum\u0105 ir didinti odos stangrum\u0105. Kremas intensyviai dr\u0117kina ir padeda i\u0161lyginti smulki\u0173 linij\u0173 bei rauk\u0161li\u0173 i\u0161vaizd\u0105.<\/p>\n<p data-start=\"2298\" data-end=\"2399\">Lengva tekst\u016bra greitai susigeria, nepalieka sunkumo poj\u016b\u010dio ir puikiai tinka kaip makia\u017eo pagrindas.<\/p>\n<p data-start=\"2401\" data-end=\"2434\"><strong data-start=\"2401\" data-end=\"2434\">Aktyvi\u0173 ingredient\u0173 veikimas:<\/strong><\/p>\n<p data-start=\"2436\" data-end=\"2576\">\u2022 <strong data-start=\"2438\" data-end=\"2466\">Haloxyl\u2122 Peptide Complex<\/strong>: peptid\u0173 kompleksas, padedantis suma\u017einti tamsi\u0173 ratil\u0173 matomum\u0105 ir pagerinti odos stangrum\u0105 paaki\u0173 srityje<\/p>\n<p data-start=\"2578\" data-end=\"2664\">\u2022 <strong data-start=\"2580\" data-end=\"2600\">Plankton Extract<\/strong>: \u0161viesinantis ingredientas, padedantis suvienodinti odos ton\u0105<\/p>\n<p data-start=\"2666\" data-end=\"2777\">\u2022 <strong data-start=\"2668\" data-end=\"2691\">Pearl Powder + Mica<\/strong>: \u0161vies\u0105 atspindin\u010dios dalel\u0117s, kurios akimirksniu suteikia paaki\u0173 sri\u010diai skaistumo<\/p>\n<p data-start=\"2779\" data-end=\"2921\">\u2022 <strong data-start=\"2781\" data-end=\"2817\">Beautifeye\u2122 Complex (Darutoside)<\/strong>: drenavimo funkcij\u0105 palaikantis aktyvas, padedantis ma\u017einti paburkim\u0105 ir stiprinti kapiliar\u0173 sieneles<\/p>\n<p data-start=\"2923\" data-end=\"3031\"><strong data-start=\"2923\" data-end=\"2950\">Kam tinka Eye Authority<\/strong>: paaki\u0173 odai su nuovargio po\u017eymiais, tamsiais ratilais, paburkimu ir rauk\u0161l\u0117mis.<\/p>\n<p data-start=\"3033\" data-end=\"3049\"><strong data-start=\"3033\" data-end=\"3049\">T\u016bris: 15 ml<\/strong><\/p>\n","protected":false},"excerpt":{"rendered":"<div class=\"given_product_description_top\">\n<p data-start=\"3290\" data-end=\"3345\">Dr\u0117kinantis paaki\u0173 kremas nuo rauk\u0161li\u0173 ir tamsi\u0173 ratil\u0173<\/p>\n<h2 data-start=\"3347\" data-end=\"3387\"><strong data-start=\"3347\" data-end=\"3387\">HydroPeptide &#8211; Eye Authority Savyb\u0117s<\/strong><\/h2>\n<p data-start=\"3389\" data-end=\"3591\" data-is-last-node=\"\" data-is-only-node=\"\">\u2714\ufe0f Intensyviai dr\u0117kina ir stiprina paaki\u0173 od\u0105<br data-start=\"3434\" data-end=\"3437\" \/>\u2714\ufe0f Ma\u017eina paburkim\u0105 ir nuovargio po\u017eymius<br data-start=\"3478\" data-end=\"3481\" \/>\u2714\ufe0f \u0160viesina tamsius ratilus<br data-start=\"3508\" data-end=\"3511\" \/>\u2714\ufe0f Lygina smulkias linijas ir rauk\u0161les<br data-start=\"3549\" data-end=\"3552\" \/>\u2714\ufe0f Gerina odos stangrum\u0105 ir elastingum\u0105<\/p>\n<\/div>\n","protected":false},"featured_media":61784,"template":"","meta":[],"pwb-brand":[1212],"product_brand":[],"product_cat":[738,734,750],"product_tag":[],"giftcard-category":[],"class_list":{"0":"post-49209","1":"product","2":"type-product","3":"status-publish","4":"has-post-thumbnail","6":"pwb-brand-hydropeptide","7":"product_cat-drekinimas","8":"product_cat-oda-aplink-akis","9":"product_cat-senstanti-oda","11":"first","12":"instock","13":"taxable","14":"shipping-taxable","15":"purchasable","16":"product-type-simple"},"acf":[],"brands":[{"id":1212,"name":"HydroPeptide","slug":"hydropeptide"}],"_links":{"self":[{"href":"https:\/\/skinstudio.ee\/lt\/wp-json\/wp\/v2\/product\/49209","targetHints":{"allow":["GET"]}}],"collection":[{"href":"https:\/\/skinstudio.ee\/lt\/wp-json\/wp\/v2\/product"}],"about":[{"href":"https:\/\/skinstudio.ee\/lt\/wp-json\/wp\/v2\/types\/product"}],"version-history":[{"count":1,"href":"https:\/\/skinstudio.ee\/lt\/wp-json\/wp\/v2\/product\/49209\/revisions"}],"predecessor-version":[{"id":85972,"href":"https:\/\/skinstudio.ee\/lt\/wp-json\/wp\/v2\/product\/49209\/revisions\/85972"}],"wp:featuredmedia":[{"embeddable":true,"href":"https:\/\/skinstudio.ee\/lt\/wp-json\/wp\/v2\/media\/61784"}],"wp:attachment":[{"href":"https:\/\/skinstudio.ee\/lt\/wp-json\/wp\/v2\/media?parent=49209"}],"wp:term":[{"taxonomy":"pwb-brand","embeddable":true,"href":"https:\/\/skinstudio.ee\/lt\/wp-json\/wp\/v2\/pwb-brand?post=49209"},{"taxonomy":"product_brand","embeddable":true,"href":"https:\/\/skinstudio.ee\/lt\/wp-json\/wp\/v2\/product_brand?post=49209"},{"taxonomy":"product_cat","embeddable":true,"href":"https:\/\/skinstudio.ee\/lt\/wp-json\/wp\/v2\/product_cat?post=49209"},{"taxonomy":"product_tag","embeddable":true,"href":"https:\/\/skinstudio.ee\/lt\/wp-json\/wp\/v2\/product_tag?post=49209"},{"taxonomy":"giftcard-category","embeddable":true,"href":"https:\/\/skinstudio.ee\/lt\/wp-json\/wp\/v2\/giftcard-category?post=49209"}],"curies":[{"name":"wp","href":"https:\/\/api.w.org\/{rel}","templated":true}]}}