{"id":49221,"date":"2023-05-24T17:56:55","date_gmt":"2023-05-24T17:56:55","guid":{"rendered":"https:\/\/skinstudio.ee\/?post_type=product&#038;p=49221"},"modified":"2026-03-16T11:58:19","modified_gmt":"2026-03-16T11:58:19","slug":"vital-eyes","status":"publish","type":"product","link":"https:\/\/skinstudio.ee\/lt\/catalog\/hydropeptide\/vital-eyes\/","title":{"rendered":"Vital Eyes"},"content":{"rendered":"<p data-start=\"1913\" data-end=\"2236\"><strong data-start=\"1913\" data-end=\"1944\">Vital Eyes nuo HydroPeptide<\/strong> &#8211; tikslinio poveikio serumas paaki\u0173 sri\u010diai, padedantis suma\u017einti tamsi\u0173 ratil\u0173, paburkimo ir mimikos rauk\u0161li\u0173 matomum\u0105. Formul\u0117 sujungia pa\u017eangius peptidus, antioksidantus ir augalinius aktyvius ingredientus, padedan\u010dius atgaivinti pavargus\u012f \u017evilgsn\u012f ir pagerinti odos aplink akis i\u0161vaizd\u0105.<\/p>\n<p data-start=\"2238\" data-end=\"2464\">Aktyv\u016bs ingredientai padeda i\u0161lyginti \u201e\u017e\u0105sies p\u0117deles\u201c, gerina mikrocirkuliacij\u0105 ir ma\u017eina po akimis susidariusios pigmentacijos matomum\u0105. Serumas taip pat padeda gerinti odos dr\u0117gm\u0117s lyg\u012f ir suvienodinti paaki\u0173 odos tekst\u016br\u0105.<\/p>\n<p data-start=\"2466\" data-end=\"2625\">V\u0117sinantis rutulinis aplikatorius sustiprina drena\u017eo efekt\u0105, padeda ma\u017einti nuovargio po\u017eymius ir suteikia \u017evilgsniui gaivesn\u0119 bei labiau pails\u0117jusi\u0105 i\u0161vaizd\u0105.<\/p>\n<p data-start=\"2627\" data-end=\"2660\"><strong data-start=\"2627\" data-end=\"2660\">Aktyvi\u0173 ingredient\u0173 veikimas:<\/strong><\/p>\n<p data-start=\"2662\" data-end=\"2820\">\u2022 <strong data-start=\"2664\" data-end=\"2677\">Bakuchiol<\/strong>: augalin\u0117s kilm\u0117s retinolio alternatyva, \u0161velniai skatinanti l\u0105steli\u0173 atsinaujinim\u0105, kolageno sintez\u0119 ir padedanti ma\u017einti rauk\u0161li\u0173 matomum\u0105<\/p>\n<p data-start=\"2822\" data-end=\"2906\">\u2022 <strong data-start=\"2824\" data-end=\"2838\">Argirelox\u2122<\/strong>: peptid\u0173 kompleksas, padedantis ma\u017einti mimikos rauk\u0161li\u0173 matomum\u0105<\/p>\n<p data-start=\"2908\" data-end=\"3017\">\u2022 <strong data-start=\"2910\" data-end=\"2922\">Caffeine<\/strong>: drena\u017e\u0105 palaikantis ingredientas, padedantis ma\u017einti paburkim\u0105 ir gerinti mikrocirkuliacij\u0105<\/p>\n<p data-start=\"3019\" data-end=\"3129\">\u2022 <strong data-start=\"3021\" data-end=\"3034\">Majestem\u2122<\/strong>: augalinis aktyvas, padedantis gerinti odos stangrum\u0105 ir suteikiantis matom\u0105 liftingo efekt\u0105<\/p>\n<p data-start=\"3131\" data-end=\"3244\"><strong data-start=\"3131\" data-end=\"3155\">Kam tinka Vital Eyes<\/strong>: paaki\u0173 odai su tamsiais ratilais, paburkimu, mimikos rauk\u0161l\u0117mis ir nuovargio po\u017eymiais.<\/p>\n<p data-start=\"3246\" data-end=\"3262\"><strong data-start=\"3246\" data-end=\"3262\">T\u016bris: 10 ml<\/strong><\/p>\n","protected":false},"excerpt":{"rendered":"<div class=\"given_product_description_top\">\n<p data-start=\"3650\" data-end=\"3684\">Gaivinantis serumas paaki\u0173 sri\u010diai<\/p>\n<h2 data-start=\"3686\" data-end=\"3723\"><strong data-start=\"3686\" data-end=\"3723\">HydroPeptide &#8211; Vital Eyes Savyb\u0117s<\/strong><\/h2>\n<p data-start=\"3725\" data-end=\"3909\">\u2714\ufe0f Ma\u017eina tamsi\u0173 ratil\u0173 matomum\u0105<br data-start=\"3757\" data-end=\"3760\" \/>\u2714\ufe0f Padeda suma\u017einti paburkim\u0105<br data-start=\"3789\" data-end=\"3792\" \/>\u2714\ufe0f Lygina mimikos rauk\u0161les<br data-start=\"3818\" data-end=\"3821\" \/>\u2714\ufe0f Gerina odos stangrum\u0105 ir elastingum\u0105<br data-start=\"3860\" data-end=\"3863\" \/>\u2714\ufe0f Suteikia paaki\u0173 sri\u010diai daugiau skaistumo<\/p>\n<\/div>\n","protected":false},"featured_media":61794,"template":"","meta":[],"pwb-brand":[1212],"product_brand":[],"product_cat":[734],"product_tag":[],"giftcard-category":[],"class_list":{"0":"post-49221","1":"product","2":"type-product","3":"status-publish","4":"has-post-thumbnail","6":"pwb-brand-hydropeptide","7":"product_cat-oda-aplink-akis","9":"first","10":"instock","11":"taxable","12":"shipping-taxable","13":"purchasable","14":"product-type-simple"},"acf":[],"brands":[{"id":1212,"name":"HydroPeptide","slug":"hydropeptide"}],"_links":{"self":[{"href":"https:\/\/skinstudio.ee\/lt\/wp-json\/wp\/v2\/product\/49221","targetHints":{"allow":["GET"]}}],"collection":[{"href":"https:\/\/skinstudio.ee\/lt\/wp-json\/wp\/v2\/product"}],"about":[{"href":"https:\/\/skinstudio.ee\/lt\/wp-json\/wp\/v2\/types\/product"}],"version-history":[{"count":1,"href":"https:\/\/skinstudio.ee\/lt\/wp-json\/wp\/v2\/product\/49221\/revisions"}],"predecessor-version":[{"id":86052,"href":"https:\/\/skinstudio.ee\/lt\/wp-json\/wp\/v2\/product\/49221\/revisions\/86052"}],"wp:featuredmedia":[{"embeddable":true,"href":"https:\/\/skinstudio.ee\/lt\/wp-json\/wp\/v2\/media\/61794"}],"wp:attachment":[{"href":"https:\/\/skinstudio.ee\/lt\/wp-json\/wp\/v2\/media?parent=49221"}],"wp:term":[{"taxonomy":"pwb-brand","embeddable":true,"href":"https:\/\/skinstudio.ee\/lt\/wp-json\/wp\/v2\/pwb-brand?post=49221"},{"taxonomy":"product_brand","embeddable":true,"href":"https:\/\/skinstudio.ee\/lt\/wp-json\/wp\/v2\/product_brand?post=49221"},{"taxonomy":"product_cat","embeddable":true,"href":"https:\/\/skinstudio.ee\/lt\/wp-json\/wp\/v2\/product_cat?post=49221"},{"taxonomy":"product_tag","embeddable":true,"href":"https:\/\/skinstudio.ee\/lt\/wp-json\/wp\/v2\/product_tag?post=49221"},{"taxonomy":"giftcard-category","embeddable":true,"href":"https:\/\/skinstudio.ee\/lt\/wp-json\/wp\/v2\/giftcard-category?post=49221"}],"curies":[{"name":"wp","href":"https:\/\/api.w.org\/{rel}","templated":true}]}}