{"id":49234,"date":"2023-05-24T17:56:55","date_gmt":"2023-05-24T17:56:55","guid":{"rendered":"https:\/\/skinstudio.ee\/?post_type=product&#038;p=49234"},"modified":"2026-03-14T17:44:06","modified_gmt":"2026-03-14T17:44:06","slug":"polypeptide-collagel-eye","status":"publish","type":"product","link":"https:\/\/skinstudio.ee\/lt\/catalog\/hydropeptide\/polypeptide-collagel-eye\/","title":{"rendered":"Polypeptide Collagel+ Eye"},"content":{"rendered":"<p data-start=\"2067\" data-end=\"2270\"><strong data-start=\"2067\" data-end=\"2113\">Polypeptide Collagel+ Eye nuo HydroPeptide<\/strong> &#8211; hidrogeliniai paaki\u0173 pleistrai, skirti intensyviai atkurti jautri\u0105 paaki\u0173 od\u0105. Jie padeda suma\u017einti rauk\u0161li\u0173, tamsi\u0173 ratil\u0173 ir nuovargio po\u017eymi\u0173 matomum\u0105.<\/p>\n<p data-start=\"2272\" data-end=\"2410\">Inovatyvi hidrogelio technologija leid\u017eia pleistrams glaud\u017eiai priglusti prie odos ir padeda aktyviesiems ingredientams veikti efektyviau.<\/p>\n<p data-start=\"2412\" data-end=\"2678\">Formul\u0117 sujungia kolageno sintez\u0119 palaikan\u010dius peptidus ir dr\u0117kinan\u010dius aktyvius ingredientus, kurie padeda intensyviai atkurti odos dr\u0117gm\u0117s balans\u0105 ir pagerinti jos stangrum\u0105 bei elastingum\u0105. Jau po pirmo naudojimo paaki\u0173 oda atrodo lygesn\u0117, skaistesn\u0117 ir gaivesn\u0117.<\/p>\n<p data-start=\"2680\" data-end=\"2919\">V\u0117sinanti hidrogelio tekst\u016bra padeda suma\u017einti paburkimo ir nuovargio po\u017eymius, tuo pa\u010diu suteikdama momentin\u012f dr\u0117kinim\u0105 ir ilgalaik\u012f komforto poj\u016bt\u012f. Reguliariai naudojant paaki\u0173 oda tampa stangresn\u0117, \u0161vytinti ir vizualiai jaunatvi\u0161kesn\u0117.<\/p>\n<p data-start=\"2921\" data-end=\"2954\"><strong data-start=\"2921\" data-end=\"2954\">Aktyvi\u0173 ingredient\u0173 veikimas:<\/strong><\/p>\n<p data-start=\"2956\" data-end=\"3078\">\u2022 <strong data-start=\"2958\" data-end=\"2981\">Hydrogel Technology<\/strong>: u\u017etikrina intensyv\u0173 dr\u0117kinim\u0105, v\u0117sinant\u012f efekt\u0105 ir pagerina aktyvi\u0173j\u0173 ingredient\u0173 \u012fsisavinim\u0105<\/p>\n<p data-start=\"3080\" data-end=\"3194\">\u2022 <strong data-start=\"3082\" data-end=\"3105\">Hydrolyzed Collagen<\/strong>: palaiko nat\u016brali\u0105 kolageno sintez\u0119 ir padeda pagerinti odos stangrum\u0105 bei elastingum\u0105<\/p>\n<p data-start=\"3196\" data-end=\"3353\">\u2022 <strong data-start=\"3198\" data-end=\"3224\">Growth Factor Peptides<\/strong>: biomimetini\u0173 peptid\u0173 kompleksas, imituojantis odos augimo faktorius ir skatinantis l\u0105steli\u0173 atsinaujinim\u0105 bei kolageno gamyb\u0105<\/p>\n<p data-start=\"3355\" data-end=\"3484\"><strong data-start=\"3355\" data-end=\"3394\">Kam tinka Polypeptide Collagel+ Eye<\/strong>: paaki\u0173 odai su rauk\u0161l\u0117mis, tamsiais ratilais, paburkimu, sausumu ir nuovargio po\u017eymiais.<\/p>\n<p data-start=\"3486\" data-end=\"3510\"><strong data-start=\"3486\" data-end=\"3510\">T\u016bris: 1 vnt \/ 8 vnt<\/strong><\/p>\n","protected":false},"excerpt":{"rendered":"<div class=\"given_product_description_top\">\n<p data-start=\"3842\" data-end=\"3895\">Hidrogeliniai paaki\u0173 pleistrai momentiniam \u0161vyt\u0117jimui<\/p>\n<h2 data-start=\"3897\" data-end=\"3949\"><strong data-start=\"3897\" data-end=\"3949\">HydroPeptide &#8211; Polypeptide Collagel+ Eye Savyb\u0117s<\/strong><\/h2>\n<p data-start=\"3951\" data-end=\"4185\" data-is-last-node=\"\" data-is-only-node=\"\">\u2714\ufe0f Akimirksniu gaivina ir v\u0117sina paaki\u0173 zon\u0105<br data-start=\"3995\" data-end=\"3998\" \/>\u2714\ufe0f Padeda suma\u017einti tamsi\u0173 ratil\u0173 matomum\u0105<br data-start=\"4040\" data-end=\"4043\" \/>\u2714\ufe0f Intensyviai dr\u0117kina ir gerina odos stangrum\u0105<br data-start=\"4090\" data-end=\"4093\" \/>\u2714\ufe0f Lygina smulkias linijas ir rauk\u0161les<br data-start=\"4131\" data-end=\"4134\" \/>\u2714\ufe0f Suteikia \u017evilgsniui daugiau skaistumo ir gaivumo<\/p>\n<\/div>\n","protected":false},"featured_media":61814,"template":"","meta":[],"pwb-brand":[1212],"product_brand":[],"product_cat":[738,746,726,734,740,750,748],"product_tag":[],"giftcard-category":[],"class_list":{"0":"post-49234","1":"product","2":"type-product","3":"status-publish","4":"has-post-thumbnail","6":"pwb-brand-hydropeptide","7":"product_cat-drekinimas","8":"product_cat-jautriai-odai","9":"product_cat-maskas-lt","10":"product_cat-oda-aplink-akis","11":"product_cat-sausai-odai","12":"product_cat-senstanti-oda","13":"product_cat-taukainai-adai-lt","14":"pa_suurus-1-pack-lt","15":"pa_suurus-1-pc-lt","17":"first","18":"instock","19":"taxable","20":"shipping-taxable","21":"purchasable","22":"product-type-variable"},"acf":[],"brands":[{"id":1212,"name":"HydroPeptide","slug":"hydropeptide"}],"_links":{"self":[{"href":"https:\/\/skinstudio.ee\/lt\/wp-json\/wp\/v2\/product\/49234","targetHints":{"allow":["GET"]}}],"collection":[{"href":"https:\/\/skinstudio.ee\/lt\/wp-json\/wp\/v2\/product"}],"about":[{"href":"https:\/\/skinstudio.ee\/lt\/wp-json\/wp\/v2\/types\/product"}],"version-history":[{"count":1,"href":"https:\/\/skinstudio.ee\/lt\/wp-json\/wp\/v2\/product\/49234\/revisions"}],"predecessor-version":[{"id":85981,"href":"https:\/\/skinstudio.ee\/lt\/wp-json\/wp\/v2\/product\/49234\/revisions\/85981"}],"wp:featuredmedia":[{"embeddable":true,"href":"https:\/\/skinstudio.ee\/lt\/wp-json\/wp\/v2\/media\/61814"}],"wp:attachment":[{"href":"https:\/\/skinstudio.ee\/lt\/wp-json\/wp\/v2\/media?parent=49234"}],"wp:term":[{"taxonomy":"pwb-brand","embeddable":true,"href":"https:\/\/skinstudio.ee\/lt\/wp-json\/wp\/v2\/pwb-brand?post=49234"},{"taxonomy":"product_brand","embeddable":true,"href":"https:\/\/skinstudio.ee\/lt\/wp-json\/wp\/v2\/product_brand?post=49234"},{"taxonomy":"product_cat","embeddable":true,"href":"https:\/\/skinstudio.ee\/lt\/wp-json\/wp\/v2\/product_cat?post=49234"},{"taxonomy":"product_tag","embeddable":true,"href":"https:\/\/skinstudio.ee\/lt\/wp-json\/wp\/v2\/product_tag?post=49234"},{"taxonomy":"giftcard-category","embeddable":true,"href":"https:\/\/skinstudio.ee\/lt\/wp-json\/wp\/v2\/giftcard-category?post=49234"}],"curies":[{"name":"wp","href":"https:\/\/api.w.org\/{rel}","templated":true}]}}