{"id":49259,"date":"2023-05-24T17:56:55","date_gmt":"2023-05-24T17:56:55","guid":{"rendered":"https:\/\/skinstudio.ee\/?post_type=product&#038;p=49259"},"modified":"2026-03-16T12:01:23","modified_gmt":"2026-03-16T12:01:23","slug":"liplock-hydrator","status":"publish","type":"product","link":"https:\/\/skinstudio.ee\/lt\/catalog\/hydropeptide\/liplock-hydrator\/","title":{"rendered":"Liplock Hydrator"},"content":{"rendered":"<div class=\"given_product_description_long\">\n<p data-start=\"1565\" data-end=\"1887\"><strong data-start=\"1565\" data-end=\"1602\">LipLock Hydrator nuo HydroPeptide<\/strong> &#8211; intensyvi nenuplaunama l\u016bp\u0173 kauk\u0117-balzamas, skirta giliai atkurti, maitinti ir ilgai dr\u0117kinti l\u016bpas. Formul\u0117 su <strong data-start=\"1717\" data-end=\"1745\">Volulip\u2122 Peptide Complex<\/strong> ir prabangi\u0173 augalini\u0173 aliej\u0173 deriniu padeda pagerinti l\u016bp\u0173 tekst\u016br\u0105, palaiko kolageno sintez\u0119 ir atkuria nat\u016bral\u0173 l\u016bp\u0173 mink\u0161tum\u0105 bei apimt\u012f.<\/p>\n<p data-start=\"1889\" data-end=\"2103\">Aktyv\u016bs ingredientai padeda stiprinti lipidin\u012f barjer\u0105, ma\u017eina dr\u0117gm\u0117s praradim\u0105 ir suteikia ilgalaik\u012f komforto poj\u016bt\u012f. Kauk\u0117 intensyviai maitina l\u016bpas, tod\u0117l jos tampa lygesn\u0117s, mink\u0161tesn\u0117s ir vizualiai pilnesn\u0117s.<\/p>\n<p data-start=\"2105\" data-end=\"2196\">Reguliariai naudojant l\u016bpos atrodo sveikesn\u0117s, geriau sudr\u0117kintos ir pastebimai glotnesn\u0117s.<\/p>\n<p data-start=\"2198\" data-end=\"2231\"><strong data-start=\"2198\" data-end=\"2231\">Aktyvi\u0173 ingredient\u0173 veikimas:<\/strong><\/p>\n<p data-start=\"2233\" data-end=\"2368\">\u2022 <strong data-start=\"2235\" data-end=\"2263\">Volulip\u2122 Peptide Complex<\/strong>: peptid\u0173 kompleksas, padedantis padidinti l\u016bp\u0173 apimt\u012f, mink\u0161tum\u0105 ir dr\u0117gm\u0119, palaikant kolageno sintez\u0119<\/p>\n<p data-start=\"2370\" data-end=\"2497\">\u2022 <strong data-start=\"2372\" data-end=\"2396\">Avocado &amp; Jojoba Oil<\/strong>: maitinantys augaliniai aliejai, kurie mink\u0161tina l\u016bpas ir padeda palaikyti nat\u016bral\u0173 lipid\u0173 balans\u0105<\/p>\n<p data-start=\"2499\" data-end=\"2584\">\u2022 <strong data-start=\"2501\" data-end=\"2524\">Meadowfoam Seed Oil<\/strong>: padeda i\u0161laikyti dr\u0117gm\u0119 ir u\u017etikrina ilgalaik\u012f dr\u0117kinim\u0105<\/p>\n<p data-start=\"2586\" data-end=\"2727\"><strong data-start=\"2586\" data-end=\"2616\">Kam tinka LipLock Hydrator<\/strong>: sausoms ir dehidratuotoms l\u016bpoms, linkusioms \u012f \u0161erpetojim\u0105, apimties suma\u017e\u0117jim\u0105 ir smulki\u0173 linij\u0173 atsiradim\u0105.<\/p>\n<p data-start=\"2729\" data-end=\"2744\"><strong data-start=\"2729\" data-end=\"2744\">T\u016bris: 7 ml<\/strong><\/p>\n<\/div>\n","protected":false},"excerpt":{"rendered":"<div class=\"given_product_description_top\">\n<p data-start=\"2873\" data-end=\"2906\">Intensyviai atkurianti l\u016bp\u0173 kauk\u0117<\/p>\n<h2 data-start=\"2908\" data-end=\"2951\"><strong data-start=\"2908\" data-end=\"2951\">HydroPeptide &#8211; LipLock Hydrator Savyb\u0117s<\/strong><\/h2>\n<p data-start=\"2953\" data-end=\"3154\" data-is-last-node=\"\" data-is-only-node=\"\">\u2714\ufe0f Intensyviai dr\u0117kina ir mink\u0161tina l\u016bpas<br data-start=\"2994\" data-end=\"2997\" \/>\u2714\ufe0f Padeda suma\u017einti smulki\u0173 linij\u0173 matomum\u0105<br data-start=\"3040\" data-end=\"3043\" \/>\u2714\ufe0f Palaiko nat\u016brali\u0105 l\u016bp\u0173 apimt\u012f<br data-start=\"3075\" data-end=\"3078\" \/>\u2714\ufe0f Atkuria lipidin\u012f apsaugin\u012f barjer\u0105<br data-start=\"3115\" data-end=\"3118\" \/>\u2714\ufe0f Saugo l\u016bpas nuo dr\u0117gm\u0117s praradimo<\/p>\n<\/div>\n","protected":false},"featured_media":61819,"template":"","meta":[],"pwb-brand":[1212],"product_brand":[],"product_cat":[738,760,726],"product_tag":[],"giftcard-category":[],"class_list":{"0":"post-49259","1":"product","2":"type-product","3":"status-publish","4":"has-post-thumbnail","6":"pwb-brand-hydropeptide","7":"product_cat-drekinimas","8":"product_cat-lupu-prieziura","9":"product_cat-maskas-lt","11":"first","12":"instock","13":"taxable","14":"shipping-taxable","15":"purchasable","16":"product-type-simple"},"acf":[],"brands":[{"id":1212,"name":"HydroPeptide","slug":"hydropeptide"}],"_links":{"self":[{"href":"https:\/\/skinstudio.ee\/lt\/wp-json\/wp\/v2\/product\/49259","targetHints":{"allow":["GET"]}}],"collection":[{"href":"https:\/\/skinstudio.ee\/lt\/wp-json\/wp\/v2\/product"}],"about":[{"href":"https:\/\/skinstudio.ee\/lt\/wp-json\/wp\/v2\/types\/product"}],"version-history":[{"count":1,"href":"https:\/\/skinstudio.ee\/lt\/wp-json\/wp\/v2\/product\/49259\/revisions"}],"predecessor-version":[{"id":86057,"href":"https:\/\/skinstudio.ee\/lt\/wp-json\/wp\/v2\/product\/49259\/revisions\/86057"}],"wp:featuredmedia":[{"embeddable":true,"href":"https:\/\/skinstudio.ee\/lt\/wp-json\/wp\/v2\/media\/61819"}],"wp:attachment":[{"href":"https:\/\/skinstudio.ee\/lt\/wp-json\/wp\/v2\/media?parent=49259"}],"wp:term":[{"taxonomy":"pwb-brand","embeddable":true,"href":"https:\/\/skinstudio.ee\/lt\/wp-json\/wp\/v2\/pwb-brand?post=49259"},{"taxonomy":"product_brand","embeddable":true,"href":"https:\/\/skinstudio.ee\/lt\/wp-json\/wp\/v2\/product_brand?post=49259"},{"taxonomy":"product_cat","embeddable":true,"href":"https:\/\/skinstudio.ee\/lt\/wp-json\/wp\/v2\/product_cat?post=49259"},{"taxonomy":"product_tag","embeddable":true,"href":"https:\/\/skinstudio.ee\/lt\/wp-json\/wp\/v2\/product_tag?post=49259"},{"taxonomy":"giftcard-category","embeddable":true,"href":"https:\/\/skinstudio.ee\/lt\/wp-json\/wp\/v2\/giftcard-category?post=49259"}],"curies":[{"name":"wp","href":"https:\/\/api.w.org\/{rel}","templated":true}]}}