{"id":49654,"date":"2025-09-10T14:49:31","date_gmt":"2025-09-10T14:49:31","guid":{"rendered":"https:\/\/skinstudio.ee\/?post_type=product&#038;p=49654"},"modified":"2025-12-30T17:05:40","modified_gmt":"2025-12-30T17:05:40","slug":"mesoprotech-facial-sun-mist","status":"publish","type":"product","link":"https:\/\/skinstudio.ee\/lt\/catalog\/mesoestetic\/mesoprotech-facial-sun-mist\/","title":{"rendered":"Mesoprotech\u00ae Facial Sun Mist"},"content":{"rendered":"<p data-start=\"1569\" data-end=\"1857\"><strong data-start=\"1569\" data-end=\"1628\">SPF 50+ nuo sen\u0117jimo apsaugantis veido saul\u0117s pur\u0161kalas<\/strong> pur\u0161kiamoje formoje su gaivia, itin lengva tekst\u016bra. Gali b\u016bti tolygiai u\u017epurk\u0161tas ant odos be poreikio \u012fmasa\u017euoti. Puikiai tinka tur\u0117ti po ranka ir pakartotinai naudoti dienos metu. Tinka naudoti prie\u0161 ir po makia\u017eo u\u017etepimo.<\/p>\n<p data-start=\"1859\" data-end=\"1877\"><strong data-start=\"1859\" data-end=\"1875\">T\u016bris: 50 ml<\/strong><\/p>\n","protected":false},"excerpt":{"rendered":"<p data-start=\"2529\" data-end=\"2590\">Nuo sen\u0117jimo apsaugantis veido saul\u0117s pur\u0161kalas SPF 50+<\/p>\n<h2 data-start=\"2592\" data-end=\"2907\"><strong data-start=\"2592\" data-end=\"2646\">Mesoestetic &#8211; Mesoprotech\u00ae Facial Sun Mist savyb\u0117s<\/strong><\/h2>\n<p data-start=\"2592\" data-end=\"2907\">\u2714\ufe0f Labai auk\u0161ta SPF 50+ apsauga nuo UVA ir UVB<br data-start=\"2695\" data-end=\"2698\" \/>\u2714\ufe0f Nuo sen\u0117jimo apsaugantis poveikis, saugo nuo fotosen\u0117jimo<br data-start=\"2758\" data-end=\"2761\" \/>\u2714\ufe0f Gaivi, itin lengva tekst\u016bra be lipnumo<br data-start=\"2802\" data-end=\"2805\" \/>\u2714\ufe0f Galima naudoti ant makia\u017eo<br data-start=\"2834\" data-end=\"2837\" \/>\u2714\ufe0f Patogus formatas reguliariam pakartotiniam naudojimui dienos metu<\/p>\n","protected":false},"featured_media":67131,"template":"","meta":[],"pwb-brand":[1133],"product_brand":[],"product_cat":[771,732,748],"product_tag":[],"giftcard-category":[],"class_list":{"0":"post-49654","1":"product","2":"type-product","3":"status-publish","4":"has-post-thumbnail","6":"pwb-brand-mesoestetic","7":"product_cat-makiazas","8":"product_cat-spf-apsauga","9":"product_cat-taukainai-adai-lt","11":"first","12":"instock","13":"taxable","14":"shipping-taxable","15":"purchasable","16":"product-type-simple"},"acf":[],"brands":[{"id":1133,"name":"Mesoestetic","slug":"mesoestetic"}],"_links":{"self":[{"href":"https:\/\/skinstudio.ee\/lt\/wp-json\/wp\/v2\/product\/49654","targetHints":{"allow":["GET"]}}],"collection":[{"href":"https:\/\/skinstudio.ee\/lt\/wp-json\/wp\/v2\/product"}],"about":[{"href":"https:\/\/skinstudio.ee\/lt\/wp-json\/wp\/v2\/types\/product"}],"version-history":[{"count":0,"href":"https:\/\/skinstudio.ee\/lt\/wp-json\/wp\/v2\/product\/49654\/revisions"}],"wp:featuredmedia":[{"embeddable":true,"href":"https:\/\/skinstudio.ee\/lt\/wp-json\/wp\/v2\/media\/67131"}],"wp:attachment":[{"href":"https:\/\/skinstudio.ee\/lt\/wp-json\/wp\/v2\/media?parent=49654"}],"wp:term":[{"taxonomy":"pwb-brand","embeddable":true,"href":"https:\/\/skinstudio.ee\/lt\/wp-json\/wp\/v2\/pwb-brand?post=49654"},{"taxonomy":"product_brand","embeddable":true,"href":"https:\/\/skinstudio.ee\/lt\/wp-json\/wp\/v2\/product_brand?post=49654"},{"taxonomy":"product_cat","embeddable":true,"href":"https:\/\/skinstudio.ee\/lt\/wp-json\/wp\/v2\/product_cat?post=49654"},{"taxonomy":"product_tag","embeddable":true,"href":"https:\/\/skinstudio.ee\/lt\/wp-json\/wp\/v2\/product_tag?post=49654"},{"taxonomy":"giftcard-category","embeddable":true,"href":"https:\/\/skinstudio.ee\/lt\/wp-json\/wp\/v2\/giftcard-category?post=49654"}],"curies":[{"name":"wp","href":"https:\/\/api.w.org\/{rel}","templated":true}]}}