{"id":49996,"date":"2025-09-13T10:31:38","date_gmt":"2025-09-13T10:31:38","guid":{"rendered":"https:\/\/skinstudio.ee\/?post_type=product&#038;p=49996"},"modified":"2025-09-13T10:35:36","modified_gmt":"2025-09-13T10:35:36","slug":"moisture-replenishing-hyaluron-cream","status":"publish","type":"product","link":"https:\/\/skinstudio.ee\/lt\/catalog\/product\/moisture-replenishing-hyaluron-cream\/","title":{"rendered":"Moisture Replenishing Hyaluron Cream"},"content":{"rendered":"<p data-start=\"1210\" data-end=\"1455\"><strong data-start=\"1210\" data-end=\"1300\">Antioksidacinis giliai dr\u0117kinantis kremas Genosys Moisture Replenishing Hyaluron Cream<\/strong> atkuria dr\u0117gm\u0117s tr\u016bkum\u0105 ir patikimai saugo od\u0105 nuo dehidratacijos. Pa\u0161alina sausum\u0105 ir pleiskanojim\u0105, sul\u0117tina sen\u0117jimo procesus ir gr\u0105\u017eina odos tonus\u0105.<\/p>\n<p data-start=\"1457\" data-end=\"1694\">Priemon\u0117 neutralizuoja laisv\u0173j\u0173 radikal\u0173 \u017eal\u0105 ir padeda pa\u0161alinti toksinus. Normalizuoja hidrolipid\u0173 pusiausvyr\u0105 ir sukuria barjer\u0105, sulaikant\u012f dr\u0117gm\u0119 odos l\u0105stel\u0117se. Kremas pasi\u017eymi lengva, vandeninga tekst\u016bra be lipnumo ar riebalumo.<\/p>\n<p data-start=\"1696\" data-end=\"1836\">Sud\u0117tyje yra patentuotas <strong data-start=\"1721\" data-end=\"1747\">PENTAVITIN\u2122 kompleksas<\/strong>, turintis raminant\u012f ir v\u0117sinant\u012f poveik\u012f, padedantis suma\u017einti nie\u017e\u0117jim\u0105 ir paraudim\u0105.<\/p>\n<p data-start=\"1838\" data-end=\"1856\"><strong data-start=\"1838\" data-end=\"1848\">T\u016bris:<\/strong> 50 ml<\/p>\n","protected":false},"excerpt":{"rendered":"<p data-start=\"2003\" data-end=\"2050\">Dr\u0117kinamasis kremas su hialurono r\u016bg\u0161timi<\/p>\n<h2 data-start=\"2052\" data-end=\"2330\"><strong data-start=\"2052\" data-end=\"2110\">GENOSYS \u2013 Moisture Replenishing Hyaluron Cream savyb\u0117s<\/strong><\/h2>\n<p data-start=\"2052\" data-end=\"2330\">\u2714\ufe0f Giliai dr\u0117kina od\u0105 d\u0117l hialurono r\u016bg\u0161ties<br data-start=\"2157\" data-end=\"2160\" \/>\u2714\ufe0f Atkuria dr\u0117gm\u0117s balans\u0105 ir i\u0161laiko dr\u0117gm\u0119<br data-start=\"2204\" data-end=\"2207\" \/>\u2714\ufe0f Gerina odos elastingum\u0105 ir stangrum\u0105<br data-start=\"2246\" data-end=\"2249\" \/>\u2714\ufe0f Mink\u0161tina ir lygina odos tekst\u016br\u0105<br data-start=\"2285\" data-end=\"2288\" \/>\u2714\ufe0f Stiprina barjer\u0105 ir saugo nuo sausumo<\/p>\n","protected":false},"featured_media":49986,"template":"","meta":[],"pwb-brand":[],"product_brand":[],"product_cat":[738,746,740],"product_tag":[],"giftcard-category":[],"class_list":{"0":"post-49996","1":"product","2":"type-product","3":"status-publish","4":"has-post-thumbnail","6":"product_cat-drekinimas","7":"product_cat-jautriai-odai","8":"product_cat-sausai-odai","10":"first","11":"instock","12":"taxable","13":"shipping-taxable","14":"purchasable","15":"product-type-simple"},"acf":[],"brands":[],"_links":{"self":[{"href":"https:\/\/skinstudio.ee\/lt\/wp-json\/wp\/v2\/product\/49996","targetHints":{"allow":["GET"]}}],"collection":[{"href":"https:\/\/skinstudio.ee\/lt\/wp-json\/wp\/v2\/product"}],"about":[{"href":"https:\/\/skinstudio.ee\/lt\/wp-json\/wp\/v2\/types\/product"}],"version-history":[{"count":0,"href":"https:\/\/skinstudio.ee\/lt\/wp-json\/wp\/v2\/product\/49996\/revisions"}],"wp:featuredmedia":[{"embeddable":true,"href":"https:\/\/skinstudio.ee\/lt\/wp-json\/wp\/v2\/media\/49986"}],"wp:attachment":[{"href":"https:\/\/skinstudio.ee\/lt\/wp-json\/wp\/v2\/media?parent=49996"}],"wp:term":[{"taxonomy":"pwb-brand","embeddable":true,"href":"https:\/\/skinstudio.ee\/lt\/wp-json\/wp\/v2\/pwb-brand?post=49996"},{"taxonomy":"product_brand","embeddable":true,"href":"https:\/\/skinstudio.ee\/lt\/wp-json\/wp\/v2\/product_brand?post=49996"},{"taxonomy":"product_cat","embeddable":true,"href":"https:\/\/skinstudio.ee\/lt\/wp-json\/wp\/v2\/product_cat?post=49996"},{"taxonomy":"product_tag","embeddable":true,"href":"https:\/\/skinstudio.ee\/lt\/wp-json\/wp\/v2\/product_tag?post=49996"},{"taxonomy":"giftcard-category","embeddable":true,"href":"https:\/\/skinstudio.ee\/lt\/wp-json\/wp\/v2\/giftcard-category?post=49996"}],"curies":[{"name":"wp","href":"https:\/\/api.w.org\/{rel}","templated":true}]}}