{"id":50028,"date":"2025-09-13T10:52:04","date_gmt":"2025-09-13T10:52:04","guid":{"rendered":"https:\/\/skinstudio.ee\/?post_type=product&#038;p=50028"},"modified":"2025-12-24T12:26:24","modified_gmt":"2025-12-24T12:26:24","slug":"ac-control-body-lotion","status":"publish","type":"product","link":"https:\/\/skinstudio.ee\/lt\/catalog\/dermab\/ac-control-body-lotion\/","title":{"rendered":"AC Control Body Lotion"},"content":{"rendered":"<p data-start=\"1823\" data-end=\"2083\"><strong data-start=\"1823\" data-end=\"1868\">AC Control Body Lotion by Derma:B<\/strong> \u2013 tai funkcinis k\u016bno losjonas, sukurtas odai, linkusiai \u012f b\u0117rimus ir netobulumus. Formul\u0117 u\u017etikrina visapusi\u0161k\u0105 problemati\u0161kos k\u016bno odos prie\u017ei\u016br\u0105, derinant pa\u017eangius dermatologinius sprendimus ir MLE technologij\u0105.<\/p>\n<p data-start=\"2085\" data-end=\"2418\">Derma:B AC Control Body Lotion by Derma:B padeda reguliuoti perteklin\u0119 sebumo gamyb\u0105 \u2013 vien\u0105 pagrindini\u0173 k\u016bno b\u0117rim\u0173 atsiradimo prie\u017eas\u010di\u0173. Subalansuotas \u0161vei\u010diamasis kompleksas su AHA, BHA ir PHA r\u016bg\u0161timis \u0161velniai pa\u0161alina negyvas odos l\u0105steles, skatina odos atsinaujinim\u0105 ir gerina jos tekst\u016br\u0105, nesukeldamas sausumo ar sudirgimo.<\/p>\n<p data-start=\"2420\" data-end=\"2726\">Formul\u0117s pagrind\u0105 sudaro MLE (Multi Lamellar Emulsion) technologija, kuri padeda palaikyti ir stiprinti nat\u016bral\u0173 odos apsaugin\u012f barjer\u0105. Tai padeda i\u0161laikyti optimal\u0173 dr\u0117gm\u0117s lyg\u012f, suma\u017einti transepidermin\u012f vandens praradim\u0105 ir u\u017etikrinti ilgalaik\u012f komfort\u0105 net reguliariai naudojant aktyvius ingredientus.<\/p>\n<p data-start=\"2728\" data-end=\"2938\">Losjonas tinka kasdienei k\u016bno prie\u017ei\u016brai, ypa\u010d vietose, linkusiose \u012f b\u0117rimus. Lengva tekst\u016bra tolygiai pasiskirsto, greitai \u012fsigeria ir nepalieka lipnumo poj\u016b\u010dio, tod\u0117l oda tampa lygesn\u0117 ir labiau subalansuota.<\/p>\n<p data-start=\"2940\" data-end=\"2957\"><strong data-start=\"2940\" data-end=\"2950\">T\u016bris:<\/strong> 400 ml<\/p>\n","protected":false},"excerpt":{"rendered":"<p data-start=\"3138\" data-end=\"3185\">K\u016bno losjonas odai, linkusiai \u012f akn\u0119 ir b\u0117rimus<\/p>\n<h2 data-start=\"3187\" data-end=\"3231\"><strong data-start=\"3187\" data-end=\"3231\">Derma:B &#8211; AC Control Body Lotion Savyb\u0117s<\/strong><\/h2>\n<p data-start=\"3233\" data-end=\"3416\">\u2714\ufe0f Padeda reguliuoti sebumo gamyb\u0105<br data-start=\"3267\" data-end=\"3270\" \/>\u2714\ufe0f \u0160velniai \u0161vei\u010dia ir atnaujina od\u0105<br data-start=\"3306\" data-end=\"3309\" \/>\u2714\ufe0f Palaiko odos apsaugin\u012f barjer\u0105<br data-start=\"3342\" data-end=\"3345\" \/>\u2714\ufe0f Ma\u017eina polink\u012f \u012f b\u0117rimus<br data-start=\"3372\" data-end=\"3375\" \/>\u2714\ufe0f Dr\u0117kina nepalikdamas lipnumo poj\u016b\u010dio<\/p>\n","protected":false},"featured_media":65657,"template":"","meta":[],"pwb-brand":[784],"product_brand":[],"product_cat":[742,758],"product_tag":[],"giftcard-category":[],"class_list":{"0":"post-50028","1":"product","2":"type-product","3":"status-publish","4":"has-post-thumbnail","6":"pwb-brand-dermab","7":"product_cat-berimai","8":"product_cat-kuno-prieziura","10":"first","11":"instock","12":"taxable","13":"shipping-taxable","14":"purchasable","15":"product-type-simple"},"acf":[],"brands":[{"id":784,"name":"Derma:B","slug":"dermab"}],"_links":{"self":[{"href":"https:\/\/skinstudio.ee\/lt\/wp-json\/wp\/v2\/product\/50028","targetHints":{"allow":["GET"]}}],"collection":[{"href":"https:\/\/skinstudio.ee\/lt\/wp-json\/wp\/v2\/product"}],"about":[{"href":"https:\/\/skinstudio.ee\/lt\/wp-json\/wp\/v2\/types\/product"}],"version-history":[{"count":0,"href":"https:\/\/skinstudio.ee\/lt\/wp-json\/wp\/v2\/product\/50028\/revisions"}],"wp:featuredmedia":[{"embeddable":true,"href":"https:\/\/skinstudio.ee\/lt\/wp-json\/wp\/v2\/media\/65657"}],"wp:attachment":[{"href":"https:\/\/skinstudio.ee\/lt\/wp-json\/wp\/v2\/media?parent=50028"}],"wp:term":[{"taxonomy":"pwb-brand","embeddable":true,"href":"https:\/\/skinstudio.ee\/lt\/wp-json\/wp\/v2\/pwb-brand?post=50028"},{"taxonomy":"product_brand","embeddable":true,"href":"https:\/\/skinstudio.ee\/lt\/wp-json\/wp\/v2\/product_brand?post=50028"},{"taxonomy":"product_cat","embeddable":true,"href":"https:\/\/skinstudio.ee\/lt\/wp-json\/wp\/v2\/product_cat?post=50028"},{"taxonomy":"product_tag","embeddable":true,"href":"https:\/\/skinstudio.ee\/lt\/wp-json\/wp\/v2\/product_tag?post=50028"},{"taxonomy":"giftcard-category","embeddable":true,"href":"https:\/\/skinstudio.ee\/lt\/wp-json\/wp\/v2\/giftcard-category?post=50028"}],"curies":[{"name":"wp","href":"https:\/\/api.w.org\/{rel}","templated":true}]}}