{"id":51010,"date":"2025-09-19T11:24:45","date_gmt":"2025-09-19T11:24:45","guid":{"rendered":"https:\/\/skinstudio.ee\/?post_type=product&#038;p=51010"},"modified":"2025-12-30T17:05:48","modified_gmt":"2025-12-30T17:05:48","slug":"extreme-moisture-lip-balm","status":"publish","type":"product","link":"https:\/\/skinstudio.ee\/lt\/catalog\/real-barrier\/extreme-moisture-lip-balm\/","title":{"rendered":"Extreme Moisture Lip Balm"},"content":{"rendered":"<p data-start=\"1336\" data-end=\"1581\">Dr\u0117kinamasis lamelinis l\u016bp\u0173 balzamas Real Barrier Extreme Moisture Lip Balm veiksmingai pa\u0161alina sausum\u0105 ir pleiskanojim\u0105, kartu apsaugodamas jautri\u0105 l\u016bp\u0173 od\u0105 nuo aplinkos poveikio. Padaro l\u016bpas \u0161velnias ir glotnias, padeda u\u017egydyti \u012ftr\u016bkimus.<\/p>\n<p data-start=\"1583\" data-end=\"1859\">Balzamas giliai dr\u0117kina od\u0105, pagerina l\u0105steli\u0173 geb\u0117jim\u0105 i\u0161laikyti dr\u0117gm\u0119 ir stiprina odos barjerin\u0119 funkcij\u0105. Jis sukuria nematom\u0105 apsaugin\u012f sluoksn\u012f, kuris apsaugo nuo dr\u0117gm\u0117s praradimo bei nuo \u0161al\u010dio, v\u0117jo ir sauso oro. Taip pat padeda padidinti odos tank\u012f ir elastingum\u0105.<\/p>\n<p data-start=\"1861\" data-end=\"2101\">Formul\u0117s i\u0161skirtinumas \u2013 fiziologinis pana\u0161umas \u012f raginiame sluoksnyje esan\u010dius lipidus. Kaip pleistras, balzamas atkuria epidermio vientisum\u0105: jo dalel\u0117s organi\u0161kai \u012fsiterpia \u012f lipid\u0173 sluoksn\u012f, u\u017epildo pa\u017eeidimus ir atkuria jo strukt\u016br\u0105.<\/p>\n<p data-start=\"2103\" data-end=\"2121\"><strong data-start=\"2103\" data-end=\"2119\">T\u016bris: 3,2 g<\/strong><\/p>\n","protected":false},"excerpt":{"rendered":"<p data-start=\"2181\" data-end=\"2220\">Intensyviai dr\u0117kinantis l\u016bp\u0173 balzamas<\/p>\n<h2 data-start=\"2222\" data-end=\"2524\"><strong data-start=\"2222\" data-end=\"2274\">Real Barrier &#8211; Extreme Moisture Lip Balm savyb\u0117s<\/strong><\/h2>\n<p data-start=\"2222\" data-end=\"2524\">\u2714\ufe0f Giliai maitina ir atkuria sausas, suskeld\u0117jusias l\u016bpas<br data-start=\"2334\" data-end=\"2337\" \/>\u2714\ufe0f Sukuria apsaugin\u012f sluoksn\u012f nuo v\u0117jo ir \u0161al\u010dio<br data-start=\"2385\" data-end=\"2388\" \/>\u2714\ufe0f Padaro l\u016bpas \u0161velnias ir glotnias<br data-start=\"2424\" data-end=\"2427\" \/>\u2714\ufe0f Apsaugo nuo dr\u0117gm\u0117s praradimo ir pleiskanojimo<br data-start=\"2476\" data-end=\"2479\" \/>\u2714\ufe0f Suteikia ilgalaik\u012f komfort\u0105 ir dr\u0117kinim\u0105<\/p>\n","protected":false},"featured_media":66663,"template":"","meta":[],"pwb-brand":[714],"product_brand":[],"product_cat":[760],"product_tag":[],"giftcard-category":[],"class_list":{"0":"post-51010","1":"product","2":"type-product","3":"status-publish","4":"has-post-thumbnail","6":"pwb-brand-real-barrier","7":"product_cat-lupu-prieziura","9":"first","10":"instock","11":"taxable","12":"shipping-taxable","13":"purchasable","14":"product-type-simple"},"acf":[],"brands":[{"id":714,"name":"Real Barrier","slug":"real-barrier"}],"_links":{"self":[{"href":"https:\/\/skinstudio.ee\/lt\/wp-json\/wp\/v2\/product\/51010","targetHints":{"allow":["GET"]}}],"collection":[{"href":"https:\/\/skinstudio.ee\/lt\/wp-json\/wp\/v2\/product"}],"about":[{"href":"https:\/\/skinstudio.ee\/lt\/wp-json\/wp\/v2\/types\/product"}],"version-history":[{"count":0,"href":"https:\/\/skinstudio.ee\/lt\/wp-json\/wp\/v2\/product\/51010\/revisions"}],"wp:featuredmedia":[{"embeddable":true,"href":"https:\/\/skinstudio.ee\/lt\/wp-json\/wp\/v2\/media\/66663"}],"wp:attachment":[{"href":"https:\/\/skinstudio.ee\/lt\/wp-json\/wp\/v2\/media?parent=51010"}],"wp:term":[{"taxonomy":"pwb-brand","embeddable":true,"href":"https:\/\/skinstudio.ee\/lt\/wp-json\/wp\/v2\/pwb-brand?post=51010"},{"taxonomy":"product_brand","embeddable":true,"href":"https:\/\/skinstudio.ee\/lt\/wp-json\/wp\/v2\/product_brand?post=51010"},{"taxonomy":"product_cat","embeddable":true,"href":"https:\/\/skinstudio.ee\/lt\/wp-json\/wp\/v2\/product_cat?post=51010"},{"taxonomy":"product_tag","embeddable":true,"href":"https:\/\/skinstudio.ee\/lt\/wp-json\/wp\/v2\/product_tag?post=51010"},{"taxonomy":"giftcard-category","embeddable":true,"href":"https:\/\/skinstudio.ee\/lt\/wp-json\/wp\/v2\/giftcard-category?post=51010"}],"curies":[{"name":"wp","href":"https:\/\/api.w.org\/{rel}","templated":true}]}}