{"id":51039,"date":"2025-09-19T11:45:50","date_gmt":"2025-09-19T11:45:50","guid":{"rendered":"https:\/\/skinstudio.ee\/?post_type=product&#038;p=51039"},"modified":"2025-12-30T17:05:48","modified_gmt":"2025-12-30T17:05:48","slug":"cera-moisture-barrier-sun-cream","status":"publish","type":"product","link":"https:\/\/skinstudio.ee\/lt\/catalog\/real-barrier\/cera-moisture-barrier-sun-cream\/","title":{"rendered":"Cera Moisture Barrier Sun Cream"},"content":{"rendered":"<p data-start=\"2132\" data-end=\"2342\">Real Barrier Cera Moisture Barrier Sun Cream SPF50+ PA++++ su naujos kartos cheminiais filtrais idealiai tinka naudoti miesto s\u0105lygomis ir u\u017etikrina ilgalaik\u0119 apsaug\u0105 iki 12 valand\u0173 be pakartotinio naudojimo.<\/p>\n<p data-start=\"2344\" data-end=\"2580\">Produktas nesukelia sausumo ar tempimo poj\u016b\u010dio, palaiko optimal\u0173 hidrolipid\u0173 balans\u0105 ir turi atkuriant\u012f poveik\u012f. Patikimai apsaugo nuo kenksming\u0173 UV spinduli\u0173, padeda i\u0161vengti hiperpigmentacijos ir i\u0161saugoti jaunatvi\u0161k\u0105 odos i\u0161vaizd\u0105.<\/p>\n<p data-start=\"2582\" data-end=\"2813\">Kremas suformuoja barjer\u0105, kuris i\u0161laiko b\u016btin\u0105 dr\u0117gm\u0117s lyg\u012f epidermyje. 65% formul\u0117s sudaro dr\u0117kinanti esencija, kuri ramina paraudim\u0105 ir suteikia momentin\u012f komfort\u0105. Lengva kremin\u0117 tekst\u016bra greitai susigeria, nepalieka lipnumo.<\/p>\n<p data-start=\"2815\" data-end=\"2950\">Sud\u0117tyje yra fotostabil\u016bs naujos kartos UV filtrai, kurie yra itin atspar\u016bs ir ilgalaikiai, tod\u0117l nereikia da\u017enai pakartotinai tepti:<\/p>\n<ul data-start=\"2951\" data-end=\"3251\">\n<li data-start=\"2951\" data-end=\"3043\">\n<p data-start=\"2953\" data-end=\"3043\"><strong data-start=\"2953\" data-end=\"3015\">Uvinul A Plus (Diethylamino Hydroxybenzoyl Hexyl Benzoate)<\/strong> apsaugo nuo UVA spinduli\u0173<\/p>\n<\/li>\n<li data-start=\"3044\" data-end=\"3112\">\n<p data-start=\"3046\" data-end=\"3112\"><strong data-start=\"3046\" data-end=\"3084\">Uvinul T 150 (Ethylhexyl Triazone)<\/strong> apsaugo nuo UVB spinduli\u0173<\/p>\n<\/li>\n<li data-start=\"3113\" data-end=\"3251\">\n<p data-start=\"3115\" data-end=\"3251\"><strong data-start=\"3115\" data-end=\"3183\">Tinosorb M (Methylene Bis-Benzotriazolyl Tetramethylbutylphenol)<\/strong> apsaugo nuo UVA ir UVB, sugerdamas bei atspind\u0117damas spinduliuot\u0119<\/p>\n<\/li>\n<\/ul>\n<p data-start=\"3253\" data-end=\"3271\"><strong data-start=\"3253\" data-end=\"3269\">T\u016bris: 50 ml<\/strong><\/p>\n","protected":false},"excerpt":{"rendered":"<p data-start=\"3645\" data-end=\"3709\">Dr\u0117kinamasis saul\u0117s kremas su keramidu odos barjerui stiprinti<\/p>\n<h2 data-start=\"3711\" data-end=\"4017\"><strong data-start=\"3711\" data-end=\"3769\">Real Barrier &#8211; Cera Moisture Barrier Sun Cream savyb\u0117s<\/strong><\/h2>\n<p data-start=\"3711\" data-end=\"4017\">\u2714\ufe0f Auk\u0161ta SPF50+ apsauga nuo UVA ir UVB spinduli\u0173<br data-start=\"3821\" data-end=\"3824\" \/>\u2714\ufe0f Stiprina ir atkuria odos barjer\u0105 su keramidu<br data-start=\"3871\" data-end=\"3874\" \/>\u2714\ufe0f Palaiko optimal\u0173 dr\u0117gm\u0117s lyg\u012f<br data-start=\"3906\" data-end=\"3909\" \/>\u2714\ufe0f Apsaugo nuo sausumo ir sudirgim\u0173 d\u0117l saul\u0117s poveikio<br data-start=\"3964\" data-end=\"3967\" \/>\u2714\ufe0f Lengva tekst\u016bra be baltos pl\u0117vel\u0117s ir lipnumo<\/p>\n","protected":false},"featured_media":66791,"template":"","meta":[],"pwb-brand":[714],"product_brand":[],"product_cat":[732],"product_tag":[],"giftcard-category":[],"class_list":{"0":"post-51039","1":"product","2":"type-product","3":"status-publish","4":"has-post-thumbnail","6":"pwb-brand-real-barrier","7":"product_cat-spf-apsauga","9":"first","10":"instock","11":"taxable","12":"shipping-taxable","13":"purchasable","14":"product-type-simple"},"acf":[],"brands":[{"id":714,"name":"Real Barrier","slug":"real-barrier"}],"_links":{"self":[{"href":"https:\/\/skinstudio.ee\/lt\/wp-json\/wp\/v2\/product\/51039","targetHints":{"allow":["GET"]}}],"collection":[{"href":"https:\/\/skinstudio.ee\/lt\/wp-json\/wp\/v2\/product"}],"about":[{"href":"https:\/\/skinstudio.ee\/lt\/wp-json\/wp\/v2\/types\/product"}],"version-history":[{"count":0,"href":"https:\/\/skinstudio.ee\/lt\/wp-json\/wp\/v2\/product\/51039\/revisions"}],"wp:featuredmedia":[{"embeddable":true,"href":"https:\/\/skinstudio.ee\/lt\/wp-json\/wp\/v2\/media\/66791"}],"wp:attachment":[{"href":"https:\/\/skinstudio.ee\/lt\/wp-json\/wp\/v2\/media?parent=51039"}],"wp:term":[{"taxonomy":"pwb-brand","embeddable":true,"href":"https:\/\/skinstudio.ee\/lt\/wp-json\/wp\/v2\/pwb-brand?post=51039"},{"taxonomy":"product_brand","embeddable":true,"href":"https:\/\/skinstudio.ee\/lt\/wp-json\/wp\/v2\/product_brand?post=51039"},{"taxonomy":"product_cat","embeddable":true,"href":"https:\/\/skinstudio.ee\/lt\/wp-json\/wp\/v2\/product_cat?post=51039"},{"taxonomy":"product_tag","embeddable":true,"href":"https:\/\/skinstudio.ee\/lt\/wp-json\/wp\/v2\/product_tag?post=51039"},{"taxonomy":"giftcard-category","embeddable":true,"href":"https:\/\/skinstudio.ee\/lt\/wp-json\/wp\/v2\/giftcard-category?post=51039"}],"curies":[{"name":"wp","href":"https:\/\/api.w.org\/{rel}","templated":true}]}}