{"id":51066,"date":"2025-09-19T11:59:10","date_gmt":"2025-09-19T11:59:10","guid":{"rendered":"https:\/\/skinstudio.ee\/?post_type=product&#038;p=51066"},"modified":"2025-12-30T17:05:48","modified_gmt":"2025-12-30T17:05:48","slug":"cica-green-tone-up-sun-cream","status":"publish","type":"product","link":"https:\/\/skinstudio.ee\/lt\/catalog\/real-barrier\/cica-green-tone-up-sun-cream\/","title":{"rendered":"Cica Green Tone-Up Sun Cream"},"content":{"rendered":"<p data-start=\"1241\" data-end=\"1477\">Apsaugokite savo od\u0105 nuo prie\u0161laikinio sen\u0117jimo ir kit\u0173 pa\u017eeidim\u0173, kuriuos sukelia saul\u0117s spinduliai. Veido oda yra daug jautresn\u0117 nei likusi k\u016bno oda ir visus metus patiria UV spinduliuot\u0119 \u2013 tod\u0117l labai svarbu jos apsaug\u0105 neapleisti.<\/p>\n<p data-start=\"1479\" data-end=\"1729\">Real Barrier Cica Green Tone-Up Sun Cream mineralinis UV filtras sukuria barjer\u0105, kuris veiksmingai saugo od\u0105 nuo ultravioletini\u0173 spinduli\u0173 ir padeda i\u0161vengti nudegim\u0173, pigmentini\u0173 d\u0117mi\u0173, elastingumo bei kolageno praradimo ir kit\u0173 sen\u0117jimo po\u017eymi\u0173.<\/p>\n<p data-start=\"1731\" data-end=\"1748\"><strong data-start=\"1731\" data-end=\"1746\">T\u016bris 50 ml<\/strong><\/p>\n","protected":false},"excerpt":{"rendered":"<p data-start=\"1956\" data-end=\"2011\">Tonizuojantis apsauginis kremas nuo saul\u0117s su centela<\/p>\n<h2 data-start=\"2013\" data-end=\"2274\"><strong data-start=\"2013\" data-end=\"2068\">Real Barrier &#8211; Cica Green Tone-Up Sun Cream savyb\u0117s<\/strong><\/h2>\n<p data-start=\"2013\" data-end=\"2274\">\u2714\ufe0f Veiksminga UVA ir UVB apsauga<br data-start=\"2103\" data-end=\"2106\" \/>\u2714\ufe0f Ramina sudirgim\u0105 ir ma\u017eina paraudim\u0105<br data-start=\"2145\" data-end=\"2148\" \/>\u2714\ufe0f Mink\u0161tina ir gerina odos tekst\u016br\u0105<br data-start=\"2184\" data-end=\"2187\" \/>\u2714\ufe0f Dr\u0117kina ir maitina vis\u0105 dien\u0105<br data-start=\"2219\" data-end=\"2222\" \/>\u2714\ufe0f Lengvai pasiskirsto, nepalieka riebios pl\u0117vel\u0117s<\/p>\n","protected":false},"featured_media":66796,"template":"","meta":[],"pwb-brand":[714],"product_brand":[],"product_cat":[732],"product_tag":[],"giftcard-category":[],"class_list":{"0":"post-51066","1":"product","2":"type-product","3":"status-publish","4":"has-post-thumbnail","6":"pwb-brand-real-barrier","7":"product_cat-spf-apsauga","9":"first","10":"instock","11":"taxable","12":"shipping-taxable","13":"purchasable","14":"product-type-simple"},"acf":[],"brands":[{"id":714,"name":"Real Barrier","slug":"real-barrier"}],"_links":{"self":[{"href":"https:\/\/skinstudio.ee\/lt\/wp-json\/wp\/v2\/product\/51066","targetHints":{"allow":["GET"]}}],"collection":[{"href":"https:\/\/skinstudio.ee\/lt\/wp-json\/wp\/v2\/product"}],"about":[{"href":"https:\/\/skinstudio.ee\/lt\/wp-json\/wp\/v2\/types\/product"}],"version-history":[{"count":0,"href":"https:\/\/skinstudio.ee\/lt\/wp-json\/wp\/v2\/product\/51066\/revisions"}],"wp:featuredmedia":[{"embeddable":true,"href":"https:\/\/skinstudio.ee\/lt\/wp-json\/wp\/v2\/media\/66796"}],"wp:attachment":[{"href":"https:\/\/skinstudio.ee\/lt\/wp-json\/wp\/v2\/media?parent=51066"}],"wp:term":[{"taxonomy":"pwb-brand","embeddable":true,"href":"https:\/\/skinstudio.ee\/lt\/wp-json\/wp\/v2\/pwb-brand?post=51066"},{"taxonomy":"product_brand","embeddable":true,"href":"https:\/\/skinstudio.ee\/lt\/wp-json\/wp\/v2\/product_brand?post=51066"},{"taxonomy":"product_cat","embeddable":true,"href":"https:\/\/skinstudio.ee\/lt\/wp-json\/wp\/v2\/product_cat?post=51066"},{"taxonomy":"product_tag","embeddable":true,"href":"https:\/\/skinstudio.ee\/lt\/wp-json\/wp\/v2\/product_tag?post=51066"},{"taxonomy":"giftcard-category","embeddable":true,"href":"https:\/\/skinstudio.ee\/lt\/wp-json\/wp\/v2\/giftcard-category?post=51066"}],"curies":[{"name":"wp","href":"https:\/\/api.w.org\/{rel}","templated":true}]}}