{"id":51097,"date":"2025-09-19T12:07:33","date_gmt":"2025-09-19T12:07:33","guid":{"rendered":"https:\/\/skinstudio.ee\/?post_type=product&#038;p=51097"},"modified":"2026-01-19T15:20:22","modified_gmt":"2026-01-19T15:20:22","slug":"fresh-2-in-1","status":"publish","type":"product","link":"https:\/\/skinstudio.ee\/lt\/catalog\/atopalm\/fresh-2-in-1\/","title":{"rendered":"Fresh 2 IN 1 Shampoo"},"content":{"rendered":"<p data-start=\"1063\" data-end=\"1393\">Atopalm Fresh 2 in 1 Shampoo Kids su kokos\u0173 put\u0173 pagrindu \u0161velniai valo galvos od\u0105 nuo prakaito ir ne\u0161varum\u0173. Formul\u0117 su argano aliejumi ir biotinu maitina plaukus, padaro juos \u0161ilkiniais, neleid\u017eia jiems susivelti. Produktas idealiai tinka vaikams su jautria galvos oda, linkusia \u012f per didel\u012f prakaitavim\u0105 ir plauk\u0173 susiv\u0117lim\u0105.<\/p>\n<p data-start=\"1395\" data-end=\"1414\"><strong data-start=\"1395\" data-end=\"1412\">T\u016bris: 460 ml<\/strong><\/p>\n","protected":false},"excerpt":{"rendered":"<p data-start=\"1416\" data-end=\"1465\">\u0160velnus \u0161amp\u016bnas-kondicionierius 2 in 1 vaikams<\/p>\n<h2 data-start=\"1467\" data-end=\"1706\"><strong data-start=\"1467\" data-end=\"1501\">Atopalm &#8211; Fresh 2 in 1 Shampoo Savyb\u0117s<\/strong><\/h2>\n<p data-start=\"1467\" data-end=\"1706\">\u2714\ufe0f \u0160velniai valo plaukus ir galvos od\u0105 be dirginimo<br data-start=\"1555\" data-end=\"1558\" \/>\u2714\ufe0f Maitina ir stiprina vaik\u0173 plaukus<br data-start=\"1594\" data-end=\"1597\" \/>\u2714\ufe0f I\u0161laiko nat\u016bral\u0173 pH balans\u0105<br data-start=\"1627\" data-end=\"1630\" \/>\u2714\ufe0f Ramina, dr\u0117kina ir saugo galvos od\u0105<br data-start=\"1668\" data-end=\"1671\" \/>\u2714\ufe0f Saugi formul\u0117, nesukelia a\u0161ar\u0173<\/p>\n","protected":false},"featured_media":65538,"template":"","meta":[],"pwb-brand":[702],"product_brand":[],"product_cat":[763,1192],"product_tag":[],"giftcard-category":[],"class_list":{"0":"post-51097","1":"product","2":"type-product","3":"status-publish","4":"has-post-thumbnail","6":"pwb-brand-atopalm","7":"product_cat-plauku-prieziura","8":"product_cat-vaikams","10":"first","11":"instock","12":"taxable","13":"shipping-taxable","14":"purchasable","15":"product-type-simple"},"acf":[],"brands":[{"id":702,"name":"Atopalm","slug":"atopalm"}],"_links":{"self":[{"href":"https:\/\/skinstudio.ee\/lt\/wp-json\/wp\/v2\/product\/51097","targetHints":{"allow":["GET"]}}],"collection":[{"href":"https:\/\/skinstudio.ee\/lt\/wp-json\/wp\/v2\/product"}],"about":[{"href":"https:\/\/skinstudio.ee\/lt\/wp-json\/wp\/v2\/types\/product"}],"version-history":[{"count":0,"href":"https:\/\/skinstudio.ee\/lt\/wp-json\/wp\/v2\/product\/51097\/revisions"}],"wp:featuredmedia":[{"embeddable":true,"href":"https:\/\/skinstudio.ee\/lt\/wp-json\/wp\/v2\/media\/65538"}],"wp:attachment":[{"href":"https:\/\/skinstudio.ee\/lt\/wp-json\/wp\/v2\/media?parent=51097"}],"wp:term":[{"taxonomy":"pwb-brand","embeddable":true,"href":"https:\/\/skinstudio.ee\/lt\/wp-json\/wp\/v2\/pwb-brand?post=51097"},{"taxonomy":"product_brand","embeddable":true,"href":"https:\/\/skinstudio.ee\/lt\/wp-json\/wp\/v2\/product_brand?post=51097"},{"taxonomy":"product_cat","embeddable":true,"href":"https:\/\/skinstudio.ee\/lt\/wp-json\/wp\/v2\/product_cat?post=51097"},{"taxonomy":"product_tag","embeddable":true,"href":"https:\/\/skinstudio.ee\/lt\/wp-json\/wp\/v2\/product_tag?post=51097"},{"taxonomy":"giftcard-category","embeddable":true,"href":"https:\/\/skinstudio.ee\/lt\/wp-json\/wp\/v2\/giftcard-category?post=51097"}],"curies":[{"name":"wp","href":"https:\/\/api.w.org\/{rel}","templated":true}]}}