{"id":51181,"date":"2025-09-19T13:18:56","date_gmt":"2025-09-19T13:18:56","guid":{"rendered":"https:\/\/skinstudio.ee\/?post_type=product&#038;p=51181"},"modified":"2026-03-16T14:46:00","modified_gmt":"2026-03-16T14:46:00","slug":"mgf-age-renewal-cream","status":"publish","type":"product","link":"https:\/\/skinstudio.ee\/lt\/catalog\/pca-skin\/mgf-age-renewal-cream\/","title":{"rendered":"MGF Age Renewal Cream"},"content":{"rendered":"<p data-start=\"1627\" data-end=\"1978\">PCA Skin MGF Age Renewal Cream \u2014 tai naujos kartos inovatyvus kremas, sukurtas naudojant Micro Growth Factor (MGF) technologij\u0105. Unikalus mikroaugimo faktori\u0173 kompleksas veikia giliuosius odos sluoksnius, skatindamas kolageno ir elastino sintez\u0119, pad\u0117damas ne tik sul\u0117tinti sen\u0117jimo procesus, bet ir atkurti jaunatvi\u0161k\u0105 odos strukt\u016br\u0105 bei stangrum\u0105.<\/p>\n<p data-start=\"1980\" data-end=\"2252\">Formul\u0117 atkuria nat\u016bralius dr\u0117kinimo ir dr\u0117gm\u0117s sulaikymo mechanizmus, aktyvina l\u0105steli\u0173 regeneracij\u0105 ir stiprina odos barjer\u0105. Jau po pirm\u0173j\u0173 naudojimo kart\u0173 oda tampa stangresn\u0117, elastingesn\u0117 ir spindinti; rauk\u0161l\u0117s pastebimai suma\u017e\u0117ja, o veido kont\u016brai tampa ry\u0161kesni.<\/p>\n<p data-start=\"2254\" data-end=\"2487\"><strong data-start=\"2254\" data-end=\"2287\">Klini\u0161kai \u012frodyti rezultatai:<\/strong><\/p>\n<ul>\n<li data-start=\"2254\" data-end=\"2487\">iki 60% odos pak\u0117limo efektas ir stangrumo pager\u0117jimas<\/li>\n<li data-start=\"2254\" data-end=\"2487\">iki 40% rauk\u0161li\u0173 gylio suma\u017e\u0117jimas<\/li>\n<li data-start=\"2254\" data-end=\"2487\">iki 58% odos t\u016brio atk\u016brimas<\/li>\n<li data-start=\"2254\" data-end=\"2487\">\u00a0pastebimas odos tono i\u0161lyginimas ir momentinis sutraukimas<\/li>\n<\/ul>\n<p data-start=\"2489\" data-end=\"2507\"><strong data-start=\"2489\" data-end=\"2505\">T\u016bris: <span data-sheets-root=\"1\">8,9 ml \/ <\/span>50 g<\/strong><\/p>\n","protected":false},"excerpt":{"rendered":"<p data-start=\"2710\" data-end=\"2752\">Atjauninantis kremas su MGF technologija<\/p>\n<h2 data-start=\"2754\" data-end=\"2796\">PCA Skin &#8211; MGF Age Renewal Cream savyb\u0117s<\/h2>\n<p data-start=\"2798\" data-end=\"3022\">\u2714\ufe0f Skatina kolageno ir elastino gamyb\u0105 odos stangrumui.<br data-start=\"2853\" data-end=\"2856\" \/>\u2714\ufe0f Giliai dr\u0117kina ir stiprina odos barjer\u0105.<br data-start=\"2899\" data-end=\"2902\" \/>\u2714\ufe0f Ma\u017eina rauk\u0161les ir gerina odos ton\u0105.<br data-start=\"2941\" data-end=\"2944\" \/>\u2714\ufe0f Atkuria veido t\u016br\u012f ir kont\u016brus.<br data-start=\"2978\" data-end=\"2981\" \/>\u2714\ufe0f Suteikia odai spindesio ir glotnumo.<\/p>\n","protected":false},"featured_media":64140,"template":"","meta":[],"pwb-brand":[1250],"product_brand":[],"product_cat":[738,740,750,754],"product_tag":[],"giftcard-category":[],"class_list":{"0":"post-51181","1":"product","2":"type-product","3":"status-publish","4":"has-post-thumbnail","6":"pwb-brand-pca-skin","7":"product_cat-drekinimas","8":"product_cat-sausai-odai","9":"product_cat-senstanti-oda","10":"product_cat-travel-size-lt","11":"pa_suurus-50g-lt","12":"pa_suurus-8-9ml-lt","14":"first","15":"instock","16":"taxable","17":"shipping-taxable","18":"purchasable","19":"product-type-variable"},"acf":[],"brands":[{"id":1250,"name":"PCA Skin","slug":"pca-skin"}],"_links":{"self":[{"href":"https:\/\/skinstudio.ee\/lt\/wp-json\/wp\/v2\/product\/51181","targetHints":{"allow":["GET"]}}],"collection":[{"href":"https:\/\/skinstudio.ee\/lt\/wp-json\/wp\/v2\/product"}],"about":[{"href":"https:\/\/skinstudio.ee\/lt\/wp-json\/wp\/v2\/types\/product"}],"version-history":[{"count":1,"href":"https:\/\/skinstudio.ee\/lt\/wp-json\/wp\/v2\/product\/51181\/revisions"}],"predecessor-version":[{"id":86325,"href":"https:\/\/skinstudio.ee\/lt\/wp-json\/wp\/v2\/product\/51181\/revisions\/86325"}],"wp:featuredmedia":[{"embeddable":true,"href":"https:\/\/skinstudio.ee\/lt\/wp-json\/wp\/v2\/media\/64140"}],"wp:attachment":[{"href":"https:\/\/skinstudio.ee\/lt\/wp-json\/wp\/v2\/media?parent=51181"}],"wp:term":[{"taxonomy":"pwb-brand","embeddable":true,"href":"https:\/\/skinstudio.ee\/lt\/wp-json\/wp\/v2\/pwb-brand?post=51181"},{"taxonomy":"product_brand","embeddable":true,"href":"https:\/\/skinstudio.ee\/lt\/wp-json\/wp\/v2\/product_brand?post=51181"},{"taxonomy":"product_cat","embeddable":true,"href":"https:\/\/skinstudio.ee\/lt\/wp-json\/wp\/v2\/product_cat?post=51181"},{"taxonomy":"product_tag","embeddable":true,"href":"https:\/\/skinstudio.ee\/lt\/wp-json\/wp\/v2\/product_tag?post=51181"},{"taxonomy":"giftcard-category","embeddable":true,"href":"https:\/\/skinstudio.ee\/lt\/wp-json\/wp\/v2\/giftcard-category?post=51181"}],"curies":[{"name":"wp","href":"https:\/\/api.w.org\/{rel}","templated":true}]}}