{"id":51207,"date":"2025-09-19T13:38:42","date_gmt":"2025-09-19T13:38:42","guid":{"rendered":"https:\/\/skinstudio.ee\/?post_type=product&#038;p=51207"},"modified":"2026-02-13T15:28:30","modified_gmt":"2026-02-13T15:28:30","slug":"hyalogy-p-effect-washing-for-men","status":"publish","type":"product","link":"https:\/\/skinstudio.ee\/lt\/catalog\/forlled\/hyalogy-p-effect-washing-for-men\/","title":{"rendered":"Hyalogy P-effect Washing For Men"},"content":{"rendered":"<p data-start=\"1316\" data-end=\"2014\">\u0160velnios valomosios putos yra sukurtos miristo r\u016bg\u0161ties (hidrolizuoto kokoso ir palmi\u0173 branduoli\u0173 aliejaus) pagrindu. Jos pa\u0161alina vandenyje tirpius ne\u0161varumus, turi prie\u0161u\u017edegimin\u012f ir gydom\u0105j\u012f poveik\u012f, nepa\u017eeid\u017eia hidrolipidin\u0117s mantijos, aktyvina mikrocirkuliacij\u0105 ir paruo\u0161ia od\u0105 tolimesn\u0117ms prie\u017ei\u016bros priemon\u0117ms. Skirtos normaliai ir mi\u0161riai odai. Idealiai tinka skutimui barbershope. Skirtingai nuo kit\u0173 skutimosi priemoni\u0173, \u0161ios putos prie\u0161 naudojim\u0105 turi b\u016bti suplaktos \u0161epet\u0117liu (geriausia specialiame duben\u0117lyje ar puodelyje). Taip paruo\u0161tos putos daug geriau u\u017e balionines tiek konsistencija, tiek peiliuk\u0173 slydimu. Dr\u0117kina, maitina od\u0105 ir nepa\u017eeid\u017eia profesionali\u0173 skutimosi peiliuk\u0173.<\/p>\n<p data-start=\"2016\" data-end=\"2034\"><strong data-start=\"2016\" data-end=\"2032\">T\u016bris: 200 g<\/strong><\/p>\n","protected":false},"excerpt":{"rendered":"<p data-start=\"2272\" data-end=\"2297\">Valomosios putos vyrams<\/p>\n<h2 data-start=\"2299\" data-end=\"2542\"><strong data-start=\"2299\" data-end=\"2354\">Forlle\u2019d &#8211; Hyalogy P-effect Washing For Men savyb\u0117s<\/strong><\/h2>\n<p data-start=\"2299\" data-end=\"2542\">\u2714\ufe0f Efektyviai pa\u0161alina ne\u0161varumus ir riebal\u0173 pertekli\u0173<br data-start=\"2411\" data-end=\"2414\" \/>\u2714\ufe0f Apsaugo nuo sausumo ir tempimo jausmo<br data-start=\"2454\" data-end=\"2457\" \/>\u2714\ufe0f Ramina sudirginim\u0105 ir ma\u017eina u\u017edegim\u0105<br data-start=\"2497\" data-end=\"2500\" \/>\u2714\ufe0f Gerina mikrocirkuliacij\u0105 ir odos ton\u0105<\/p>\n","protected":false},"featured_media":64396,"template":"","meta":[],"pwb-brand":[777],"product_brand":[],"product_cat":[746,718],"product_tag":[],"giftcard-category":[],"class_list":{"0":"post-51207","1":"product","2":"type-product","3":"status-publish","4":"has-post-thumbnail","6":"pwb-brand-forlled","7":"product_cat-jautriai-odai","8":"product_cat-valymas","10":"first","11":"instock","12":"taxable","13":"shipping-taxable","14":"purchasable","15":"product-type-simple"},"acf":[],"brands":[{"id":777,"name":"Forlled","slug":"forlled"}],"_links":{"self":[{"href":"https:\/\/skinstudio.ee\/lt\/wp-json\/wp\/v2\/product\/51207","targetHints":{"allow":["GET"]}}],"collection":[{"href":"https:\/\/skinstudio.ee\/lt\/wp-json\/wp\/v2\/product"}],"about":[{"href":"https:\/\/skinstudio.ee\/lt\/wp-json\/wp\/v2\/types\/product"}],"version-history":[{"count":0,"href":"https:\/\/skinstudio.ee\/lt\/wp-json\/wp\/v2\/product\/51207\/revisions"}],"wp:featuredmedia":[{"embeddable":true,"href":"https:\/\/skinstudio.ee\/lt\/wp-json\/wp\/v2\/media\/64396"}],"wp:attachment":[{"href":"https:\/\/skinstudio.ee\/lt\/wp-json\/wp\/v2\/media?parent=51207"}],"wp:term":[{"taxonomy":"pwb-brand","embeddable":true,"href":"https:\/\/skinstudio.ee\/lt\/wp-json\/wp\/v2\/pwb-brand?post=51207"},{"taxonomy":"product_brand","embeddable":true,"href":"https:\/\/skinstudio.ee\/lt\/wp-json\/wp\/v2\/product_brand?post=51207"},{"taxonomy":"product_cat","embeddable":true,"href":"https:\/\/skinstudio.ee\/lt\/wp-json\/wp\/v2\/product_cat?post=51207"},{"taxonomy":"product_tag","embeddable":true,"href":"https:\/\/skinstudio.ee\/lt\/wp-json\/wp\/v2\/product_tag?post=51207"},{"taxonomy":"giftcard-category","embeddable":true,"href":"https:\/\/skinstudio.ee\/lt\/wp-json\/wp\/v2\/giftcard-category?post=51207"}],"curies":[{"name":"wp","href":"https:\/\/api.w.org\/{rel}","templated":true}]}}