{"id":51223,"date":"2025-09-19T13:47:25","date_gmt":"2025-09-19T13:47:25","guid":{"rendered":"https:\/\/skinstudio.ee\/?post_type=product&#038;p=51223"},"modified":"2026-02-13T15:28:25","modified_gmt":"2026-02-13T15:28:25","slug":"hyalogy-lotion-for-men","status":"publish","type":"product","link":"https:\/\/skinstudio.ee\/lt\/catalog\/forlled\/hyalogy-lotion-for-men\/","title":{"rendered":"Hyalogy Lotion For Men"},"content":{"rendered":"<p data-start=\"1018\" data-end=\"1357\">Forlle\u2019d Hyalogy Lotion For Men sukurtas derinant naujausius nanotechnologij\u0173 pasiekimus su tradici\u0161kai Japonijos kosmetologijoje naudojamais augal\u0173 ekstraktais, siekiant atkurti ir regeneruoti pa\u017eeist\u0105 vyr\u0173 od\u0105. Produktas ma\u017eina sudirginim\u0105 ir nie\u017e\u0117jim\u0105, padeda gyti nedideliems pj\u016bviams po skutimosi, ramina paraudim\u0105 ir pleiskanojim\u0105.<\/p>\n<p data-start=\"1359\" data-end=\"1378\"><strong data-start=\"1359\" data-end=\"1376\">T\u016bris: 100 ml<\/strong><\/p>\n","protected":false},"excerpt":{"rendered":"<p data-start=\"1612\" data-end=\"1642\">Dr\u0117kinamasis losjonas vyrams<\/p>\n<h2 data-start=\"1644\" data-end=\"1893\"><strong data-start=\"1644\" data-end=\"1689\">Forlle\u2019d &#8211; Hyalogy Lotion For Men savyb\u0117s<\/strong><\/h2>\n<p data-start=\"1644\" data-end=\"1893\">\u2714\ufe0f Giliai dr\u0117kina ir apsaugo nuo sausumo<br data-start=\"1732\" data-end=\"1735\" \/>\u2714\ufe0f Ramina po skutimosi ir ma\u017eina sudirginim\u0105<br data-start=\"1779\" data-end=\"1782\" \/>\u2714\ufe0f Gerina odos elastingum\u0105 ir tonus\u0105<br data-start=\"1818\" data-end=\"1821\" \/>\u2714\ufe0f Atkuria apsaugin\u012f barjer\u0105<br data-start=\"1849\" data-end=\"1852\" \/>\u2714\ufe0f Tinka kasdienei vyr\u0173 odos prie\u017ei\u016brai<\/p>\n","protected":false},"featured_media":64391,"template":"","meta":[],"pwb-brand":[777],"product_brand":[],"product_cat":[738],"product_tag":[],"giftcard-category":[],"class_list":{"0":"post-51223","1":"product","2":"type-product","3":"status-publish","4":"has-post-thumbnail","6":"pwb-brand-forlled","7":"product_cat-drekinimas","9":"first","10":"instock","11":"taxable","12":"shipping-taxable","13":"purchasable","14":"product-type-simple"},"acf":[],"brands":[{"id":777,"name":"Forlled","slug":"forlled"}],"_links":{"self":[{"href":"https:\/\/skinstudio.ee\/lt\/wp-json\/wp\/v2\/product\/51223","targetHints":{"allow":["GET"]}}],"collection":[{"href":"https:\/\/skinstudio.ee\/lt\/wp-json\/wp\/v2\/product"}],"about":[{"href":"https:\/\/skinstudio.ee\/lt\/wp-json\/wp\/v2\/types\/product"}],"version-history":[{"count":0,"href":"https:\/\/skinstudio.ee\/lt\/wp-json\/wp\/v2\/product\/51223\/revisions"}],"wp:featuredmedia":[{"embeddable":true,"href":"https:\/\/skinstudio.ee\/lt\/wp-json\/wp\/v2\/media\/64391"}],"wp:attachment":[{"href":"https:\/\/skinstudio.ee\/lt\/wp-json\/wp\/v2\/media?parent=51223"}],"wp:term":[{"taxonomy":"pwb-brand","embeddable":true,"href":"https:\/\/skinstudio.ee\/lt\/wp-json\/wp\/v2\/pwb-brand?post=51223"},{"taxonomy":"product_brand","embeddable":true,"href":"https:\/\/skinstudio.ee\/lt\/wp-json\/wp\/v2\/product_brand?post=51223"},{"taxonomy":"product_cat","embeddable":true,"href":"https:\/\/skinstudio.ee\/lt\/wp-json\/wp\/v2\/product_cat?post=51223"},{"taxonomy":"product_tag","embeddable":true,"href":"https:\/\/skinstudio.ee\/lt\/wp-json\/wp\/v2\/product_tag?post=51223"},{"taxonomy":"giftcard-category","embeddable":true,"href":"https:\/\/skinstudio.ee\/lt\/wp-json\/wp\/v2\/giftcard-category?post=51223"}],"curies":[{"name":"wp","href":"https:\/\/api.w.org\/{rel}","templated":true}]}}