{"id":51240,"date":"2025-09-19T13:54:03","date_gmt":"2025-09-19T13:54:03","guid":{"rendered":"https:\/\/skinstudio.ee\/?post_type=product&#038;p=51240"},"modified":"2026-02-13T15:28:21","modified_gmt":"2026-02-13T15:28:21","slug":"hyalogy-emulsion-for-men","status":"publish","type":"product","link":"https:\/\/skinstudio.ee\/lt\/catalog\/forlled\/hyalogy-emulsion-for-men\/","title":{"rendered":"Hyalogy Emulsion For Men"},"content":{"rendered":"<p data-start=\"963\" data-end=\"1278\">Emulsija yra specialiai sukurta kasdienei vyr\u0173 odos prie\u017ei\u016brai, kuriai reikalingas \u0161velnus, bet veiksmingas raminantis ir atkuriantis poveikis. Auk\u0161t\u0173j\u0173 technologij\u0173 formul\u0117 suteikia visapusi\u0161k\u0105 sprendim\u0105 antibakterinei apsaugai, intensyviai regeneracijai, dehidratacijos prevencijai ir odos sen\u0117jimo sul\u0117tinimui.<\/p>\n<p data-start=\"1280\" data-end=\"1299\"><strong data-start=\"1280\" data-end=\"1297\">T\u016bris: 100 ml<\/strong><\/p>\n","protected":false},"excerpt":{"rendered":"<p data-start=\"1491\" data-end=\"1520\">Dr\u0117kinamoji emulsija vyrams<\/p>\n<h2 data-start=\"1522\" data-end=\"1823\"><strong data-start=\"1522\" data-end=\"1569\">Forlle\u2019d &#8211; Hyalogy Emulsion For Men savyb\u0117s<\/strong><\/h2>\n<p data-start=\"1522\" data-end=\"1823\">\u2714\ufe0f Intensyviai dr\u0117kina ir mink\u0161tina od\u0105<br data-start=\"1611\" data-end=\"1614\" \/>\u2714\ufe0f Stiprina barjerin\u0119 funkcij\u0105 ir saugo nuo i\u0161orini\u0173 veiksni\u0173<br data-start=\"1675\" data-end=\"1678\" \/>\u2714\ufe0f Ma\u017eina sudirgim\u0105 ir paraudim\u0105 po skutimosi<br data-start=\"1723\" data-end=\"1726\" \/>\u2714\ufe0f Gerina odos stangrum\u0105 ir elastingum\u0105<br data-start=\"1765\" data-end=\"1768\" \/>\u2714\ufe0f Tinka kasdieniam naudojimui ir visiems odos tipams<\/p>\n","protected":false},"featured_media":64386,"template":"","meta":[],"pwb-brand":[777],"product_brand":[],"product_cat":[738],"product_tag":[],"giftcard-category":[],"class_list":{"0":"post-51240","1":"product","2":"type-product","3":"status-publish","4":"has-post-thumbnail","6":"pwb-brand-forlled","7":"product_cat-drekinimas","9":"first","10":"instock","11":"taxable","12":"shipping-taxable","13":"purchasable","14":"product-type-simple"},"acf":[],"brands":[{"id":777,"name":"Forlled","slug":"forlled"}],"_links":{"self":[{"href":"https:\/\/skinstudio.ee\/lt\/wp-json\/wp\/v2\/product\/51240","targetHints":{"allow":["GET"]}}],"collection":[{"href":"https:\/\/skinstudio.ee\/lt\/wp-json\/wp\/v2\/product"}],"about":[{"href":"https:\/\/skinstudio.ee\/lt\/wp-json\/wp\/v2\/types\/product"}],"version-history":[{"count":0,"href":"https:\/\/skinstudio.ee\/lt\/wp-json\/wp\/v2\/product\/51240\/revisions"}],"wp:featuredmedia":[{"embeddable":true,"href":"https:\/\/skinstudio.ee\/lt\/wp-json\/wp\/v2\/media\/64386"}],"wp:attachment":[{"href":"https:\/\/skinstudio.ee\/lt\/wp-json\/wp\/v2\/media?parent=51240"}],"wp:term":[{"taxonomy":"pwb-brand","embeddable":true,"href":"https:\/\/skinstudio.ee\/lt\/wp-json\/wp\/v2\/pwb-brand?post=51240"},{"taxonomy":"product_brand","embeddable":true,"href":"https:\/\/skinstudio.ee\/lt\/wp-json\/wp\/v2\/product_brand?post=51240"},{"taxonomy":"product_cat","embeddable":true,"href":"https:\/\/skinstudio.ee\/lt\/wp-json\/wp\/v2\/product_cat?post=51240"},{"taxonomy":"product_tag","embeddable":true,"href":"https:\/\/skinstudio.ee\/lt\/wp-json\/wp\/v2\/product_tag?post=51240"},{"taxonomy":"giftcard-category","embeddable":true,"href":"https:\/\/skinstudio.ee\/lt\/wp-json\/wp\/v2\/giftcard-category?post=51240"}],"curies":[{"name":"wp","href":"https:\/\/api.w.org\/{rel}","templated":true}]}}