{"id":51256,"date":"2025-09-20T08:42:23","date_gmt":"2025-09-20T08:42:23","guid":{"rendered":"https:\/\/skinstudio.ee\/?post_type=product&#038;p=51256"},"modified":"2025-12-30T17:05:40","modified_gmt":"2025-12-30T17:05:40","slug":"age-element-brightening-cream","status":"publish","type":"product","link":"https:\/\/skinstudio.ee\/lt\/catalog\/mesoestetic\/age-element-brightening-cream\/","title":{"rendered":"Age Element Brightening Cream"},"content":{"rendered":"<p data-start=\"1263\" data-end=\"1529\"><strong data-start=\"1263\" data-end=\"1308\">Mesoestetic Age Element Brightening Cream<\/strong> dr\u0117kina od\u0105, \u0161velnina mimikos rauk\u0161les ir suteikia veidui sveiko \u0161vyt\u0117jim\u0105. Didel\u0117 stabilaus vitamino C koncentracija suteikia stipri\u0105 antioksidacin\u0119 apsaug\u0105, saugo nuo saul\u0117s pa\u017eeidim\u0173 ir padeda i\u0161vengti fotosen\u0117jimo.<\/p>\n<p data-start=\"1531\" data-end=\"1739\">Formul\u0117 praturtinta antioksidant\u0173 kompleksu: \u0161alavij\u0173 kilm\u0117s biopar\u0161ais ir augalin\u0117s kilm\u0117s glikozidais. \u0160ios veikliosios med\u017eiagos revitalizuoja od\u0105, palikdamos j\u0105 labiau sudr\u0117kint\u0105, tolygesn\u0119 ir gaivesn\u0119.<\/p>\n<p data-start=\"1741\" data-end=\"1907\">Lengvos gelio\u2013kremo tekst\u016bros priemon\u0117 greitai susigeria, nepalikdama lipnumo poj\u016b\u010dio, tod\u0117l yra ideali pirmiesiems sen\u0117jimo po\u017eymiams. Tinka kasdieniam naudojimui.<\/p>\n<p data-start=\"1909\" data-end=\"1927\"><strong data-start=\"1909\" data-end=\"1925\">T\u016bris: 50 ml<\/strong><\/p>\n","protected":false},"excerpt":{"rendered":"<p data-start=\"2031\" data-end=\"2068\">\u0160vyt\u0117jimo suteikiantis veido kremas<\/p>\n<h2 data-start=\"2070\" data-end=\"2366\"><strong data-start=\"2070\" data-end=\"2125\">Mesoestetic &#8211; Age Element Brightening Cream savyb\u0117s<\/strong><\/h2>\n<p data-start=\"2070\" data-end=\"2366\">\u2714\ufe0f Intensyviai dr\u0117kina od\u0105 ir suteikia jai spindesio<br data-start=\"2180\" data-end=\"2183\" \/>\u2714\ufe0f Ma\u017eina mimikos rauk\u0161li\u0173 matomum\u0105<br data-start=\"2218\" data-end=\"2221\" \/>\u2714\ufe0f Apsaugo nuo fotosen\u0117jimo ir saul\u0117s \u017ealos<br data-start=\"2264\" data-end=\"2267\" \/>\u2714\ufe0f Sulygina odos atspalv\u012f ir pagerina tekst\u016br\u0105<br data-start=\"2313\" data-end=\"2316\" \/>\u2714\ufe0f Lengva gelio\u2013kremo tekst\u016bra greitai susigeria<\/p>\n","protected":false},"featured_media":67126,"template":"","meta":[],"pwb-brand":[1133],"product_brand":[],"product_cat":[738,752,750],"product_tag":[],"giftcard-category":[],"class_list":{"0":"post-51256","1":"product","2":"type-product","3":"status-publish","4":"has-post-thumbnail","6":"pwb-brand-mesoestetic","7":"product_cat-drekinimas","8":"product_cat-pigmentacija-lt","9":"product_cat-senstanti-oda","11":"first","12":"instock","13":"taxable","14":"shipping-taxable","15":"purchasable","16":"product-type-simple"},"acf":[],"brands":[{"id":1133,"name":"Mesoestetic","slug":"mesoestetic"}],"_links":{"self":[{"href":"https:\/\/skinstudio.ee\/lt\/wp-json\/wp\/v2\/product\/51256","targetHints":{"allow":["GET"]}}],"collection":[{"href":"https:\/\/skinstudio.ee\/lt\/wp-json\/wp\/v2\/product"}],"about":[{"href":"https:\/\/skinstudio.ee\/lt\/wp-json\/wp\/v2\/types\/product"}],"version-history":[{"count":0,"href":"https:\/\/skinstudio.ee\/lt\/wp-json\/wp\/v2\/product\/51256\/revisions"}],"wp:featuredmedia":[{"embeddable":true,"href":"https:\/\/skinstudio.ee\/lt\/wp-json\/wp\/v2\/media\/67126"}],"wp:attachment":[{"href":"https:\/\/skinstudio.ee\/lt\/wp-json\/wp\/v2\/media?parent=51256"}],"wp:term":[{"taxonomy":"pwb-brand","embeddable":true,"href":"https:\/\/skinstudio.ee\/lt\/wp-json\/wp\/v2\/pwb-brand?post=51256"},{"taxonomy":"product_brand","embeddable":true,"href":"https:\/\/skinstudio.ee\/lt\/wp-json\/wp\/v2\/product_brand?post=51256"},{"taxonomy":"product_cat","embeddable":true,"href":"https:\/\/skinstudio.ee\/lt\/wp-json\/wp\/v2\/product_cat?post=51256"},{"taxonomy":"product_tag","embeddable":true,"href":"https:\/\/skinstudio.ee\/lt\/wp-json\/wp\/v2\/product_tag?post=51256"},{"taxonomy":"giftcard-category","embeddable":true,"href":"https:\/\/skinstudio.ee\/lt\/wp-json\/wp\/v2\/giftcard-category?post=51256"}],"curies":[{"name":"wp","href":"https:\/\/api.w.org\/{rel}","templated":true}]}}