{"id":51273,"date":"2025-09-20T08:48:26","date_gmt":"2025-09-20T08:48:26","guid":{"rendered":"https:\/\/skinstudio.ee\/?post_type=product&#038;p=51273"},"modified":"2025-12-30T17:05:40","modified_gmt":"2025-12-30T17:05:40","slug":"age-element-brightening-eye-contour","status":"publish","type":"product","link":"https:\/\/skinstudio.ee\/lt\/catalog\/mesoestetic\/age-element-brightening-eye-contour\/","title":{"rendered":"Age Element Brightening Eye Contour"},"content":{"rendered":"<p data-start=\"1422\" data-end=\"1705\"><strong data-start=\"1422\" data-end=\"1473\">Mesoestetic Age Element Brightening Eye Contour<\/strong> \u2013 tai inovatyvus kremas aki\u0173 sri\u010diai, kuris padeda atkurti gaivum\u0105 ir spindes\u012f \u017evilgsniui. Didel\u0117 stabilaus vitamino C koncentracija suteikia stipri\u0105 antioksidacin\u0119 apsaug\u0105, saugodama od\u0105 nuo fotosen\u0117jimo ir saul\u0117s daromos \u017ealos.<\/p>\n<p data-start=\"1707\" data-end=\"1925\">Formul\u0117 praturtinta unikaliomis veikliosiomis med\u017eiagomis: bakterij\u0173 miel\u0117s ma\u017eina pigmentinius tamsius ratilus, \u0161alavij\u0173 ekstraktas ir mikrobiologinis trisacharidas giliai dr\u0117kina od\u0105 ir \u0161velnina mimikos rauk\u0161leles.<\/p>\n<p data-start=\"1927\" data-end=\"2173\">Lengva gelio\u2013kremo tekst\u016bra kartu su keraminiu aplikatoriumi suteikia malon\u0173 v\u0117sinant\u012f efekt\u0105, ma\u017eina nuovargio po\u017eymius ir sustiprina prie\u0161rauk\u0161lin\u012f poveik\u012f. Jau po pirm\u0173j\u0173 naudojimo kart\u0173 oda aplink akis atrodo lygesn\u0117, tolygesn\u0117 ir \u0161vytinti.<\/p>\n<p data-start=\"2175\" data-end=\"2193\"><strong data-start=\"2175\" data-end=\"2191\">T\u016bris: 15 ml<\/strong><\/p>\n","protected":false},"excerpt":{"rendered":"<p data-start=\"2314\" data-end=\"2350\">\u0160vyt\u0117jimo suteikiantis aki\u0173 kremas<\/p>\n<h2 data-start=\"2352\" data-end=\"2686\"><strong data-start=\"2352\" data-end=\"2413\">Mesoestetic &#8211; Age Element Brightening Eye Contour savyb\u0117s<\/strong><\/h2>\n<p data-start=\"2352\" data-end=\"2686\">\u2714\ufe0f Ma\u017eina tamsius ratilus ir nuovargio po\u017eymius<br data-start=\"2463\" data-end=\"2466\" \/>\u2714\ufe0f Suteikia stipri\u0105 antioksidacin\u0119 apsaug\u0105<br data-start=\"2508\" data-end=\"2511\" \/>\u2714\ufe0f Pa\u0161viesina ir sulygina odos atspalv\u012f aplink akis<br data-start=\"2562\" data-end=\"2565\" \/>\u2714\ufe0f Dr\u0117kina ir \u0161velnina mimikos rauk\u0161les<br data-start=\"2604\" data-end=\"2607\" \/>\u2714\ufe0f Keraminis aplikatorius sustiprina v\u0117sinant\u012f ir paburkim\u0105 ma\u017einant\u012f poveik\u012f<\/p>\n","protected":false},"featured_media":67120,"template":"","meta":[],"pwb-brand":[1133],"product_brand":[],"product_cat":[734],"product_tag":[],"giftcard-category":[],"class_list":{"0":"post-51273","1":"product","2":"type-product","3":"status-publish","4":"has-post-thumbnail","6":"pwb-brand-mesoestetic","7":"product_cat-oda-aplink-akis","9":"first","10":"instock","11":"taxable","12":"shipping-taxable","13":"purchasable","14":"product-type-simple"},"acf":[],"brands":[{"id":1133,"name":"Mesoestetic","slug":"mesoestetic"}],"_links":{"self":[{"href":"https:\/\/skinstudio.ee\/lt\/wp-json\/wp\/v2\/product\/51273","targetHints":{"allow":["GET"]}}],"collection":[{"href":"https:\/\/skinstudio.ee\/lt\/wp-json\/wp\/v2\/product"}],"about":[{"href":"https:\/\/skinstudio.ee\/lt\/wp-json\/wp\/v2\/types\/product"}],"version-history":[{"count":0,"href":"https:\/\/skinstudio.ee\/lt\/wp-json\/wp\/v2\/product\/51273\/revisions"}],"wp:featuredmedia":[{"embeddable":true,"href":"https:\/\/skinstudio.ee\/lt\/wp-json\/wp\/v2\/media\/67120"}],"wp:attachment":[{"href":"https:\/\/skinstudio.ee\/lt\/wp-json\/wp\/v2\/media?parent=51273"}],"wp:term":[{"taxonomy":"pwb-brand","embeddable":true,"href":"https:\/\/skinstudio.ee\/lt\/wp-json\/wp\/v2\/pwb-brand?post=51273"},{"taxonomy":"product_brand","embeddable":true,"href":"https:\/\/skinstudio.ee\/lt\/wp-json\/wp\/v2\/product_brand?post=51273"},{"taxonomy":"product_cat","embeddable":true,"href":"https:\/\/skinstudio.ee\/lt\/wp-json\/wp\/v2\/product_cat?post=51273"},{"taxonomy":"product_tag","embeddable":true,"href":"https:\/\/skinstudio.ee\/lt\/wp-json\/wp\/v2\/product_tag?post=51273"},{"taxonomy":"giftcard-category","embeddable":true,"href":"https:\/\/skinstudio.ee\/lt\/wp-json\/wp\/v2\/giftcard-category?post=51273"}],"curies":[{"name":"wp","href":"https:\/\/api.w.org\/{rel}","templated":true}]}}