{"id":51289,"date":"2025-09-20T09:02:48","date_gmt":"2025-09-20T09:02:48","guid":{"rendered":"https:\/\/skinstudio.ee\/?post_type=product&#038;p=51289"},"modified":"2025-12-30T17:05:40","modified_gmt":"2025-12-30T17:05:40","slug":"age-element-brightening-concentrate","status":"publish","type":"product","link":"https:\/\/skinstudio.ee\/lt\/catalog\/mesoestetic\/age-element-brightening-concentrate\/","title":{"rendered":"Age Element Brightening Concentrate"},"content":{"rendered":"<p data-start=\"1391\" data-end=\"1747\"><strong data-start=\"1391\" data-end=\"1442\">Mesoestetic Age Element Brightening Concentrate<\/strong> \u2013 tai koncentruotas \u0161viesinamasis serumas, suteikiantis odai gaivi\u0105 ir \u0161vytin\u010di\u0105 i\u0161vaizd\u0105 bei apsaugantis nuo pirm\u0173j\u0173 sen\u0117jimo po\u017eymi\u0173. Didel\u0117 stabilaus vitamino C koncentracija u\u017etikrina stipr\u0173 antioksidacin\u012f poveik\u012f, neutralizuoja \u017ealing\u0105 saul\u0117s spinduliuot\u0117s poveik\u012f ir padeda i\u0161vengti fotosen\u0117jimo.<\/p>\n<p data-start=\"1749\" data-end=\"1940\">Formul\u0117 praturtinta j\u016br\u0173 biotechnologiniu ekstraktu ir niacinamidu, kurie veikia sinergi\u0161kai su vitaminu C: sulygina odos atspalv\u012f, sustiprina jos \u0161vyt\u0117jim\u0105 ir pastebimai pagerina tekst\u016br\u0105.<\/p>\n<p data-start=\"1942\" data-end=\"2110\">Lengva vandens-gelio tekst\u016bra akimirksniu susigeria, palikdama tiesiogin\u012f \u0161vyt\u0117jimo efekt\u0105. Jau po pirm\u0173j\u0173 naudojimo kart\u0173 oda atrodo lygesn\u0117, stangresn\u0117 ir gaivesn\u0117.<\/p>\n<p data-start=\"2112\" data-end=\"2130\"><strong data-start=\"2112\" data-end=\"2128\">T\u016bris: 30 ml<\/strong><\/p>\n","protected":false},"excerpt":{"rendered":"<p data-start=\"2275\" data-end=\"2313\">\u0160vyt\u0117jimo suteikiantis veido serumas<\/p>\n<h2 data-start=\"2315\" data-end=\"2657\"><strong data-start=\"2315\" data-end=\"2376\">Mesoestetic &#8211; Age Element Brightening Concentrate savyb\u0117s<\/strong><\/h2>\n<p data-start=\"2315\" data-end=\"2657\">\u2714\ufe0f Pa\u0161viesina ir sulygina odos atspalv\u012f<br data-start=\"2418\" data-end=\"2421\" \/>\u2714\ufe0f Suteikia stipri\u0105 antioksidacin\u0119 apsaug\u0105<br data-start=\"2463\" data-end=\"2466\" \/>\u2714\ufe0f Padeda i\u0161vengti fotosen\u0117jimo ir saul\u0117s \u017ealos<br data-start=\"2513\" data-end=\"2516\" \/>\u2714\ufe0f Sud\u0117tyje yra j\u016br\u0173 biotechnologinis ekstraktas ir niacinamidas<br data-start=\"2580\" data-end=\"2583\" \/>\u2714\ufe0f Lengva vandens-gelio tekst\u016bra greitai susigeria ir suteikia \u0161vyt\u0117jimo<\/p>\n","protected":false},"featured_media":67114,"template":"","meta":[],"pwb-brand":[1133],"product_brand":[],"product_cat":[752,724,730],"product_tag":[],"giftcard-category":[],"class_list":{"0":"post-51289","1":"product","2":"type-product","3":"status-publish","4":"has-post-thumbnail","6":"pwb-brand-mesoestetic","7":"product_cat-pigmentacija-lt","8":"product_cat-serumai","9":"product_cat-vitaminas-c","11":"first","12":"instock","13":"taxable","14":"shipping-taxable","15":"purchasable","16":"product-type-simple"},"acf":[],"brands":[{"id":1133,"name":"Mesoestetic","slug":"mesoestetic"}],"_links":{"self":[{"href":"https:\/\/skinstudio.ee\/lt\/wp-json\/wp\/v2\/product\/51289","targetHints":{"allow":["GET"]}}],"collection":[{"href":"https:\/\/skinstudio.ee\/lt\/wp-json\/wp\/v2\/product"}],"about":[{"href":"https:\/\/skinstudio.ee\/lt\/wp-json\/wp\/v2\/types\/product"}],"version-history":[{"count":0,"href":"https:\/\/skinstudio.ee\/lt\/wp-json\/wp\/v2\/product\/51289\/revisions"}],"wp:featuredmedia":[{"embeddable":true,"href":"https:\/\/skinstudio.ee\/lt\/wp-json\/wp\/v2\/media\/67114"}],"wp:attachment":[{"href":"https:\/\/skinstudio.ee\/lt\/wp-json\/wp\/v2\/media?parent=51289"}],"wp:term":[{"taxonomy":"pwb-brand","embeddable":true,"href":"https:\/\/skinstudio.ee\/lt\/wp-json\/wp\/v2\/pwb-brand?post=51289"},{"taxonomy":"product_brand","embeddable":true,"href":"https:\/\/skinstudio.ee\/lt\/wp-json\/wp\/v2\/product_brand?post=51289"},{"taxonomy":"product_cat","embeddable":true,"href":"https:\/\/skinstudio.ee\/lt\/wp-json\/wp\/v2\/product_cat?post=51289"},{"taxonomy":"product_tag","embeddable":true,"href":"https:\/\/skinstudio.ee\/lt\/wp-json\/wp\/v2\/product_tag?post=51289"},{"taxonomy":"giftcard-category","embeddable":true,"href":"https:\/\/skinstudio.ee\/lt\/wp-json\/wp\/v2\/giftcard-category?post=51289"}],"curies":[{"name":"wp","href":"https:\/\/api.w.org\/{rel}","templated":true}]}}