{"id":51305,"date":"2025-09-20T09:12:50","date_gmt":"2025-09-20T09:12:50","guid":{"rendered":"https:\/\/skinstudio.ee\/?post_type=product&#038;p=51305"},"modified":"2025-12-30T17:05:40","modified_gmt":"2025-12-30T17:05:40","slug":"age-element-brightening-complex","status":"publish","type":"product","link":"https:\/\/skinstudio.ee\/lt\/catalog\/mesoestetic\/age-element-brightening-complex\/","title":{"rendered":"Age Element Brightening Complex"},"content":{"rendered":"<p data-start=\"1846\" data-end=\"2171\"><strong data-start=\"1846\" data-end=\"1893\">Mesoestetic Age Element Brightening Complex<\/strong> \u2013 tai intensyvi \u0161oko terapija, sukurta giliai atnaujinti od\u0105 ir sugr\u0105\u017einti jai \u0161vyt\u0117jim\u0105. Didel\u0117 stabilaus vitamino C koncentracija suteikia stipri\u0105 antioksidacin\u0119 apsaug\u0105, neutralizuoja laisvuosius radikalus, padeda i\u0161vengti fotosen\u0117jimo ir daro od\u0105 stangresn\u0119 bei gaivesn\u0119.<\/p>\n<p data-start=\"2173\" data-end=\"2376\">Unikali formul\u0117 apjungia <strong data-start=\"2198\" data-end=\"2256\">15% gryno vitamino C, hialurono r\u016bg\u0161t\u012f ir trisacharid\u0105<\/strong>, kurie veikia sinergi\u0161kai: skatina epidermio atsinaujinim\u0105, atkuria dr\u0117gm\u0117s balans\u0105, pa\u0161viesina ir revitalizuoja od\u0105.<\/p>\n<p data-start=\"2378\" data-end=\"2592\">Produktas pasi\u017eymi novatori\u0161ku \u201eaktyvuoti prie\u0161 naudojim\u0105\u201c formatu: vitamino C milteli\u0173 faz\u0117 \u012fjungiama \u012f skyst\u0105j\u0105 faz\u0119 prie\u0161 pat naudojim\u0105, u\u017etikrinant did\u017eiausi\u0105 stabilum\u0105 ir efektyvum\u0105 iki pat u\u017etepimo momento.<\/p>\n<p data-start=\"2594\" data-end=\"2617\"><strong data-start=\"2594\" data-end=\"2615\">T\u016bris: 4 x 5,5 ml<\/strong><\/p>\n","protected":false},"excerpt":{"rendered":"<p data-start=\"3162\" data-end=\"3205\">Intensyvus \u0161viesinamasis veido kompleksas<\/p>\n<h2 data-start=\"3207\" data-end=\"3557\"><strong data-start=\"3207\" data-end=\"3264\">Mesoestetic &#8211; Age Element Brightening Complex savyb\u0117s<\/strong><\/h2>\n<p data-start=\"3207\" data-end=\"3557\">\u2714\ufe0f Sud\u0117tyje yra 15% gryno vitamino C intensyviam \u0161vyt\u0117jimui<br data-start=\"3326\" data-end=\"3329\" \/>\u2714\ufe0f Apsaugo nuo fotosen\u0117jimo ir saul\u0117s \u017ealos<br data-start=\"3372\" data-end=\"3375\" \/>\u2714\ufe0f Hialurono r\u016bg\u0161tis ir trisacharidas dr\u0117kina ir atnaujina od\u0105<br data-start=\"3437\" data-end=\"3440\" \/>\u2714\ufe0f Stimuliuoja epidermio regeneracij\u0105 ir sulygina atspalv\u012f<br data-start=\"3498\" data-end=\"3501\" \/>\u2714\ufe0f Aktyvavimo formatas i\u0161saugo did\u017eiausi\u0105 veiksmingum\u0105<\/p>\n","protected":false},"featured_media":67108,"template":"","meta":[],"pwb-brand":[1133],"product_brand":[],"product_cat":[724,730],"product_tag":[],"giftcard-category":[],"class_list":{"0":"post-51305","1":"product","2":"type-product","3":"status-publish","4":"has-post-thumbnail","6":"pwb-brand-mesoestetic","7":"product_cat-serumai","8":"product_cat-vitaminas-c","10":"first","11":"instock","12":"taxable","13":"shipping-taxable","14":"purchasable","15":"product-type-simple"},"acf":[],"brands":[{"id":1133,"name":"Mesoestetic","slug":"mesoestetic"}],"_links":{"self":[{"href":"https:\/\/skinstudio.ee\/lt\/wp-json\/wp\/v2\/product\/51305","targetHints":{"allow":["GET"]}}],"collection":[{"href":"https:\/\/skinstudio.ee\/lt\/wp-json\/wp\/v2\/product"}],"about":[{"href":"https:\/\/skinstudio.ee\/lt\/wp-json\/wp\/v2\/types\/product"}],"version-history":[{"count":0,"href":"https:\/\/skinstudio.ee\/lt\/wp-json\/wp\/v2\/product\/51305\/revisions"}],"wp:featuredmedia":[{"embeddable":true,"href":"https:\/\/skinstudio.ee\/lt\/wp-json\/wp\/v2\/media\/67108"}],"wp:attachment":[{"href":"https:\/\/skinstudio.ee\/lt\/wp-json\/wp\/v2\/media?parent=51305"}],"wp:term":[{"taxonomy":"pwb-brand","embeddable":true,"href":"https:\/\/skinstudio.ee\/lt\/wp-json\/wp\/v2\/pwb-brand?post=51305"},{"taxonomy":"product_brand","embeddable":true,"href":"https:\/\/skinstudio.ee\/lt\/wp-json\/wp\/v2\/product_brand?post=51305"},{"taxonomy":"product_cat","embeddable":true,"href":"https:\/\/skinstudio.ee\/lt\/wp-json\/wp\/v2\/product_cat?post=51305"},{"taxonomy":"product_tag","embeddable":true,"href":"https:\/\/skinstudio.ee\/lt\/wp-json\/wp\/v2\/product_tag?post=51305"},{"taxonomy":"giftcard-category","embeddable":true,"href":"https:\/\/skinstudio.ee\/lt\/wp-json\/wp\/v2\/giftcard-category?post=51305"}],"curies":[{"name":"wp","href":"https:\/\/api.w.org\/{rel}","templated":true}]}}