{"id":51320,"date":"2025-09-20T09:33:00","date_gmt":"2025-09-20T09:33:00","guid":{"rendered":"https:\/\/skinstudio.ee\/?post_type=product&#038;p=51320"},"modified":"2025-12-30T17:05:40","modified_gmt":"2025-12-30T17:05:40","slug":"age-element-firming-cream","status":"publish","type":"product","link":"https:\/\/skinstudio.ee\/lt\/catalog\/mesoestetic\/age-element-firming-cream\/","title":{"rendered":"Age Element Firming Cream"},"content":{"rendered":"<p data-start=\"1201\" data-end=\"1690\"><strong data-start=\"1201\" data-end=\"1242\">Mesoestetic Age Element Firming Cream<\/strong> \u2013 tai naujos kartos kremas odos stangrinimui ir pak\u0117limui. Sud\u0117tyje yra lipopetidas Kyotorphin neurokosmetiniam liftingui, lubin\u0173 peptidai strukt\u016bros palaikymui ir fitoaktyv\u016bs junginiai odos sutempimui.<br data-start=\"1445\" data-end=\"1448\" \/>Lipopetid\u0173 technologija imituoja neuromediatori\u0173 veikl\u0105, suteikdama akimirksnin\u012f stangrinam\u0105j\u012f efekt\u0105, o i\u0161 lubin\u0173 gauti peptidai stiprina kolageno tinkl\u0105. Klini\u0161kai \u012frodyta: po 28 dien\u0173 reguliaraus naudojimo odos elastingumas pager\u0117ja 39%.<\/p>\n<p data-start=\"1692\" data-end=\"1710\"><strong data-start=\"1692\" data-end=\"1708\">T\u016bris: 50 ml<\/strong><\/p>\n","protected":false},"excerpt":{"rendered":"<p data-start=\"1941\" data-end=\"1970\">Stangrinamasis veido kremas<\/p>\n<h2 data-start=\"1972\" data-end=\"2257\"><strong data-start=\"1972\" data-end=\"2023\">Mesoestetic &#8211; Age Element Firming Cream savyb\u0117s<\/strong><\/h2>\n<p data-start=\"1972\" data-end=\"2257\">\u2714\ufe0f Suteikia matom\u0105 liftingo efekt\u0105<br data-start=\"2060\" data-end=\"2063\" \/>\u2714\ufe0f Skatina kolageno sintez\u0119 ir stiprina odos strukt\u016br\u0105<br data-start=\"2117\" data-end=\"2120\" \/>\u2714\ufe0f Padaro od\u0105 tankesn\u0119 ir stangresn\u0119<br data-start=\"2156\" data-end=\"2159\" \/>\u2714\ufe0f Patempia veido kont\u016brus ir suma\u017eina suglebim\u0105<br data-start=\"2207\" data-end=\"2210\" \/>\u2714\ufe0f Pagerina elastingum\u0105 reguliariai naudojant<\/p>\n","protected":false},"featured_media":67103,"template":"","meta":[],"pwb-brand":[1133],"product_brand":[],"product_cat":[738,750],"product_tag":[],"giftcard-category":[],"class_list":{"0":"post-51320","1":"product","2":"type-product","3":"status-publish","4":"has-post-thumbnail","6":"pwb-brand-mesoestetic","7":"product_cat-drekinimas","8":"product_cat-senstanti-oda","10":"first","11":"instock","12":"taxable","13":"shipping-taxable","14":"purchasable","15":"product-type-simple"},"acf":[],"brands":[{"id":1133,"name":"Mesoestetic","slug":"mesoestetic"}],"_links":{"self":[{"href":"https:\/\/skinstudio.ee\/lt\/wp-json\/wp\/v2\/product\/51320","targetHints":{"allow":["GET"]}}],"collection":[{"href":"https:\/\/skinstudio.ee\/lt\/wp-json\/wp\/v2\/product"}],"about":[{"href":"https:\/\/skinstudio.ee\/lt\/wp-json\/wp\/v2\/types\/product"}],"version-history":[{"count":0,"href":"https:\/\/skinstudio.ee\/lt\/wp-json\/wp\/v2\/product\/51320\/revisions"}],"wp:featuredmedia":[{"embeddable":true,"href":"https:\/\/skinstudio.ee\/lt\/wp-json\/wp\/v2\/media\/67103"}],"wp:attachment":[{"href":"https:\/\/skinstudio.ee\/lt\/wp-json\/wp\/v2\/media?parent=51320"}],"wp:term":[{"taxonomy":"pwb-brand","embeddable":true,"href":"https:\/\/skinstudio.ee\/lt\/wp-json\/wp\/v2\/pwb-brand?post=51320"},{"taxonomy":"product_brand","embeddable":true,"href":"https:\/\/skinstudio.ee\/lt\/wp-json\/wp\/v2\/product_brand?post=51320"},{"taxonomy":"product_cat","embeddable":true,"href":"https:\/\/skinstudio.ee\/lt\/wp-json\/wp\/v2\/product_cat?post=51320"},{"taxonomy":"product_tag","embeddable":true,"href":"https:\/\/skinstudio.ee\/lt\/wp-json\/wp\/v2\/product_tag?post=51320"},{"taxonomy":"giftcard-category","embeddable":true,"href":"https:\/\/skinstudio.ee\/lt\/wp-json\/wp\/v2\/giftcard-category?post=51320"}],"curies":[{"name":"wp","href":"https:\/\/api.w.org\/{rel}","templated":true}]}}