{"id":51339,"date":"2025-09-21T08:47:26","date_gmt":"2025-09-21T08:47:26","guid":{"rendered":"https:\/\/skinstudio.ee\/?post_type=product&#038;p=51339"},"modified":"2025-12-30T17:05:40","modified_gmt":"2025-12-30T17:05:40","slug":"age-element-firming-eye-contour","status":"publish","type":"product","link":"https:\/\/skinstudio.ee\/lt\/catalog\/mesoestetic\/age-element-firming-eye-contour\/","title":{"rendered":"Age Element Firming Eye Contour"},"content":{"rendered":"<p data-start=\"1272\" data-end=\"1625\"><strong data-start=\"1272\" data-end=\"1319\">Mesoestetic Age Element Firming Eye Contour<\/strong> \u2013 tai stangrinanti aki\u0173 srities prie\u017ei\u016bros priemon\u0117 su stipriu liftingo ir tempimo efektu. Biopolimerais praturtinta formul\u0117 suteikia intensyv\u0173 sutraukim\u0105, i\u0161lygina mimikos rauk\u0161leles ir pagerina vir\u0161utinio voko tonus\u0105. Blue-stay med\u017eio ekstraktas padeda suma\u017einti tamsius ratilus ir atgaivina \u017evilgsn\u012f.<\/p>\n<p data-start=\"1627\" data-end=\"1858\">Lengva gelio\u2013kremo tekst\u016bra kartu su keraminiu aplikatoriumi suteikia malon\u0173 v\u0117sinant\u012f poj\u016bt\u012f, sustiprina liftingo efekt\u0105 ir ma\u017eina nuovargio po\u017eymius. Jau po pirm\u0173j\u0173 naudojim\u0173 \u017evilgsnis atrodo atviresnis, gaivesnis ir pails\u0117j\u0119s.<\/p>\n<p data-start=\"1860\" data-end=\"1878\"><strong data-start=\"1860\" data-end=\"1876\">T\u016bris: 15 ml<\/strong><\/p>\n","protected":false},"excerpt":{"rendered":"<p data-start=\"2055\" data-end=\"2083\">Stangrinamasis aki\u0173 kremas<\/p>\n<h2 data-start=\"2085\" data-end=\"2410\"><strong data-start=\"2085\" data-end=\"2142\">Mesoestetic &#8211; Age Element Firming Eye Contour savyb\u0117s<\/strong><\/h2>\n<p data-start=\"2085\" data-end=\"2410\">\u2714\ufe0f Suteikia matom\u0105 liftingo efekt\u0105 ir vok\u0173 stangrum\u0105<br data-start=\"2197\" data-end=\"2200\" \/>\u2714\ufe0f I\u0161lygina smulkias mimikos rauk\u0161leles<br data-start=\"2239\" data-end=\"2242\" \/>\u2714\ufe0f Stiprina vir\u0161utin\u012f vok\u0105 ir pagerina jo tonus\u0105<br data-start=\"2290\" data-end=\"2293\" \/>\u2714\ufe0f Ma\u017eina tamsius ratilus ir nuovargio po\u017eymius<br data-start=\"2340\" data-end=\"2343\" \/>\u2714\ufe0f Keraminis aplikatorius sustiprina v\u0117sinant\u012f ir liftingo efekt\u0105<\/p>\n","protected":false},"featured_media":67098,"template":"","meta":[],"pwb-brand":[1133],"product_brand":[],"product_cat":[734],"product_tag":[],"giftcard-category":[],"class_list":{"0":"post-51339","1":"product","2":"type-product","3":"status-publish","4":"has-post-thumbnail","6":"pwb-brand-mesoestetic","7":"product_cat-oda-aplink-akis","9":"first","10":"instock","11":"taxable","12":"shipping-taxable","13":"purchasable","14":"product-type-simple"},"acf":[],"brands":[{"id":1133,"name":"Mesoestetic","slug":"mesoestetic"}],"_links":{"self":[{"href":"https:\/\/skinstudio.ee\/lt\/wp-json\/wp\/v2\/product\/51339","targetHints":{"allow":["GET"]}}],"collection":[{"href":"https:\/\/skinstudio.ee\/lt\/wp-json\/wp\/v2\/product"}],"about":[{"href":"https:\/\/skinstudio.ee\/lt\/wp-json\/wp\/v2\/types\/product"}],"version-history":[{"count":0,"href":"https:\/\/skinstudio.ee\/lt\/wp-json\/wp\/v2\/product\/51339\/revisions"}],"wp:featuredmedia":[{"embeddable":true,"href":"https:\/\/skinstudio.ee\/lt\/wp-json\/wp\/v2\/media\/67098"}],"wp:attachment":[{"href":"https:\/\/skinstudio.ee\/lt\/wp-json\/wp\/v2\/media?parent=51339"}],"wp:term":[{"taxonomy":"pwb-brand","embeddable":true,"href":"https:\/\/skinstudio.ee\/lt\/wp-json\/wp\/v2\/pwb-brand?post=51339"},{"taxonomy":"product_brand","embeddable":true,"href":"https:\/\/skinstudio.ee\/lt\/wp-json\/wp\/v2\/product_brand?post=51339"},{"taxonomy":"product_cat","embeddable":true,"href":"https:\/\/skinstudio.ee\/lt\/wp-json\/wp\/v2\/product_cat?post=51339"},{"taxonomy":"product_tag","embeddable":true,"href":"https:\/\/skinstudio.ee\/lt\/wp-json\/wp\/v2\/product_tag?post=51339"},{"taxonomy":"giftcard-category","embeddable":true,"href":"https:\/\/skinstudio.ee\/lt\/wp-json\/wp\/v2\/giftcard-category?post=51339"}],"curies":[{"name":"wp","href":"https:\/\/api.w.org\/{rel}","templated":true}]}}