{"id":51355,"date":"2025-09-21T08:55:43","date_gmt":"2025-09-21T08:55:43","guid":{"rendered":"https:\/\/skinstudio.ee\/?post_type=product&#038;p=51355"},"modified":"2025-12-30T17:05:40","modified_gmt":"2025-12-30T17:05:40","slug":"age-element-firming-concentrate","status":"publish","type":"product","link":"https:\/\/skinstudio.ee\/lt\/catalog\/mesoestetic\/age-element-firming-concentrate\/","title":{"rendered":"Age Element Firming Concentrate"},"content":{"rendered":"<p data-start=\"1301\" data-end=\"1776\"><strong data-start=\"1301\" data-end=\"1348\">Mesoestetic Age Element Firming Concentrate<\/strong> \u2013 tai galingas stangrinamasis serumas, sukurtas atkurti odos elastingum\u0105 ir pagerinti veido kont\u016brus. Jis veikia keliais lygmenimis: skatina kolageno ir elastino sintez\u0119, palaiko nat\u016brali\u0105 odos strukt\u016br\u0105, stiprina j\u0105 ir vizualiai ma\u017eina suglebimo po\u017eymius. D\u0117l liftingo aktyvi\u0173j\u0173 ingredient\u0173 ir pa\u017eangios technologijos koncentratas greitai suteikia odai tankesn\u0119, stangresn\u0119 i\u0161vaizd\u0105 ir padeda atkurti ry\u0161kius veido kont\u016brus.<\/p>\n<p data-start=\"1778\" data-end=\"1796\"><strong data-start=\"1778\" data-end=\"1794\">T\u016bris: 30 ml<\/strong><\/p>\n","protected":false},"excerpt":{"rendered":"<p data-start=\"2165\" data-end=\"2203\">Stangrinamasis koncentruotas serumas<\/p>\n<h2 data-start=\"2205\" data-end=\"2476\"><strong data-start=\"2205\" data-end=\"2262\">Mesoestetic &#8211; Age Element Firming Concentrate savyb\u0117s<\/strong><\/h2>\n<p data-start=\"2205\" data-end=\"2476\">\u2714\ufe0f Atkuria odos stangrum\u0105 ir elastingum\u0105<br data-start=\"2305\" data-end=\"2308\" \/>\u2714\ufe0f Skatina kolageno ir elastino gamyb\u0105<br data-start=\"2346\" data-end=\"2349\" \/>\u2714\ufe0f Pakelia veido kont\u016brus ir pagerina j\u0173 ai\u0161kum\u0105<br data-start=\"2397\" data-end=\"2400\" \/>\u2714\ufe0f Suteikia akimirksnin\u012f liftingo efekt\u0105<br data-start=\"2440\" data-end=\"2443\" \/>\u2714\ufe0f Tinka naudoti ryte ir vakare<\/p>\n","protected":false},"featured_media":67093,"template":"","meta":[],"pwb-brand":[1133],"product_brand":[],"product_cat":[750,724],"product_tag":[],"giftcard-category":[],"class_list":{"0":"post-51355","1":"product","2":"type-product","3":"status-publish","4":"has-post-thumbnail","6":"pwb-brand-mesoestetic","7":"product_cat-senstanti-oda","8":"product_cat-serumai","10":"first","11":"instock","12":"taxable","13":"shipping-taxable","14":"purchasable","15":"product-type-simple"},"acf":[],"brands":[{"id":1133,"name":"Mesoestetic","slug":"mesoestetic"}],"_links":{"self":[{"href":"https:\/\/skinstudio.ee\/lt\/wp-json\/wp\/v2\/product\/51355","targetHints":{"allow":["GET"]}}],"collection":[{"href":"https:\/\/skinstudio.ee\/lt\/wp-json\/wp\/v2\/product"}],"about":[{"href":"https:\/\/skinstudio.ee\/lt\/wp-json\/wp\/v2\/types\/product"}],"version-history":[{"count":0,"href":"https:\/\/skinstudio.ee\/lt\/wp-json\/wp\/v2\/product\/51355\/revisions"}],"wp:featuredmedia":[{"embeddable":true,"href":"https:\/\/skinstudio.ee\/lt\/wp-json\/wp\/v2\/media\/67093"}],"wp:attachment":[{"href":"https:\/\/skinstudio.ee\/lt\/wp-json\/wp\/v2\/media?parent=51355"}],"wp:term":[{"taxonomy":"pwb-brand","embeddable":true,"href":"https:\/\/skinstudio.ee\/lt\/wp-json\/wp\/v2\/pwb-brand?post=51355"},{"taxonomy":"product_brand","embeddable":true,"href":"https:\/\/skinstudio.ee\/lt\/wp-json\/wp\/v2\/product_brand?post=51355"},{"taxonomy":"product_cat","embeddable":true,"href":"https:\/\/skinstudio.ee\/lt\/wp-json\/wp\/v2\/product_cat?post=51355"},{"taxonomy":"product_tag","embeddable":true,"href":"https:\/\/skinstudio.ee\/lt\/wp-json\/wp\/v2\/product_tag?post=51355"},{"taxonomy":"giftcard-category","embeddable":true,"href":"https:\/\/skinstudio.ee\/lt\/wp-json\/wp\/v2\/giftcard-category?post=51355"}],"curies":[{"name":"wp","href":"https:\/\/api.w.org\/{rel}","templated":true}]}}