{"id":51371,"date":"2025-09-21T09:10:41","date_gmt":"2025-09-21T09:10:41","guid":{"rendered":"https:\/\/skinstudio.ee\/?post_type=product&#038;p=51371"},"modified":"2025-12-30T17:05:40","modified_gmt":"2025-12-30T17:05:40","slug":"age-element-firming-elixir","status":"publish","type":"product","link":"https:\/\/skinstudio.ee\/lt\/catalog\/mesoestetic\/age-element-firming-elixir\/","title":{"rendered":"Age Element Firming Elixir"},"content":{"rendered":"<p data-start=\"1350\" data-end=\"1718\"><strong data-start=\"1350\" data-end=\"1392\">Mesoestetic Age Element Firming Elixir<\/strong> \u2013 tai inovatyvus maisto papildas su hidrolizuotu j\u016briniu kolagenu, sukurtas atkurti odos stangrum\u0105 ir apsaugoti j\u0105 nuo matom\u0173 sen\u0117jimo po\u017eymi\u0173. Kiekvienoje doz\u0117je yra <strong data-start=\"1560\" data-end=\"1601\">10 g auk\u0161tos kokyb\u0117s kolageno peptid\u0173<\/strong>, kurie skatina nat\u016brali\u0105 kolageno sintez\u0119 ir apsaugo nuo jo irimo, i\u0161laikydami od\u0105 stangri\u0105, lygi\u0105 ir jaunatvi\u0161k\u0105.<\/p>\n<p data-start=\"1720\" data-end=\"1910\">Formul\u0117 papildyta <strong data-start=\"1738\" data-end=\"1760\">hialurono r\u016bg\u0161timi<\/strong> intensyviam dr\u0117kinimui bei <strong data-start=\"1788\" data-end=\"1834\">a\u00e7a\u00ed ir likopeno antioksidant\u0173 ekstraktais<\/strong>, kurie ma\u017eina oksidacin\u012f stres\u0105 ir saugo od\u0105 nuo laisv\u0173j\u0173 radikal\u0173 \u017ealos.<\/p>\n<p data-start=\"1912\" data-end=\"2094\">Eliksyras turi malon\u0173 mandarin\u0173 ir gervuogi\u0173 skon\u012f, neturi cukraus, tod\u0117l yra idealus kasdienis gro\u017eio ritualas tiems, kurie siekia i\u0161laikyti jaunatvi\u0161k\u0105 ir stangri\u0105 od\u0105 i\u0161 vidaus.<\/p>\n<p data-start=\"2096\" data-end=\"2118\"><strong data-start=\"2096\" data-end=\"2116\">T\u016bris: 6 x 30 ml<\/strong><\/p>\n","protected":false},"excerpt":{"rendered":"<p data-start=\"2175\" data-end=\"2210\">Stangrinamasis fitoeliksyras odai<\/p>\n<h2 data-start=\"2212\" data-end=\"2534\"><strong data-start=\"2212\" data-end=\"2264\">Mesoestetic &#8211; Age Element Firming Elixir savyb\u0117s<\/strong><\/h2>\n<p data-start=\"2212\" data-end=\"2534\">\u2714\ufe0f Sud\u0117tyje yra 10 g hidrolizuoto j\u016brinio kolageno<br data-start=\"2317\" data-end=\"2320\" \/>\u2714\ufe0f Skatina kolageno sintez\u0119 ir saugo nuo irimo<br data-start=\"2366\" data-end=\"2369\" \/>\u2714\ufe0f Hialurono r\u016bg\u0161tis suteikia intensyv\u0173 dr\u0117kinim\u0105<br data-start=\"2418\" data-end=\"2421\" \/>\u2714\ufe0f A\u00e7a\u00ed ir likopeno ekstraktai ma\u017eina oksidacin\u012f stres\u0105<br data-start=\"2476\" data-end=\"2479\" \/>\u2714\ufe0f Malonaus mandarin\u0173 ir gervuogi\u0173 skonio, be cukraus<\/p>\n","protected":false},"featured_media":67088,"template":"","meta":[],"pwb-brand":[1133],"product_brand":[],"product_cat":[750,724],"product_tag":[],"giftcard-category":[],"class_list":{"0":"post-51371","1":"product","2":"type-product","3":"status-publish","4":"has-post-thumbnail","6":"pwb-brand-mesoestetic","7":"product_cat-odos-senejimas","8":"product_cat-serumai","10":"first","11":"instock","12":"sale","13":"taxable","14":"shipping-taxable","15":"purchasable","16":"product-type-simple"},"acf":[],"brands":[{"id":1133,"name":"Mesoestetic","slug":"mesoestetic"}],"_links":{"self":[{"href":"https:\/\/skinstudio.ee\/lt\/wp-json\/wp\/v2\/product\/51371","targetHints":{"allow":["GET"]}}],"collection":[{"href":"https:\/\/skinstudio.ee\/lt\/wp-json\/wp\/v2\/product"}],"about":[{"href":"https:\/\/skinstudio.ee\/lt\/wp-json\/wp\/v2\/types\/product"}],"version-history":[{"count":0,"href":"https:\/\/skinstudio.ee\/lt\/wp-json\/wp\/v2\/product\/51371\/revisions"}],"wp:featuredmedia":[{"embeddable":true,"href":"https:\/\/skinstudio.ee\/lt\/wp-json\/wp\/v2\/media\/67088"}],"wp:attachment":[{"href":"https:\/\/skinstudio.ee\/lt\/wp-json\/wp\/v2\/media?parent=51371"}],"wp:term":[{"taxonomy":"pwb-brand","embeddable":true,"href":"https:\/\/skinstudio.ee\/lt\/wp-json\/wp\/v2\/pwb-brand?post=51371"},{"taxonomy":"product_brand","embeddable":true,"href":"https:\/\/skinstudio.ee\/lt\/wp-json\/wp\/v2\/product_brand?post=51371"},{"taxonomy":"product_cat","embeddable":true,"href":"https:\/\/skinstudio.ee\/lt\/wp-json\/wp\/v2\/product_cat?post=51371"},{"taxonomy":"product_tag","embeddable":true,"href":"https:\/\/skinstudio.ee\/lt\/wp-json\/wp\/v2\/product_tag?post=51371"},{"taxonomy":"giftcard-category","embeddable":true,"href":"https:\/\/skinstudio.ee\/lt\/wp-json\/wp\/v2\/giftcard-category?post=51371"}],"curies":[{"name":"wp","href":"https:\/\/api.w.org\/{rel}","templated":true}]}}