{"id":51387,"date":"2025-09-21T10:45:36","date_gmt":"2025-09-21T10:45:36","guid":{"rendered":"https:\/\/skinstudio.ee\/?post_type=product&#038;p=51387"},"modified":"2025-12-30T17:05:40","modified_gmt":"2025-12-30T17:05:40","slug":"age-element-anti-wrinkle-cream","status":"publish","type":"product","link":"https:\/\/skinstudio.ee\/lt\/catalog\/mesoestetic\/age-element-anti-wrinkle-cream\/","title":{"rendered":"Age Element Anti-Wrinkle Cream"},"content":{"rendered":"<p data-start=\"1385\" data-end=\"1706\"><strong data-start=\"1385\" data-end=\"1431\">Mesoestetic Age Element Anti-Wrinkle Cream<\/strong> \u2013 tai restrukt\u016brizuojantis kremas, kuris i\u0161lygina rauk\u0161les, atkuria od\u0105 ir suteikia jai glotnumo be netobulum\u0173. Formul\u0117, praturtinta regeneruojan\u010diais aktyviaisiais ingredientais, veikia rauk\u0161les j\u0173 susidarymo \u0161aknies lygmeniu, ma\u017eindama ir koreguodama bendr\u0105 j\u0173 i\u0161vaizd\u0105.<\/p>\n<p data-start=\"1708\" data-end=\"1957\">Kreme taip pat yra <strong data-start=\"1727\" data-end=\"1751\">acetyl hexapeptide-1<\/strong>, kuris turi botokso efekt\u0105 \u2014 atpalaiduoja mimikos rauk\u0161les ir suteikia akimirksniu matom\u0173 rezultat\u0173. Jo \u0161velni kremin\u0117 tekst\u016bra maloniai jau\u010diasi ant odos, greitai susigeria ir nepalieka riebumo poj\u016b\u010dio.<\/p>\n<p data-start=\"1959\" data-end=\"1977\"><strong data-start=\"1959\" data-end=\"1975\">T\u016bris: 50 ml<\/strong><\/p>\n","protected":false},"excerpt":{"rendered":"<p data-start=\"2386\" data-end=\"2428\">Restrukt\u016brizuojantis kremas nuo rauk\u0161li\u0173<\/p>\n<h2 data-start=\"2430\" data-end=\"2677\"><strong data-start=\"2430\" data-end=\"2486\">Mesoestetic &#8211; Age Element Anti-Wrinkle Cream savyb\u0117s<\/strong><\/h2>\n<p data-start=\"2430\" data-end=\"2677\">\u2714\ufe0f I\u0161lygina mimikos ir sen\u0117jimo rauk\u0161les<br data-start=\"2529\" data-end=\"2532\" \/>\u2714\ufe0f Gerina odos stangrum\u0105 ir elastingum\u0105<br data-start=\"2571\" data-end=\"2574\" \/>\u2714\ufe0f Suvienodina tekst\u016br\u0105 ir ma\u017eina netobulumus<br data-start=\"2619\" data-end=\"2622\" \/>\u2714\ufe0f Palieka od\u0105 \u0161velni\u0105 ir gaivi\u0105, be riebios pl\u0117vel\u0117s<\/p>\n","protected":false},"featured_media":67083,"template":"","meta":[],"pwb-brand":[1133],"product_brand":[],"product_cat":[738,750],"product_tag":[],"giftcard-category":[],"class_list":{"0":"post-51387","1":"product","2":"type-product","3":"status-publish","4":"has-post-thumbnail","6":"pwb-brand-mesoestetic","7":"product_cat-drekinimas","8":"product_cat-senstanti-oda","10":"first","11":"instock","12":"taxable","13":"shipping-taxable","14":"purchasable","15":"product-type-simple"},"acf":[],"brands":[{"id":1133,"name":"Mesoestetic","slug":"mesoestetic"}],"_links":{"self":[{"href":"https:\/\/skinstudio.ee\/lt\/wp-json\/wp\/v2\/product\/51387","targetHints":{"allow":["GET"]}}],"collection":[{"href":"https:\/\/skinstudio.ee\/lt\/wp-json\/wp\/v2\/product"}],"about":[{"href":"https:\/\/skinstudio.ee\/lt\/wp-json\/wp\/v2\/types\/product"}],"version-history":[{"count":0,"href":"https:\/\/skinstudio.ee\/lt\/wp-json\/wp\/v2\/product\/51387\/revisions"}],"wp:featuredmedia":[{"embeddable":true,"href":"https:\/\/skinstudio.ee\/lt\/wp-json\/wp\/v2\/media\/67083"}],"wp:attachment":[{"href":"https:\/\/skinstudio.ee\/lt\/wp-json\/wp\/v2\/media?parent=51387"}],"wp:term":[{"taxonomy":"pwb-brand","embeddable":true,"href":"https:\/\/skinstudio.ee\/lt\/wp-json\/wp\/v2\/pwb-brand?post=51387"},{"taxonomy":"product_brand","embeddable":true,"href":"https:\/\/skinstudio.ee\/lt\/wp-json\/wp\/v2\/product_brand?post=51387"},{"taxonomy":"product_cat","embeddable":true,"href":"https:\/\/skinstudio.ee\/lt\/wp-json\/wp\/v2\/product_cat?post=51387"},{"taxonomy":"product_tag","embeddable":true,"href":"https:\/\/skinstudio.ee\/lt\/wp-json\/wp\/v2\/product_tag?post=51387"},{"taxonomy":"giftcard-category","embeddable":true,"href":"https:\/\/skinstudio.ee\/lt\/wp-json\/wp\/v2\/giftcard-category?post=51387"}],"curies":[{"name":"wp","href":"https:\/\/api.w.org\/{rel}","templated":true}]}}