{"id":52704,"date":"2025-10-02T14:25:10","date_gmt":"2025-10-02T14:25:10","guid":{"rendered":"https:\/\/skinstudio.ee\/?post_type=product&#038;p=52704"},"modified":"2025-12-24T12:26:24","modified_gmt":"2025-12-24T12:26:24","slug":"barrier-pro-serum-spray","status":"publish","type":"product","link":"https:\/\/skinstudio.ee\/lt\/catalog\/colorescience\/barrier-pro-serum-spray\/","title":{"rendered":"Barrier Pro\u2122 Serum Spray"},"content":{"rendered":"<p data-start=\"2757\" data-end=\"3152\">Barrier Pro\u2122 Serum Spray \u2013 tai inovatyvi naujos kartos odos prie\u017ei\u016bra, stiprinanti od\u0105 i\u0161 vidaus ir padedanti jai atsispirti kasdieniam stresui. Lengva formul\u0117 akimirksniu atgaivina, suteikia sveik\u0105 atspalv\u012f ir nat\u016bral\u0173 spindes\u012f. Priemon\u0117 veikia kompleksi\u0161kai: apsaugo nuo aplinkos poveikio, atitolina pirmuosius sen\u0117jimo po\u017eymius, i\u0161lygina smulkias rauk\u0161leles ir pagerina odos stangrum\u0105.<\/p>\n<p data-start=\"3154\" data-end=\"3436\">Aktyviosios sudedamosios dalys skatina nat\u016brali\u0105 vitamino D gamyb\u0105 odoje, stiprina apsauginius mechanizmus ir odos barjer\u0105. Unikali pre-, pro- ir postbiotik\u0173 kombinacija atkuria mikrobiomo pusiausvyr\u0105, palaiko optimal\u0173 dr\u0117gm\u0117s lyg\u012f ir padeda i\u0161saugoti odos sveikat\u0105 bei atsparum\u0105.<\/p>\n<p data-start=\"3438\" data-end=\"3567\">Tinka visiems odos tipams ir yra nepakei\u010diama priemon\u0117 tiems, kurie nori kasdien palaikyti gaivi\u0105, pri\u017ei\u016br\u0117t\u0105 ir \u0161vytin\u010di\u0105 od\u0105.<\/p>\n<p data-start=\"3569\" data-end=\"3587\"><strong data-start=\"3569\" data-end=\"3585\">T\u016bris: 75 ml<\/strong><\/p>\n","protected":false},"excerpt":{"rendered":"<p data-start=\"4910\" data-end=\"5002\">Dr\u0117kinamasis ir apsauginis serumo pur\u0161kalas, skatinantis nat\u016brali\u0105 vitamino D gamyb\u0105 odoje<\/p>\n<h2 data-start=\"5004\" data-end=\"5367\"><strong data-start=\"5004\" data-end=\"5057\">Colorescience\u00ae &#8211; Barrier Pro\u2122 Serum Spray savyb\u0117s<\/strong><\/h2>\n<p data-start=\"5004\" data-end=\"5367\">\u2714\ufe0f Lengva, greitai \u012fsigerianti tekst\u016bra be lipnumo<br data-start=\"5110\" data-end=\"5113\" \/>\u2714\ufe0f Ramina jautri\u0105 ir stresuot\u0105 od\u0105<br data-start=\"5147\" data-end=\"5150\" \/>\u2714\ufe0f Akimirksniu sudr\u0117kina ir suteikia \u0161vyt\u0117jimo<br data-start=\"5196\" data-end=\"5199\" \/>\u2714\ufe0f Stiprina odos barjer\u0105 ir skatina vitamino D gamyb\u0105<br data-start=\"5252\" data-end=\"5255\" \/>\u2714\ufe0f U\u017etikrina daugiasluoksn\u012f dr\u0117kinim\u0105 su hialurono r\u016bg\u0161timi<br data-start=\"5314\" data-end=\"5317\" \/>\u2714\ufe0f Sustiprina odos apsaug\u0105 nuo aplinkos poveikio<\/p>\n","protected":false},"featured_media":52696,"template":"","meta":[],"pwb-brand":[1230],"product_brand":[],"product_cat":[738,746,740,750,724],"product_tag":[],"giftcard-category":[],"class_list":{"0":"post-52704","1":"product","2":"type-product","3":"status-publish","4":"has-post-thumbnail","6":"pwb-brand-colorescience","7":"product_cat-drekinimas","8":"product_cat-jautriai-odai","9":"product_cat-sausai-odai","10":"product_cat-senstanti-oda","11":"product_cat-serumai","13":"first","14":"instock","15":"taxable","16":"shipping-taxable","17":"purchasable","18":"product-type-simple"},"acf":[],"brands":[{"id":1230,"name":"Colorescience","slug":"colorescience"}],"_links":{"self":[{"href":"https:\/\/skinstudio.ee\/lt\/wp-json\/wp\/v2\/product\/52704","targetHints":{"allow":["GET"]}}],"collection":[{"href":"https:\/\/skinstudio.ee\/lt\/wp-json\/wp\/v2\/product"}],"about":[{"href":"https:\/\/skinstudio.ee\/lt\/wp-json\/wp\/v2\/types\/product"}],"version-history":[{"count":0,"href":"https:\/\/skinstudio.ee\/lt\/wp-json\/wp\/v2\/product\/52704\/revisions"}],"wp:featuredmedia":[{"embeddable":true,"href":"https:\/\/skinstudio.ee\/lt\/wp-json\/wp\/v2\/media\/52696"}],"wp:attachment":[{"href":"https:\/\/skinstudio.ee\/lt\/wp-json\/wp\/v2\/media?parent=52704"}],"wp:term":[{"taxonomy":"pwb-brand","embeddable":true,"href":"https:\/\/skinstudio.ee\/lt\/wp-json\/wp\/v2\/pwb-brand?post=52704"},{"taxonomy":"product_brand","embeddable":true,"href":"https:\/\/skinstudio.ee\/lt\/wp-json\/wp\/v2\/product_brand?post=52704"},{"taxonomy":"product_cat","embeddable":true,"href":"https:\/\/skinstudio.ee\/lt\/wp-json\/wp\/v2\/product_cat?post=52704"},{"taxonomy":"product_tag","embeddable":true,"href":"https:\/\/skinstudio.ee\/lt\/wp-json\/wp\/v2\/product_tag?post=52704"},{"taxonomy":"giftcard-category","embeddable":true,"href":"https:\/\/skinstudio.ee\/lt\/wp-json\/wp\/v2\/giftcard-category?post=52704"}],"curies":[{"name":"wp","href":"https:\/\/api.w.org\/{rel}","templated":true}]}}