{"id":52902,"date":"2025-10-03T13:30:19","date_gmt":"2025-10-03T13:30:19","guid":{"rendered":"https:\/\/skinstudio.ee\/?post_type=product&#038;p=52902"},"modified":"2025-12-30T17:05:40","modified_gmt":"2025-12-30T17:05:40","slug":"age-element-anti-wrinkle-night-cream","status":"publish","type":"product","link":"https:\/\/skinstudio.ee\/lt\/catalog\/mesoestetic\/age-element-anti-wrinkle-night-cream\/","title":{"rendered":"Age Element Anti-Wrinkle Night Cream"},"content":{"rendered":"<p data-start=\"1428\" data-end=\"1569\"><strong>Age Element Anti-wrinkle Night Cream<\/strong> \u2013 tai naktinis kremas, sukurtas specialiai kovai su giliomis rauk\u0161l\u0117mis ir odos atstatymui miego metu.<\/p>\n<p data-start=\"1571\" data-end=\"1858\">Levand\u0173 ekstraktas aktyvina naktin\u0119 regeneracij\u0105, stimuliuodamas baltym\u0173 sintez\u0119, atsaking\u0105 u\u017e odos atsinaujinim\u0105, detoksikacij\u0105 ir sustiprinim\u0105. Kremas optimizuoja nat\u016bralius atsinaujinimo mechanizmus, veikdamas rauk\u0161les j\u0173 kilm\u0117s vietoje ir pad\u0117damas pastebimai suma\u017einti j\u0173 ry\u0161kum\u0105.<\/p>\n<p data-start=\"1860\" data-end=\"2051\">Sodri, ta\u010diau \u0161velni tekst\u016bra apgaubia od\u0105 komfortu, tod\u0117l prie\u017ei\u016bra tampa itin maloni brand\u017eiai odai. Ryte oda atrodo lygesn\u0117, stangresn\u0117 ir gaivesn\u0117, pager\u0117jusios spalvos bei elastingumo.<\/p>\n<p data-start=\"2053\" data-end=\"2071\"><strong data-start=\"2053\" data-end=\"2063\">T\u016bris:<\/strong> 50 ml<\/p>\n","protected":false},"excerpt":{"rendered":"<p data-start=\"2250\" data-end=\"2317\">Naktinis kremas gilioms rauk\u0161l\u0117ms ma\u017einti<\/p>\n<h2 data-start=\"2319\" data-end=\"2631\"><strong data-start=\"2319\" data-end=\"2381\">Mesoestetic &#8211; Age Element Anti-wrinkle Night Cream savyb\u0117s<\/strong><\/h2>\n<p data-start=\"2319\" data-end=\"2631\">\u2714\ufe0f Pastebimai suma\u017eina gilias ir mimikos rauk\u0161les<br data-start=\"2433\" data-end=\"2436\" \/>\u2714\ufe0f Aktyvina odos naktin\u0119 regeneracij\u0105<br data-start=\"2473\" data-end=\"2476\" \/>\u2714\ufe0f Sustiprina odos strukt\u016br\u0105 ir padidina tank\u012f<br data-start=\"2522\" data-end=\"2525\" \/>\u2714\ufe0f Optimizuoja detoksikacijos ir atsinaujinimo procesus<br data-start=\"2580\" data-end=\"2583\" \/>\u2714\ufe0f Suteikia rytin\u012f gaivum\u0105, lygum\u0105 ir spindes\u012f<\/p>\n","protected":false},"featured_media":52892,"template":"","meta":[],"pwb-brand":[1133],"product_brand":[],"product_cat":[738,750],"product_tag":[],"giftcard-category":[],"class_list":{"0":"post-52902","1":"product","2":"type-product","3":"status-publish","4":"has-post-thumbnail","6":"pwb-brand-mesoestetic","7":"product_cat-drekinimas","8":"product_cat-senstanti-oda","10":"first","11":"instock","12":"taxable","13":"shipping-taxable","14":"purchasable","15":"product-type-simple"},"acf":[],"brands":[{"id":1133,"name":"Mesoestetic","slug":"mesoestetic"}],"_links":{"self":[{"href":"https:\/\/skinstudio.ee\/lt\/wp-json\/wp\/v2\/product\/52902","targetHints":{"allow":["GET"]}}],"collection":[{"href":"https:\/\/skinstudio.ee\/lt\/wp-json\/wp\/v2\/product"}],"about":[{"href":"https:\/\/skinstudio.ee\/lt\/wp-json\/wp\/v2\/types\/product"}],"version-history":[{"count":0,"href":"https:\/\/skinstudio.ee\/lt\/wp-json\/wp\/v2\/product\/52902\/revisions"}],"wp:featuredmedia":[{"embeddable":true,"href":"https:\/\/skinstudio.ee\/lt\/wp-json\/wp\/v2\/media\/52892"}],"wp:attachment":[{"href":"https:\/\/skinstudio.ee\/lt\/wp-json\/wp\/v2\/media?parent=52902"}],"wp:term":[{"taxonomy":"pwb-brand","embeddable":true,"href":"https:\/\/skinstudio.ee\/lt\/wp-json\/wp\/v2\/pwb-brand?post=52902"},{"taxonomy":"product_brand","embeddable":true,"href":"https:\/\/skinstudio.ee\/lt\/wp-json\/wp\/v2\/product_brand?post=52902"},{"taxonomy":"product_cat","embeddable":true,"href":"https:\/\/skinstudio.ee\/lt\/wp-json\/wp\/v2\/product_cat?post=52902"},{"taxonomy":"product_tag","embeddable":true,"href":"https:\/\/skinstudio.ee\/lt\/wp-json\/wp\/v2\/product_tag?post=52902"},{"taxonomy":"giftcard-category","embeddable":true,"href":"https:\/\/skinstudio.ee\/lt\/wp-json\/wp\/v2\/giftcard-category?post=52902"}],"curies":[{"name":"wp","href":"https:\/\/api.w.org\/{rel}","templated":true}]}}