{"id":52920,"date":"2025-10-03T13:40:29","date_gmt":"2025-10-03T13:40:29","guid":{"rendered":"https:\/\/skinstudio.ee\/?post_type=product&#038;p=52920"},"modified":"2025-12-30T17:05:40","modified_gmt":"2025-12-30T17:05:40","slug":"age-element-anti-wrinkle-eye-contour","status":"publish","type":"product","link":"https:\/\/skinstudio.ee\/lt\/catalog\/mesoestetic\/age-element-anti-wrinkle-eye-contour\/","title":{"rendered":"Age Element Anti-wrinkle Eye Contour"},"content":{"rendered":"<p data-start=\"1289\" data-end=\"1604\">Age Element Anti-wrinkle Eye Contour \u2013 tai inovatyvi priemon\u0117, sukurta kovai su rauk\u0161l\u0117mis ir nuovargio po\u017eymiais jautrioje paaki\u0173 zonoje. Formul\u0117 veikia rauk\u0161li\u0173 susidarymo prie\u017east\u012f, i\u0161lygindama net ry\u0161kiausias linijas. Ji padeda suma\u017einti tamsius ratilus ir paburkim\u0105, atkurdama gaivi\u0105 ir pails\u0117jusi\u0105 i\u0161vaizd\u0105.<\/p>\n<p data-start=\"1606\" data-end=\"1788\">Kremas turi keramin\u012f aplikatori\u0173, kuris suteikia v\u0117sinant\u012f efekt\u0105, sustiprina veikli\u0173j\u0173 med\u017eiag\u0173 poveik\u012f ir akimirksniu suma\u017eina nuovargio poj\u016bt\u012f, suteikdamas \u017evilgsniui \u0161vyt\u0117jimo.<\/p>\n<p data-start=\"1790\" data-end=\"1808\"><strong data-start=\"1790\" data-end=\"1800\">T\u016bris:<\/strong> 15 ml<\/p>\n","protected":false},"excerpt":{"rendered":"<p data-start=\"2005\" data-end=\"2057\">Paaki\u0173 kremas nuo rauk\u0161li\u0173<\/p>\n<h2 data-start=\"2059\" data-end=\"2328\"><strong data-start=\"2059\" data-end=\"2121\">Mesoestetic &#8211; Age Element Anti-wrinkle Eye Contour savyb\u0117s<\/strong><\/h2>\n<p data-start=\"2059\" data-end=\"2328\">\u2714\ufe0f Glotnina rauk\u0161les ir linijas aplink akis<br data-start=\"2167\" data-end=\"2170\" \/>\u2714\ufe0f Padeda suma\u017einti tamsius ratilus ir paburkim\u0105<br data-start=\"2218\" data-end=\"2221\" \/>\u2714\ufe0f Suteikia lengv\u0105 v\u0117sinant\u012f efekt\u0105<br data-start=\"2256\" data-end=\"2259\" \/>\u2714\ufe0f Padaro od\u0105 lygesn\u0119 ir gaivesn\u0119<br data-start=\"2292\" data-end=\"2295\" \/>\u2714\ufe0f Tinka kasdieninei prie\u017ei\u016brai<\/p>\n","protected":false},"featured_media":67078,"template":"","meta":[],"pwb-brand":[1133],"product_brand":[],"product_cat":[734],"product_tag":[],"giftcard-category":[],"class_list":{"0":"post-52920","1":"product","2":"type-product","3":"status-publish","4":"has-post-thumbnail","6":"pwb-brand-mesoestetic","7":"product_cat-oda-aplink-akis","9":"first","10":"instock","11":"taxable","12":"shipping-taxable","13":"purchasable","14":"product-type-simple"},"acf":[],"brands":[{"id":1133,"name":"Mesoestetic","slug":"mesoestetic"}],"_links":{"self":[{"href":"https:\/\/skinstudio.ee\/lt\/wp-json\/wp\/v2\/product\/52920","targetHints":{"allow":["GET"]}}],"collection":[{"href":"https:\/\/skinstudio.ee\/lt\/wp-json\/wp\/v2\/product"}],"about":[{"href":"https:\/\/skinstudio.ee\/lt\/wp-json\/wp\/v2\/types\/product"}],"version-history":[{"count":0,"href":"https:\/\/skinstudio.ee\/lt\/wp-json\/wp\/v2\/product\/52920\/revisions"}],"wp:featuredmedia":[{"embeddable":true,"href":"https:\/\/skinstudio.ee\/lt\/wp-json\/wp\/v2\/media\/67078"}],"wp:attachment":[{"href":"https:\/\/skinstudio.ee\/lt\/wp-json\/wp\/v2\/media?parent=52920"}],"wp:term":[{"taxonomy":"pwb-brand","embeddable":true,"href":"https:\/\/skinstudio.ee\/lt\/wp-json\/wp\/v2\/pwb-brand?post=52920"},{"taxonomy":"product_brand","embeddable":true,"href":"https:\/\/skinstudio.ee\/lt\/wp-json\/wp\/v2\/product_brand?post=52920"},{"taxonomy":"product_cat","embeddable":true,"href":"https:\/\/skinstudio.ee\/lt\/wp-json\/wp\/v2\/product_cat?post=52920"},{"taxonomy":"product_tag","embeddable":true,"href":"https:\/\/skinstudio.ee\/lt\/wp-json\/wp\/v2\/product_tag?post=52920"},{"taxonomy":"giftcard-category","embeddable":true,"href":"https:\/\/skinstudio.ee\/lt\/wp-json\/wp\/v2\/giftcard-category?post=52920"}],"curies":[{"name":"wp","href":"https:\/\/api.w.org\/{rel}","templated":true}]}}