{"id":52936,"date":"2025-10-03T13:56:35","date_gmt":"2025-10-03T13:56:35","guid":{"rendered":"https:\/\/skinstudio.ee\/?post_type=product&#038;p=52936"},"modified":"2025-12-30T17:05:40","modified_gmt":"2025-12-30T17:05:40","slug":"age-element-anti-wrinkle-concentrate","status":"publish","type":"product","link":"https:\/\/skinstudio.ee\/lt\/catalog\/mesoestetic\/age-element-anti-wrinkle-concentrate\/","title":{"rendered":"Age Element Anti-Wrinkle Concentrate"},"content":{"rendered":"<p data-start=\"1375\" data-end=\"1635\">Age Element Anti-Wrinkle Concentrate \u2013 tai intensyvus serumas, sukurtas kovai su ry\u0161kiomis rauk\u0161l\u0117mis ir odos sen\u0117jimo po\u017eymiais. Jis stimuliuoja nat\u016bralaus kolageno gamyb\u0105, atnaujina skaidulas ir pastebimai i\u0161lygina od\u0105, tod\u0117l rauk\u0161l\u0117s tampa ma\u017eiau matomos.<\/p>\n<p data-start=\"1637\" data-end=\"1863\">Hialurono r\u016bg\u0161timi praturtinta formul\u0117 padeda u\u017epildyti mimikos linijas, pagerinti odos tekst\u016br\u0105 ir atkurti jaunatvi\u0161kesn\u0119 bei gaivesn\u0119 i\u0161vaizd\u0105. Lengva tekst\u016bra greitai \u012fsigeria, palikdama od\u0105 sudr\u0117kint\u0105, lygi\u0105 ir stangri\u0105.<\/p>\n<p data-start=\"1865\" data-end=\"1883\"><strong data-start=\"1865\" data-end=\"1875\">T\u016bris:<\/strong> 30 ml<\/p>\n","protected":false},"excerpt":{"rendered":"<p data-start=\"2152\" data-end=\"2216\">Intensyvus serumas nuo ry\u0161ki\u0173 rauk\u0161li\u0173<\/p>\n<h2 data-start=\"2218\" data-end=\"2533\"><strong data-start=\"2218\" data-end=\"2280\">Mesoestetic &#8211; Age Element Anti-Wrinkle Concentrate savyb\u0117s<\/strong><\/h2>\n<p data-start=\"2218\" data-end=\"2533\">\u2714\ufe0f Stimuliuoja nat\u016bralaus kolageno gamyb\u0105<br data-start=\"2324\" data-end=\"2327\" \/>\u2714\ufe0f I\u0161lygina rauk\u0161les ir mimikos linijas<br data-start=\"2366\" data-end=\"2369\" \/>\u2714\ufe0f U\u017epildo mimikos rauk\u0161leles ir griovelius<br data-start=\"2412\" data-end=\"2415\" \/>\u2714\ufe0f Gerina odos tekst\u016br\u0105 ir tank\u012f<br data-start=\"2491\" data-end=\"2494\" \/>\u2714\ufe0f Giliai dr\u0117kina ir didina stangrum\u0105<\/p>\n","protected":false},"featured_media":67073,"template":"","meta":[],"pwb-brand":[1133],"product_brand":[],"product_cat":[750,724],"product_tag":[],"giftcard-category":[],"class_list":{"0":"post-52936","1":"product","2":"type-product","3":"status-publish","4":"has-post-thumbnail","6":"pwb-brand-mesoestetic","7":"product_cat-odos-senejimas","8":"product_cat-serumai","10":"first","11":"instock","12":"sale","13":"taxable","14":"shipping-taxable","15":"purchasable","16":"product-type-simple"},"acf":[],"brands":[{"id":1133,"name":"Mesoestetic","slug":"mesoestetic"}],"_links":{"self":[{"href":"https:\/\/skinstudio.ee\/lt\/wp-json\/wp\/v2\/product\/52936","targetHints":{"allow":["GET"]}}],"collection":[{"href":"https:\/\/skinstudio.ee\/lt\/wp-json\/wp\/v2\/product"}],"about":[{"href":"https:\/\/skinstudio.ee\/lt\/wp-json\/wp\/v2\/types\/product"}],"version-history":[{"count":0,"href":"https:\/\/skinstudio.ee\/lt\/wp-json\/wp\/v2\/product\/52936\/revisions"}],"wp:featuredmedia":[{"embeddable":true,"href":"https:\/\/skinstudio.ee\/lt\/wp-json\/wp\/v2\/media\/67073"}],"wp:attachment":[{"href":"https:\/\/skinstudio.ee\/lt\/wp-json\/wp\/v2\/media?parent=52936"}],"wp:term":[{"taxonomy":"pwb-brand","embeddable":true,"href":"https:\/\/skinstudio.ee\/lt\/wp-json\/wp\/v2\/pwb-brand?post=52936"},{"taxonomy":"product_brand","embeddable":true,"href":"https:\/\/skinstudio.ee\/lt\/wp-json\/wp\/v2\/product_brand?post=52936"},{"taxonomy":"product_cat","embeddable":true,"href":"https:\/\/skinstudio.ee\/lt\/wp-json\/wp\/v2\/product_cat?post=52936"},{"taxonomy":"product_tag","embeddable":true,"href":"https:\/\/skinstudio.ee\/lt\/wp-json\/wp\/v2\/product_tag?post=52936"},{"taxonomy":"giftcard-category","embeddable":true,"href":"https:\/\/skinstudio.ee\/lt\/wp-json\/wp\/v2\/giftcard-category?post=52936"}],"curies":[{"name":"wp","href":"https:\/\/api.w.org\/{rel}","templated":true}]}}