{"id":52999,"date":"2025-10-05T08:52:26","date_gmt":"2025-10-05T08:52:26","guid":{"rendered":"https:\/\/skinstudio.ee\/?post_type=product&#038;p=52999"},"modified":"2025-12-30T17:05:40","modified_gmt":"2025-12-30T17:05:40","slug":"age-element-anti-wrinkle-lip-contour","status":"publish","type":"product","link":"https:\/\/skinstudio.ee\/lt\/catalog\/mesoestetic\/age-element-anti-wrinkle-lip-contour\/","title":{"rendered":"Age Element Anti-Wrinkle Lip &#038; Contour"},"content":{"rendered":"<p data-start=\"1872\" data-end=\"2150\">Age Element Anti-Wrinkle Lip &amp; Contour \u2013 tai inovatyvi priemon\u0117, sukurta atkurti l\u016bp\u0173 jaunatvi\u0161kum\u0105 ir suma\u017einti rauk\u0161les aplink burn\u0105. Formul\u0117 su hialurono r\u016bg\u0161timi ir j\u016briniu biotechnologiniu ekstraktu intensyviai dr\u0117kina, stimuliuoja kolageno gamyb\u0105 ir pagerina odos tank\u012f.<\/p>\n<p data-start=\"2152\" data-end=\"2422\">Priemon\u0117 suteikia l\u016bpoms apimties, i\u0161lygina linijas ir rauk\u0161les, suteikia kont\u016brui ai\u0161kumo ir jaunatvi\u0161kumo. Keraminis aplikatorius su v\u0117sinan\u010diu efektu akimirksniu ramina od\u0105 ir sustiprina veikli\u0173j\u0173 med\u017eiag\u0173 poveik\u012f, u\u017etikrindamas komforti\u0161k\u0105 ir veiksming\u0105 naudojim\u0105.<\/p>\n<p data-start=\"2424\" data-end=\"2442\"><strong data-start=\"2424\" data-end=\"2434\">T\u016bris:<\/strong> 15 ml<\/p>\n","protected":false},"excerpt":{"rendered":"<p data-start=\"3138\" data-end=\"3198\">Koncentruotas kremas l\u016bp\u0173 kont\u016brui<\/p>\n<h2 data-start=\"3200\" data-end=\"3448\"><strong data-start=\"3200\" data-end=\"3264\">Mesoestetic &#8211; Age Element Anti-Wrinkle Lip &amp; Contour savyb\u0117s<\/strong><\/h2>\n<p data-start=\"3200\" data-end=\"3448\">\u2714\ufe0f Suteikia l\u016bpoms apimties ir formos<br data-start=\"3304\" data-end=\"3307\" \/>\u2714\ufe0f I\u0161lygina smulkias ir gilesnes rauk\u0161les<br data-start=\"3348\" data-end=\"3351\" \/>\u2714\ufe0f Skatina kolageno gamyb\u0105<br data-start=\"3377\" data-end=\"3380\" \/>\u2714\ufe0f Gerina odos tekst\u016br\u0105 aplink l\u016bpas<br data-start=\"3416\" data-end=\"3419\" \/>\u2714\ufe0f Dr\u0117kina ir mink\u0161tina od\u0105<\/p>\n","protected":false},"featured_media":67068,"template":"","meta":[],"pwb-brand":[1133],"product_brand":[],"product_cat":[760,750],"product_tag":[],"giftcard-category":[],"class_list":{"0":"post-52999","1":"product","2":"type-product","3":"status-publish","4":"has-post-thumbnail","6":"pwb-brand-mesoestetic","7":"product_cat-lupu-prieziura","8":"product_cat-senstanti-oda","10":"first","11":"instock","12":"taxable","13":"shipping-taxable","14":"purchasable","15":"product-type-simple"},"acf":[],"brands":[{"id":1133,"name":"Mesoestetic","slug":"mesoestetic"}],"_links":{"self":[{"href":"https:\/\/skinstudio.ee\/lt\/wp-json\/wp\/v2\/product\/52999","targetHints":{"allow":["GET"]}}],"collection":[{"href":"https:\/\/skinstudio.ee\/lt\/wp-json\/wp\/v2\/product"}],"about":[{"href":"https:\/\/skinstudio.ee\/lt\/wp-json\/wp\/v2\/types\/product"}],"version-history":[{"count":0,"href":"https:\/\/skinstudio.ee\/lt\/wp-json\/wp\/v2\/product\/52999\/revisions"}],"wp:featuredmedia":[{"embeddable":true,"href":"https:\/\/skinstudio.ee\/lt\/wp-json\/wp\/v2\/media\/67068"}],"wp:attachment":[{"href":"https:\/\/skinstudio.ee\/lt\/wp-json\/wp\/v2\/media?parent=52999"}],"wp:term":[{"taxonomy":"pwb-brand","embeddable":true,"href":"https:\/\/skinstudio.ee\/lt\/wp-json\/wp\/v2\/pwb-brand?post=52999"},{"taxonomy":"product_brand","embeddable":true,"href":"https:\/\/skinstudio.ee\/lt\/wp-json\/wp\/v2\/product_brand?post=52999"},{"taxonomy":"product_cat","embeddable":true,"href":"https:\/\/skinstudio.ee\/lt\/wp-json\/wp\/v2\/product_cat?post=52999"},{"taxonomy":"product_tag","embeddable":true,"href":"https:\/\/skinstudio.ee\/lt\/wp-json\/wp\/v2\/product_tag?post=52999"},{"taxonomy":"giftcard-category","embeddable":true,"href":"https:\/\/skinstudio.ee\/lt\/wp-json\/wp\/v2\/giftcard-category?post=52999"}],"curies":[{"name":"wp","href":"https:\/\/api.w.org\/{rel}","templated":true}]}}