{"id":53017,"date":"2025-10-05T09:05:47","date_gmt":"2025-10-05T09:05:47","guid":{"rendered":"https:\/\/skinstudio.ee\/?post_type=product&#038;p=53017"},"modified":"2025-12-30T17:05:40","modified_gmt":"2025-12-30T17:05:40","slug":"skinretin-03","status":"publish","type":"product","link":"https:\/\/skinstudio.ee\/lt\/catalog\/mesoestetic\/skinretin-03\/","title":{"rendered":"Skinretin 0,3%"},"content":{"rendered":"<p data-start=\"1899\" data-end=\"2218\">Skinretin 0.3% \u2013 tai veiksmingas, bet \u0161velnus retinolio serumas, sukurtas pagerinti odos tekst\u016br\u0105, suma\u017einti smulkias rauk\u0161leles ir suteikti odai sveiko spindes\u012f. Subalansuota 0,3% retinolio koncentracija skatina kolageno gamyb\u0105, gerina odos elastingum\u0105 ir ma\u017eina pigmentacij\u0105, i\u0161laikydama komfort\u0105 net jautriai odai.<\/p>\n<p data-start=\"2220\" data-end=\"2427\">Idealiai tinka tiems, kurie pradeda naudoti retinol\u012f arba ie\u0161ko \u0161velnesnio varianto. Skinretin 0.3% suteikia matom\u0105 atjauninant\u012f ir prie\u0161rauk\u0161lin\u012f poveik\u012f be dirginimo, oda tampa lygi, gaivi ir pri\u017ei\u016br\u0117ta.<\/p>\n<p data-start=\"2429\" data-end=\"2861\"><strong data-start=\"2429\" data-end=\"2454\">Aktyv\u016bs ingredientai:<\/strong><\/p>\n<ul>\n<li data-start=\"2429\" data-end=\"2861\"><strong data-start=\"2459\" data-end=\"2479\">Retinolis (0,3%)<\/strong> \u2013 Skatina l\u0105steli\u0173 atsinaujinim\u0105, lygina smulkias rauk\u0161les ir gerina odos tekst\u016br\u0105.<\/li>\n<li data-start=\"2429\" data-end=\"2861\"><strong data-start=\"2568\" data-end=\"2583\">Bakuchiolis<\/strong> \u2013 Nat\u016brali retinolio alternatyva, stiprina poveik\u012f ir ma\u017eina sudirginimo rizik\u0105.<\/li>\n<li data-start=\"2429\" data-end=\"2861\"><strong data-start=\"2669\" data-end=\"2700\">Niacinamidas (vitaminas B3)<\/strong> \u2013 Stiprina odos barjer\u0105, ma\u017eina paraudim\u0105 ir gerina dr\u0117kinim\u0105.<\/li>\n<li data-start=\"2429\" data-end=\"2861\"><strong data-start=\"2768\" data-end=\"2780\">Peptidai<\/strong> \u2013 Gerina odos elastingum\u0105 ir stangrum\u0105, padeda i\u0161laikyti jaunatvi\u0161k\u0105 i\u0161vaizd\u0105.<\/li>\n<\/ul>\n<p data-start=\"2863\" data-end=\"3058\">Tinka jautriai, brand\u017eiai ar netolygiai odai. Padeda suvienodinti odos atspalv\u012f, suma\u017einti poras ir sul\u0117tinti pirmuosius sen\u0117jimo po\u017eymius. Nerekomenduojama n\u0117\u0161tumo metu ar labai jautriai odai.<\/p>\n<p data-start=\"3060\" data-end=\"3078\"><strong data-start=\"3060\" data-end=\"3070\">T\u016bris:<\/strong> 50 ml<\/p>\n","protected":false},"excerpt":{"rendered":"<p data-start=\"3407\" data-end=\"3466\">Aktyvus retinolio serumas tolygiai ir \u0161vytin\u010diai odai<\/p>\n<h2 data-start=\"3468\" data-end=\"3712\"><strong data-start=\"3468\" data-end=\"3508\">Mesoestetic &#8211; Skinretin 0.3% savyb\u0117s<\/strong><\/h2>\n<p data-start=\"3468\" data-end=\"3712\" data-is-last-node=\"\" data-is-only-node=\"\">\u2714\ufe0f Skatina l\u0105steli\u0173 atsinaujinim\u0105 ir kolageno gamyb\u0105<br data-start=\"3563\" data-end=\"3566\" \/>\u2714\ufe0f Ma\u017eina smulkias rauk\u0161les<br data-start=\"3593\" data-end=\"3596\" \/>\u2714\ufe0f Gerina odos tekst\u016br\u0105 ir tolygum\u0105<br data-start=\"3631\" data-end=\"3634\" \/>\u2714\ufe0f Ma\u017eina pigmentacij\u0105 ir skaistina od\u0105<br data-start=\"3673\" data-end=\"3676\" \/>\u2714\ufe0f Stiprina elastingum\u0105 ir stangrum\u0105<\/p>\n","protected":false},"featured_media":67063,"template":"","meta":[],"pwb-brand":[1133],"product_brand":[],"product_cat":[724,728],"product_tag":[],"giftcard-category":[],"class_list":{"0":"post-53017","1":"product","2":"type-product","3":"status-publish","4":"has-post-thumbnail","6":"pwb-brand-mesoestetic","7":"product_cat-serumai","8":"product_cat-vitaminas-a-retinolis","10":"first","11":"instock","12":"taxable","13":"shipping-taxable","14":"purchasable","15":"product-type-simple"},"acf":[],"brands":[{"id":1133,"name":"Mesoestetic","slug":"mesoestetic"}],"_links":{"self":[{"href":"https:\/\/skinstudio.ee\/lt\/wp-json\/wp\/v2\/product\/53017","targetHints":{"allow":["GET"]}}],"collection":[{"href":"https:\/\/skinstudio.ee\/lt\/wp-json\/wp\/v2\/product"}],"about":[{"href":"https:\/\/skinstudio.ee\/lt\/wp-json\/wp\/v2\/types\/product"}],"version-history":[{"count":0,"href":"https:\/\/skinstudio.ee\/lt\/wp-json\/wp\/v2\/product\/53017\/revisions"}],"wp:featuredmedia":[{"embeddable":true,"href":"https:\/\/skinstudio.ee\/lt\/wp-json\/wp\/v2\/media\/67063"}],"wp:attachment":[{"href":"https:\/\/skinstudio.ee\/lt\/wp-json\/wp\/v2\/media?parent=53017"}],"wp:term":[{"taxonomy":"pwb-brand","embeddable":true,"href":"https:\/\/skinstudio.ee\/lt\/wp-json\/wp\/v2\/pwb-brand?post=53017"},{"taxonomy":"product_brand","embeddable":true,"href":"https:\/\/skinstudio.ee\/lt\/wp-json\/wp\/v2\/product_brand?post=53017"},{"taxonomy":"product_cat","embeddable":true,"href":"https:\/\/skinstudio.ee\/lt\/wp-json\/wp\/v2\/product_cat?post=53017"},{"taxonomy":"product_tag","embeddable":true,"href":"https:\/\/skinstudio.ee\/lt\/wp-json\/wp\/v2\/product_tag?post=53017"},{"taxonomy":"giftcard-category","embeddable":true,"href":"https:\/\/skinstudio.ee\/lt\/wp-json\/wp\/v2\/giftcard-category?post=53017"}],"curies":[{"name":"wp","href":"https:\/\/api.w.org\/{rel}","templated":true}]}}