{"id":53034,"date":"2025-10-05T09:22:08","date_gmt":"2025-10-05T09:22:08","guid":{"rendered":"https:\/\/skinstudio.ee\/?post_type=product&#038;p=53034"},"modified":"2025-12-30T17:05:40","modified_gmt":"2025-12-30T17:05:40","slug":"proteoglycans-ampoules","status":"publish","type":"product","link":"https:\/\/skinstudio.ee\/lt\/catalog\/mesoestetic\/proteoglycans-ampoules\/","title":{"rendered":"Proteoglycans Ampoules"},"content":{"rendered":"<p data-start=\"1850\" data-end=\"2248\"><strong>Proteoglycans Ampoules<\/strong> \u2013 tai profesionalus Ispanijos odos prie\u017ei\u016bros produktas, sukurtas intensyviam dr\u0117kinimui, atstatymui ir spindesiui vis\u0173 tip\u0173 odai. Formul\u0117 sujungia proteoglikanus su C ir F vitaminais, suteikia akimirksn\u012f stangrinam\u0105j\u012f efekt\u0105, gerina odos elastingum\u0105 ir tvirtum\u0105 bei suteikia sveik\u0105, \u0161vytin\u010di\u0105 i\u0161vaizd\u0105. Priemon\u0117 giliai maitina ir atkuria od\u0105, palikdama j\u0105 lygi\u0105 ir gaivi\u0105.<\/p>\n<p data-start=\"2250\" data-end=\"2433\">Ampuli\u0173 forma i\u0161saugo veikli\u0173j\u0173 med\u017eiag\u0173 maksimal\u0173 efektyvum\u0105 ir apsaugo jas nuo oksidacijos. Patogus pipet\u0117s aplikatorius u\u017etikrina higieni\u0161k\u0105 ir ekonomi\u0161k\u0105 naudojim\u0105 be nuostoli\u0173.<\/p>\n<p data-start=\"2435\" data-end=\"2557\">Rekomenduojama vis\u0173 tip\u0173 odai, ypa\u010d blankiai, pavargusiai ir brand\u017eiai odai, kuriai reikia dr\u0117kinimo ir tonuso atk\u016brimo.<\/p>\n<p data-start=\"2559\" data-end=\"2581\"><strong data-start=\"2559\" data-end=\"2569\">T\u016bris:<\/strong> 10 x 2 ml<\/p>\n","protected":false},"excerpt":{"rendered":"<p data-start=\"3313\" data-end=\"3353\">Intensyvios stangrinan\u010dios ampul\u0117s<\/p>\n<h2 data-start=\"3355\" data-end=\"3628\"><strong data-start=\"3355\" data-end=\"3403\">Mesoestetic &#8211; Proteoglycans Ampoules savyb\u0117s<\/strong><\/h2>\n<p data-start=\"3355\" data-end=\"3628\" data-is-last-node=\"\" data-is-only-node=\"\">\u2714\ufe0f Intensyviai dr\u0117kina visus odos sluoksnius<br data-start=\"3450\" data-end=\"3453\" \/>\u2714\ufe0f Suteikia momentin\u012f stangrinant\u012f ir pakeliant\u012f efekt\u0105<br data-start=\"3508\" data-end=\"3511\" \/>\u2714\ufe0f Gerina odos tank\u012f ir elastingum\u0105<br data-start=\"3546\" data-end=\"3549\" \/>\u2714\ufe0f Skaistina ir tolygina odos atspalv\u012f<br data-start=\"3587\" data-end=\"3590\" \/>\u2714\ufe0f Maitina ir atgaivina pavargusi\u0105 od\u0105<\/p>\n","protected":false},"featured_media":67057,"template":"","meta":[],"pwb-brand":[1133],"product_brand":[],"product_cat":[724,730],"product_tag":[],"giftcard-category":[],"class_list":{"0":"post-53034","1":"product","2":"type-product","3":"status-publish","4":"has-post-thumbnail","6":"pwb-brand-mesoestetic","7":"product_cat-serumai","8":"product_cat-vitaminas-c","10":"first","11":"instock","12":"taxable","13":"shipping-taxable","14":"purchasable","15":"product-type-simple"},"acf":[],"brands":[{"id":1133,"name":"Mesoestetic","slug":"mesoestetic"}],"_links":{"self":[{"href":"https:\/\/skinstudio.ee\/lt\/wp-json\/wp\/v2\/product\/53034","targetHints":{"allow":["GET"]}}],"collection":[{"href":"https:\/\/skinstudio.ee\/lt\/wp-json\/wp\/v2\/product"}],"about":[{"href":"https:\/\/skinstudio.ee\/lt\/wp-json\/wp\/v2\/types\/product"}],"version-history":[{"count":0,"href":"https:\/\/skinstudio.ee\/lt\/wp-json\/wp\/v2\/product\/53034\/revisions"}],"wp:featuredmedia":[{"embeddable":true,"href":"https:\/\/skinstudio.ee\/lt\/wp-json\/wp\/v2\/media\/67057"}],"wp:attachment":[{"href":"https:\/\/skinstudio.ee\/lt\/wp-json\/wp\/v2\/media?parent=53034"}],"wp:term":[{"taxonomy":"pwb-brand","embeddable":true,"href":"https:\/\/skinstudio.ee\/lt\/wp-json\/wp\/v2\/pwb-brand?post=53034"},{"taxonomy":"product_brand","embeddable":true,"href":"https:\/\/skinstudio.ee\/lt\/wp-json\/wp\/v2\/product_brand?post=53034"},{"taxonomy":"product_cat","embeddable":true,"href":"https:\/\/skinstudio.ee\/lt\/wp-json\/wp\/v2\/product_cat?post=53034"},{"taxonomy":"product_tag","embeddable":true,"href":"https:\/\/skinstudio.ee\/lt\/wp-json\/wp\/v2\/product_tag?post=53034"},{"taxonomy":"giftcard-category","embeddable":true,"href":"https:\/\/skinstudio.ee\/lt\/wp-json\/wp\/v2\/giftcard-category?post=53034"}],"curies":[{"name":"wp","href":"https:\/\/api.w.org\/{rel}","templated":true}]}}