{"id":53051,"date":"2025-10-05T09:35:37","date_gmt":"2025-10-05T09:35:37","guid":{"rendered":"https:\/\/skinstudio.ee\/?post_type=product&#038;p=53051"},"modified":"2025-12-30T17:05:40","modified_gmt":"2025-12-30T17:05:40","slug":"antiaging-flash-ampoules","status":"publish","type":"product","link":"https:\/\/skinstudio.ee\/lt\/catalog\/mesoestetic\/antiaging-flash-ampoules\/","title":{"rendered":"Antiaging Flash Ampoules"},"content":{"rendered":"<p data-start=\"2032\" data-end=\"2418\"><strong>Antiaging Flash Ampoules<\/strong> \u2013 tai intensyvi priemon\u0117 nuo sen\u0117jimo, tinkanti visiems odos tipams. Pa\u017eangi formul\u0117 visapusi\u0161kai kovoja su sen\u0117jimo po\u017eymiais, suteikia akimirksniu stangrinant\u012f ir gaivinant\u012f efekt\u0105. D\u0117l didel\u0117s veikli\u0173j\u0173 med\u017eiag\u0173 koncentracijos priemon\u0117 pastebimai suma\u017eina rauk\u0161les ir mimikos linijas, pagerina odos stangrum\u0105 ir elastingum\u0105, atkuria glotnum\u0105 bei \u0161vyt\u0117jim\u0105.<\/p>\n<p data-start=\"2420\" data-end=\"2658\">Lengva tekst\u016bra greitai \u012fsigeria ir nepalieka lipnumo poj\u016b\u010dio, o atskiros ampul\u0117s u\u017etikrina tiksli\u0105 doz\u0119 ir maksimal\u0173 veikli\u0173j\u0173 med\u017eiag\u0173 \u0161vie\u017eum\u0105. Tamsaus stiklo bei sterili pakuot\u0117 garantuoja formul\u0117s apsaug\u0105 ir ilgalaik\u012f veiksmingum\u0105.<\/p>\n<p data-start=\"2660\" data-end=\"2682\"><strong data-start=\"2660\" data-end=\"2670\">T\u016bris:<\/strong> 10 x 2 ml<\/p>\n","protected":false},"excerpt":{"rendered":"<p data-start=\"3643\" data-end=\"3709\">Ampul\u0117s su momentiniu stangrinamuoju ir atgaivinan\u010diu efektu<\/p>\n<h2 data-start=\"3711\" data-end=\"3969\"><strong data-start=\"3711\" data-end=\"3761\">Mesoestetic &#8211; Antiaging Flash Ampoules savyb\u0117s<\/strong><\/h2>\n<p data-start=\"3711\" data-end=\"3969\" data-is-last-node=\"\" data-is-only-node=\"\">\u2714\ufe0f Suteikia akimirksniu stangrinant\u012f ir gaivinant\u012f efekt\u0105<br data-start=\"3821\" data-end=\"3824\" \/>\u2714\ufe0f Ma\u017eina rauk\u0161les ir mimikos linijas<br data-start=\"3861\" data-end=\"3864\" \/>\u2714\ufe0f Gerina odos elastingum\u0105 ir tvirtum\u0105<br data-start=\"3902\" data-end=\"3905\" \/>\u2714\ufe0f Suteikia odai \u0161vyt\u0117jimo ir glotnumo<br data-start=\"3943\" data-end=\"3946\" \/>\u2714\ufe0f Tinka vis\u0173 tip\u0173 odai<\/p>\n","protected":false},"featured_media":67052,"template":"","meta":[],"pwb-brand":[1133],"product_brand":[],"product_cat":[750,724],"product_tag":[],"giftcard-category":[],"class_list":{"0":"post-53051","1":"product","2":"type-product","3":"status-publish","4":"has-post-thumbnail","6":"pwb-brand-mesoestetic","7":"product_cat-senstanti-oda","8":"product_cat-serumai","10":"first","11":"instock","12":"taxable","13":"shipping-taxable","14":"purchasable","15":"product-type-simple"},"acf":[],"brands":[{"id":1133,"name":"Mesoestetic","slug":"mesoestetic"}],"_links":{"self":[{"href":"https:\/\/skinstudio.ee\/lt\/wp-json\/wp\/v2\/product\/53051","targetHints":{"allow":["GET"]}}],"collection":[{"href":"https:\/\/skinstudio.ee\/lt\/wp-json\/wp\/v2\/product"}],"about":[{"href":"https:\/\/skinstudio.ee\/lt\/wp-json\/wp\/v2\/types\/product"}],"version-history":[{"count":0,"href":"https:\/\/skinstudio.ee\/lt\/wp-json\/wp\/v2\/product\/53051\/revisions"}],"wp:featuredmedia":[{"embeddable":true,"href":"https:\/\/skinstudio.ee\/lt\/wp-json\/wp\/v2\/media\/67052"}],"wp:attachment":[{"href":"https:\/\/skinstudio.ee\/lt\/wp-json\/wp\/v2\/media?parent=53051"}],"wp:term":[{"taxonomy":"pwb-brand","embeddable":true,"href":"https:\/\/skinstudio.ee\/lt\/wp-json\/wp\/v2\/pwb-brand?post=53051"},{"taxonomy":"product_brand","embeddable":true,"href":"https:\/\/skinstudio.ee\/lt\/wp-json\/wp\/v2\/product_brand?post=53051"},{"taxonomy":"product_cat","embeddable":true,"href":"https:\/\/skinstudio.ee\/lt\/wp-json\/wp\/v2\/product_cat?post=53051"},{"taxonomy":"product_tag","embeddable":true,"href":"https:\/\/skinstudio.ee\/lt\/wp-json\/wp\/v2\/product_tag?post=53051"},{"taxonomy":"giftcard-category","embeddable":true,"href":"https:\/\/skinstudio.ee\/lt\/wp-json\/wp\/v2\/giftcard-category?post=53051"}],"curies":[{"name":"wp","href":"https:\/\/api.w.org\/{rel}","templated":true}]}}