{"id":53069,"date":"2025-10-05T09:45:34","date_gmt":"2025-10-05T09:45:34","guid":{"rendered":"https:\/\/skinstudio.ee\/?post_type=product&#038;p=53069"},"modified":"2025-12-30T17:05:40","modified_gmt":"2025-12-30T17:05:40","slug":"pollution-defense-ampoules","status":"publish","type":"product","link":"https:\/\/skinstudio.ee\/lt\/catalog\/mesoestetic\/pollution-defense-ampoules\/","title":{"rendered":"Pollution Defense Ampoules"},"content":{"rendered":"<p data-start=\"193\" data-end=\"475\"><strong>Pollution Defense Ampoules<\/strong> &#8211; tai intensyvi apsaugin\u0117 odos prie\u017ei\u016bra, sukurta siekiant apsaugoti od\u0105 nuo miesto aplinkos poveikio ir prie\u0161laikinio sen\u0117jimo. Koncentruota formul\u0117 blokuoja oksidacijos procesus, ma\u017eina tar\u0161os \u017eal\u0105 ir stiprina nat\u016bral\u0173 odos atsparum\u0105 aplinkos stresui.<\/p>\n<p data-start=\"477\" data-end=\"676\">Priemon\u0117 suteikia ilgalaik\u012f dr\u0117kinim\u0105, palaikydama optimal\u0173 odos dr\u0117gm\u0117s balans\u0105 vis\u0105 dien\u0105. Lengva tekst\u016bra greitai \u012fsigeria, nepalieka lipnumo poj\u016b\u010dio ir suteikia komfort\u0105 bei efektyv\u0173 rezultat\u0105.<\/p>\n<p data-start=\"678\" data-end=\"878\">Kiekvienoje ampul\u0117je yra tiksliai apskai\u010diuotas veikli\u0173j\u0173 med\u017eiag\u0173 kiekis vienam naudojimui. Tamsaus stiklo pakuot\u0117 ir sterili aplinka u\u017etikrina aktyvi\u0173j\u0173 ingredient\u0173 stabilum\u0105 ir maksimal\u0173 saugum\u0105.<\/p>\n<p data-start=\"880\" data-end=\"902\"><strong data-start=\"880\" data-end=\"890\">T\u016bris:<\/strong> 10 x 2 ml<\/p>\n","protected":false},"excerpt":{"rendered":"<p data-start=\"2001\" data-end=\"2047\">Apsaugin\u0117s ampul\u0117s nuo tar\u0161os ir odos streso<\/p>\n<h2 data-start=\"2049\" data-end=\"2358\"><strong data-start=\"2049\" data-end=\"2101\">Mesoestetic &#8211; Pollution Defense Ampoules savyb\u0117s<\/strong><\/h2>\n<p data-start=\"2049\" data-end=\"2358\">\u2714\ufe0f Apsaugo od\u0105 nuo \u017ealingo miesto aplinkos poveikio<br data-start=\"2155\" data-end=\"2158\" \/>\u2714\ufe0f Blokuoja oksidacijos procesus ir stabdo sen\u0117jim\u0105<br data-start=\"2209\" data-end=\"2212\" \/>\u2714\ufe0f Suteikia intensyv\u0173 ir ilgalaik\u012f dr\u0117kinim\u0105<br data-start=\"2256\" data-end=\"2259\" \/>\u2714\ufe0f Stiprina odos apsaugin\u012f barjer\u0105 ir atsparum\u0105<br data-start=\"2306\" data-end=\"2309\" \/>\u2714\ufe0f Suteikia odai gaivumo, \u0161velnumo ir spindesio<\/p>\n","protected":false},"featured_media":67046,"template":"","meta":[],"pwb-brand":[1133],"product_brand":[],"product_cat":[750,724],"product_tag":[],"giftcard-category":[],"class_list":{"0":"post-53069","1":"product","2":"type-product","3":"status-publish","4":"has-post-thumbnail","6":"pwb-brand-mesoestetic","7":"product_cat-senstanti-oda","8":"product_cat-serumai","10":"first","11":"instock","12":"taxable","13":"shipping-taxable","14":"purchasable","15":"product-type-simple"},"acf":[],"brands":[{"id":1133,"name":"Mesoestetic","slug":"mesoestetic"}],"_links":{"self":[{"href":"https:\/\/skinstudio.ee\/lt\/wp-json\/wp\/v2\/product\/53069","targetHints":{"allow":["GET"]}}],"collection":[{"href":"https:\/\/skinstudio.ee\/lt\/wp-json\/wp\/v2\/product"}],"about":[{"href":"https:\/\/skinstudio.ee\/lt\/wp-json\/wp\/v2\/types\/product"}],"version-history":[{"count":0,"href":"https:\/\/skinstudio.ee\/lt\/wp-json\/wp\/v2\/product\/53069\/revisions"}],"wp:featuredmedia":[{"embeddable":true,"href":"https:\/\/skinstudio.ee\/lt\/wp-json\/wp\/v2\/media\/67046"}],"wp:attachment":[{"href":"https:\/\/skinstudio.ee\/lt\/wp-json\/wp\/v2\/media?parent=53069"}],"wp:term":[{"taxonomy":"pwb-brand","embeddable":true,"href":"https:\/\/skinstudio.ee\/lt\/wp-json\/wp\/v2\/pwb-brand?post=53069"},{"taxonomy":"product_brand","embeddable":true,"href":"https:\/\/skinstudio.ee\/lt\/wp-json\/wp\/v2\/product_brand?post=53069"},{"taxonomy":"product_cat","embeddable":true,"href":"https:\/\/skinstudio.ee\/lt\/wp-json\/wp\/v2\/product_cat?post=53069"},{"taxonomy":"product_tag","embeddable":true,"href":"https:\/\/skinstudio.ee\/lt\/wp-json\/wp\/v2\/product_tag?post=53069"},{"taxonomy":"giftcard-category","embeddable":true,"href":"https:\/\/skinstudio.ee\/lt\/wp-json\/wp\/v2\/giftcard-category?post=53069"}],"curies":[{"name":"wp","href":"https:\/\/api.w.org\/{rel}","templated":true}]}}