{"id":53086,"date":"2025-10-05T10:00:54","date_gmt":"2025-10-05T10:00:54","guid":{"rendered":"https:\/\/skinstudio.ee\/?post_type=product&#038;p=53086"},"modified":"2025-12-30T17:05:40","modified_gmt":"2025-12-30T17:05:40","slug":"melatonin-ampoules","status":"publish","type":"product","link":"https:\/\/skinstudio.ee\/lt\/catalog\/mesoestetic\/melatonin-ampoules\/","title":{"rendered":"Melatonin Ampoules"},"content":{"rendered":"<p data-start=\"1940\" data-end=\"2295\"><strong data-start=\"1945\" data-end=\"1967\">Melatonin Ampoules<\/strong> &#8211; tai intensyvi prie\u0161rauk\u0161li\u0173 naktin\u0117 prie\u017ei\u016bra, skirta odos atstatymui ir apsaugai nuo kasdienio streso bei aplinkos poveikio. Koncentruota formul\u0117 stimuliuoja odos regeneracijos procesus, stiprina antioksidacin\u0119 apsaug\u0105 ir padeda u\u017ekirsti keli\u0105 bei suma\u017einti sen\u0117jimo po\u017eymius \u2013 papilk\u0117jim\u0105, sausum\u0105 ir stangrumo praradim\u0105.<\/p>\n<p data-start=\"2297\" data-end=\"2577\">Turtinga, maloni tekst\u016bra akimirksniu sumink\u0161tina od\u0105, palikdama j\u0105 lygi\u0105 ir atgaivint\u0105 ryte. Kiekviena ampul\u0117 turi optimal\u0173 aktyvi\u0173j\u0173 ingredient\u0173 kiek\u012f vienam naudojimui. Tamsaus stiklo ir sterilus \u012fpakavimas u\u017etikrina maksimali\u0105 formul\u0117s apsaug\u0105 ir veiksmingum\u0105 laikui b\u0117gant.<\/p>\n<p data-start=\"2579\" data-end=\"2605\"><strong data-start=\"2579\" data-end=\"2589\">T\u016bris:<\/strong> <strong data-start=\"2590\" data-end=\"2603\">10 x 2 ml<\/strong><\/p>\n","protected":false},"excerpt":{"rendered":"<p data-start=\"3551\" data-end=\"3601\">Naktin\u0117s ampul\u0117s odos atstatymui ir atjauninimui<\/p>\n<h2 data-start=\"3603\" data-end=\"3848\"><strong data-start=\"3603\" data-end=\"3647\">Mesoestetic &#8211; Melatonin Ampoules savyb\u0117s<\/strong><\/h2>\n<p data-start=\"3603\" data-end=\"3848\" data-is-last-node=\"\" data-is-only-node=\"\">\u2714\ufe0f Aktyvina naktin\u0119 odos regeneracij\u0105<br data-start=\"3687\" data-end=\"3690\" \/>\u2714\ufe0f Stiprina antioksidacin\u0119 apsaug\u0105<br data-start=\"3724\" data-end=\"3727\" \/>\u2714\ufe0f Padeda kovoti su sen\u0117jimo po\u017eymiais<br data-start=\"3765\" data-end=\"3768\" \/>\u2714\ufe0f Atkuria odos \u0161velnum\u0105 ir elastingum\u0105<br data-start=\"3807\" data-end=\"3810\" \/>\u2714\ufe0f Suteikia komforto ir spindesio ryte<\/p>\n","protected":false},"featured_media":67041,"template":"","meta":[],"pwb-brand":[1133],"product_brand":[],"product_cat":[752,750,724],"product_tag":[],"giftcard-category":[],"class_list":{"0":"post-53086","1":"product","2":"type-product","3":"status-publish","4":"has-post-thumbnail","6":"pwb-brand-mesoestetic","7":"product_cat-pigmentacija-lt","8":"product_cat-senstanti-oda","9":"product_cat-serumai","11":"first","12":"instock","13":"taxable","14":"shipping-taxable","15":"purchasable","16":"product-type-simple"},"acf":[],"brands":[{"id":1133,"name":"Mesoestetic","slug":"mesoestetic"}],"_links":{"self":[{"href":"https:\/\/skinstudio.ee\/lt\/wp-json\/wp\/v2\/product\/53086","targetHints":{"allow":["GET"]}}],"collection":[{"href":"https:\/\/skinstudio.ee\/lt\/wp-json\/wp\/v2\/product"}],"about":[{"href":"https:\/\/skinstudio.ee\/lt\/wp-json\/wp\/v2\/types\/product"}],"version-history":[{"count":0,"href":"https:\/\/skinstudio.ee\/lt\/wp-json\/wp\/v2\/product\/53086\/revisions"}],"wp:featuredmedia":[{"embeddable":true,"href":"https:\/\/skinstudio.ee\/lt\/wp-json\/wp\/v2\/media\/67041"}],"wp:attachment":[{"href":"https:\/\/skinstudio.ee\/lt\/wp-json\/wp\/v2\/media?parent=53086"}],"wp:term":[{"taxonomy":"pwb-brand","embeddable":true,"href":"https:\/\/skinstudio.ee\/lt\/wp-json\/wp\/v2\/pwb-brand?post=53086"},{"taxonomy":"product_brand","embeddable":true,"href":"https:\/\/skinstudio.ee\/lt\/wp-json\/wp\/v2\/product_brand?post=53086"},{"taxonomy":"product_cat","embeddable":true,"href":"https:\/\/skinstudio.ee\/lt\/wp-json\/wp\/v2\/product_cat?post=53086"},{"taxonomy":"product_tag","embeddable":true,"href":"https:\/\/skinstudio.ee\/lt\/wp-json\/wp\/v2\/product_tag?post=53086"},{"taxonomy":"giftcard-category","embeddable":true,"href":"https:\/\/skinstudio.ee\/lt\/wp-json\/wp\/v2\/giftcard-category?post=53086"}],"curies":[{"name":"wp","href":"https:\/\/api.w.org\/{rel}","templated":true}]}}