{"id":53122,"date":"2025-10-05T11:20:59","date_gmt":"2025-10-05T11:20:59","guid":{"rendered":"https:\/\/skinstudio.ee\/?post_type=product&#038;p=53122"},"modified":"2025-12-30T17:05:40","modified_gmt":"2025-12-30T17:05:40","slug":"aox-ferulic","status":"publish","type":"product","link":"https:\/\/skinstudio.ee\/lt\/catalog\/mesoestetic\/aox-ferulic\/","title":{"rendered":"Aox Ferulic"},"content":{"rendered":"<p data-start=\"1970\" data-end=\"2409\"><strong data-start=\"1975\" data-end=\"1990\">AOX Ferulic<\/strong> \u2013 tai pa\u017eangus antioksidant\u0173 koncentratas su stipriu prie\u0161rauk\u0161liniu poveikiu, skirtas apsaugoti l\u0105steles, atsakingas u\u017e kolageno ir elastino gamyb\u0105, bei prailginti j\u0173 gyvavimo cikl\u0105. Naujoje formul\u0117je i\u0161laikytos patikrintos veikliosios med\u017eiagos, papildytos dviem itin veiksmingais ingredientais \u2013 glutationu ir astaksantinu, kurie sinergi\u0161kai stiprina odos apsaug\u0105 nuo oksidacinio streso ir prie\u0161laikinio sen\u0117jimo.<\/p>\n<p data-start=\"2411\" data-end=\"2619\">Lengvos tekst\u016bros serumas greitai \u012fsigeria, suteikia odai \u0161vyt\u0117jimo, gaivumo ir stangrumo. Priemon\u0117 stiprina odos apsaugin\u012f barjer\u0105, gerina jos tonus\u0105 ir tank\u012f, palikdama od\u0105 lygi\u0105, skaisti\u0105 ir jaunatvi\u0161k\u0105.<\/p>\n<p data-start=\"2621\" data-end=\"2737\">Patobulintas <strong data-start=\"2634\" data-end=\"2646\">Twist-On<\/strong> aktyvavimo buteliukas u\u017etikrina formul\u0117s stabilum\u0105 ir \u0161vie\u017eum\u0105 kiekvieno naudojimo metu.<\/p>\n<p data-start=\"2739\" data-end=\"2761\"><strong data-start=\"2739\" data-end=\"2749\">T\u016bris:<\/strong> <strong data-start=\"2750\" data-end=\"2759\">15 ml<\/strong><\/p>\n","protected":false},"excerpt":{"rendered":"<article class=\"text-token-text-primary w-full focus:outline-none scroll-mt-(--header-height)\" dir=\"auto\" tabindex=\"-1\" data-turn-id=\"0c26fd5a-c5f9-4f43-9558-84e245b68225\" data-testid=\"conversation-turn-261\" data-scroll-anchor=\"false\" data-turn=\"user\">\n<div class=\"text-base my-auto mx-auto pt-12 [--thread-content-margin:--spacing(4)] thread-sm:[--thread-content-margin:--spacing(6)] thread-lg:[--thread-content-margin:--spacing(16)] px-(--thread-content-margin)\">\n<div class=\"[--thread-content-max-width:40rem] thread-lg:[--thread-content-max-width:48rem] mx-auto max-w-(--thread-content-max-width) flex-1 group\/turn-messages focus-visible:outline-hidden relative flex w-full min-w-0 flex-col\" tabindex=\"-1\">\n<div class=\"flex max-w-full flex-col grow\">\n<div class=\"min-h-8 text-message relative flex w-full flex-col items-end gap-2 text-start break-words whitespace-normal [.text-message+&amp;]:mt-5\" dir=\"auto\" data-message-author-role=\"user\" data-message-id=\"0c26fd5a-c5f9-4f43-9558-84e245b68225\">\n<div class=\"flex w-full flex-col gap-1 empty:hidden items-end rtl:items-start\">\n<div class=\"user-message-bubble-color relative rounded-[18px] px-4 py-1.5 data-[multiline]:py-3 max-w-[var(--user-chat-width,70%)]\">\n<div class=\"whitespace-pre-wrap\">\n<article class=\"text-token-text-primary w-full focus:outline-none scroll-mt-[calc(var(--header-height)+min(200px,max(70px,20svh)))]\" dir=\"auto\" tabindex=\"-1\" data-turn-id=\"request-68de8085-05b8-832f-a42f-891e1912c8d9-57\" data-testid=\"conversation-turn-264\" data-scroll-anchor=\"true\" data-turn=\"assistant\">\n<div class=\"text-base my-auto mx-auto pb-10 [--thread-content-margin:--spacing(4)] thread-sm:[--thread-content-margin:--spacing(6)] thread-lg:[--thread-content-margin:--spacing(16)] px-(--thread-content-margin)\">\n<div class=\"[--thread-content-max-width:40rem] thread-lg:[--thread-content-max-width:48rem] mx-auto max-w-(--thread-content-max-width) flex-1 group\/turn-messages focus-visible:outline-hidden relative flex w-full min-w-0 flex-col agent-turn\" tabindex=\"-1\">\n<div class=\"flex max-w-full flex-col grow\">\n<div class=\"min-h-8 text-message relative flex w-full flex-col items-end gap-2 text-start break-words whitespace-normal [.text-message+&amp;]:mt-5\" dir=\"auto\" data-message-author-role=\"assistant\" data-message-id=\"1af12361-c0e2-451a-9a0b-6795970ec888\" data-message-model-slug=\"gpt-5\">\n<div class=\"flex w-full flex-col gap-1 empty:hidden first:pt-[1px]\">\n<div class=\"markdown prose dark:prose-invert w-full break-words light markdown-new-styling\">\n<p data-start=\"3567\" data-end=\"3606\">Naujos kartos antioksidacinis serumas<\/p>\n<h2 data-start=\"3608\" data-end=\"3927\"><strong data-start=\"3608\" data-end=\"3645\">Mesoestetic &#8211; AOX Ferulic savyb\u0117s<\/strong><\/h2>\n<p data-start=\"3608\" data-end=\"3927\" data-is-last-node=\"\" data-is-only-node=\"\">\u2714\ufe0f Apsaugo kolageno ir elastino gamybos l\u0105steles<br data-start=\"3696\" data-end=\"3699\" \/>\u2714\ufe0f Neutralizuoja laisvuosius radikalus ir l\u0117tina sen\u0117jim\u0105<br data-start=\"3756\" data-end=\"3759\" \/>\u2714\ufe0f Gerina odos stangrum\u0105, tank\u012f ir \u0161vyt\u0117jim\u0105<br data-start=\"3803\" data-end=\"3806\" \/>\u2714\ufe0f Stiprina odos barjer\u0105 ir tolygina atspalv\u012f<br data-start=\"3851\" data-end=\"3854\" \/>\u2714\ufe0f Suteikia odai i\u0161kart pastebim\u0105 spindes\u012f ir apsaug\u0105 nuo aplinkos streso<\/p>\n<\/div>\n<\/div>\n<\/div>\n<\/div>\n<\/div>\n<\/div>\n<\/article>\n<\/div>\n<\/div>\n<\/div>\n<\/div>\n<\/div>\n<\/div>\n<\/div>\n<\/article>\n","protected":false},"featured_media":67036,"template":"","meta":[],"pwb-brand":[1133],"product_brand":[],"product_cat":[752,740,750,730],"product_tag":[],"giftcard-category":[],"class_list":{"0":"post-53122","1":"product","2":"type-product","3":"status-publish","4":"has-post-thumbnail","6":"pwb-brand-mesoestetic","7":"product_cat-pigmentacija-lt","8":"product_cat-sausai-odai","9":"product_cat-senstanti-oda","10":"product_cat-vitaminas-c","12":"first","13":"instock","14":"taxable","15":"shipping-taxable","16":"purchasable","17":"product-type-simple"},"acf":[],"brands":[{"id":1133,"name":"Mesoestetic","slug":"mesoestetic"}],"_links":{"self":[{"href":"https:\/\/skinstudio.ee\/lt\/wp-json\/wp\/v2\/product\/53122","targetHints":{"allow":["GET"]}}],"collection":[{"href":"https:\/\/skinstudio.ee\/lt\/wp-json\/wp\/v2\/product"}],"about":[{"href":"https:\/\/skinstudio.ee\/lt\/wp-json\/wp\/v2\/types\/product"}],"version-history":[{"count":0,"href":"https:\/\/skinstudio.ee\/lt\/wp-json\/wp\/v2\/product\/53122\/revisions"}],"wp:featuredmedia":[{"embeddable":true,"href":"https:\/\/skinstudio.ee\/lt\/wp-json\/wp\/v2\/media\/67036"}],"wp:attachment":[{"href":"https:\/\/skinstudio.ee\/lt\/wp-json\/wp\/v2\/media?parent=53122"}],"wp:term":[{"taxonomy":"pwb-brand","embeddable":true,"href":"https:\/\/skinstudio.ee\/lt\/wp-json\/wp\/v2\/pwb-brand?post=53122"},{"taxonomy":"product_brand","embeddable":true,"href":"https:\/\/skinstudio.ee\/lt\/wp-json\/wp\/v2\/product_brand?post=53122"},{"taxonomy":"product_cat","embeddable":true,"href":"https:\/\/skinstudio.ee\/lt\/wp-json\/wp\/v2\/product_cat?post=53122"},{"taxonomy":"product_tag","embeddable":true,"href":"https:\/\/skinstudio.ee\/lt\/wp-json\/wp\/v2\/product_tag?post=53122"},{"taxonomy":"giftcard-category","embeddable":true,"href":"https:\/\/skinstudio.ee\/lt\/wp-json\/wp\/v2\/giftcard-category?post=53122"}],"curies":[{"name":"wp","href":"https:\/\/api.w.org\/{rel}","templated":true}]}}