{"id":53139,"date":"2025-10-05T11:32:13","date_gmt":"2025-10-05T11:32:13","guid":{"rendered":"https:\/\/skinstudio.ee\/?post_type=product&#038;p=53139"},"modified":"2026-04-15T09:17:43","modified_gmt":"2026-04-15T09:17:43","slug":"aox-glutathione","status":"publish","type":"product","link":"https:\/\/skinstudio.ee\/lt\/catalog\/mesoestetic\/aox-glutathione\/","title":{"rendered":"Aox Glutathione"},"content":{"rendered":"<p data-start=\"1491\" data-end=\"1591\"><strong data-start=\"1491\" data-end=\"1591\">AOX Glutathione nuo Mesoestetic &#8211; maisto papildas su vitamin\u0173 ir papildom\u0173 komponent\u0173 kompleksu.<\/strong><\/p>\n<p data-start=\"1593\" data-end=\"1770\">Formul\u0117 skirta kasdieniam vartojimui ir sud\u0117tyje yra ingredient\u0173, pla\u010diai naudojam\u0173 maisto papilduose. Kapsuli\u0173 forma u\u017etikrina patog\u0173 vartojim\u0105 ir tinka reguliariam naudojimui.<\/p>\n<p data-start=\"1772\" data-end=\"1908\">Sud\u0117tyje yra glutationas, astaksantinas, alfa-lipoin\u0117 r\u016bg\u0161tis, taip pat vitaminai A, C, E ir B3. Produktas gali b\u016bti vartojamas kasdien.<\/p>\n<p data-start=\"1910\" data-end=\"2122\"><strong data-start=\"1910\" data-end=\"1933\">Pagaminta Europoje.<\/strong><br data-start=\"1933\" data-end=\"1936\" \/><strong data-start=\"1936\" data-end=\"1957\">Tinkamumo laikas:<\/strong> \u017ei\u016br\u0117ti ant pakuot\u0117s<br data-start=\"1978\" data-end=\"1981\" \/><strong data-start=\"1981\" data-end=\"2001\">Laikymo s\u0105lygos:<\/strong> laikyti sandariai u\u017edaryt\u0105 sausoje, v\u0117sioje vietoje, saugoti nuo tiesiogini\u0173 saul\u0117s spinduli\u0173<br data-start=\"2095\" data-end=\"2098\" \/><strong data-start=\"2098\" data-end=\"2108\">T\u016bris:<\/strong> 60 kapsuli\u0173<\/p>\n","protected":false},"excerpt":{"rendered":"<p data-start=\"2656\" data-end=\"2682\">Kapsuli\u0173 maisto papildas<\/p>\n<h2 data-start=\"2684\" data-end=\"2725\"><strong data-start=\"2684\" data-end=\"2725\">Mesoestetic &#8211; AOX Glutathione Savyb\u0117s<\/strong><\/h2>\n<p data-start=\"2727\" data-end=\"2910\">\u2714\ufe0f Vitamin\u0173 A, C, E ir B3 kompleksas<br data-start=\"2763\" data-end=\"2766\" \/>\u2714\ufe0f Glutationas ir papildomi komponentai<br data-start=\"2805\" data-end=\"2808\" \/>\u2714\ufe0f Kapsuli\u0173 forma patogiam vartojimui<br data-start=\"2845\" data-end=\"2848\" \/>\u2714\ufe0f Tinka kasdieniam vartojimui<br data-start=\"2878\" data-end=\"2881\" \/>\u2714\ufe0f Daugiakomponent\u0117 sud\u0117tis<\/p>\n","protected":false},"featured_media":67030,"template":"","meta":[],"pwb-brand":[1133],"product_brand":[],"product_cat":[769],"product_tag":[],"giftcard-category":[],"class_list":{"0":"post-53139","1":"product","2":"type-product","3":"status-publish","4":"has-post-thumbnail","6":"pwb-brand-mesoestetic","7":"product_cat-vitaminai","9":"first","10":"instock","11":"taxable","12":"shipping-taxable","13":"purchasable","14":"product-type-simple"},"acf":[],"brands":[{"id":1133,"name":"Mesoestetic","slug":"mesoestetic"}],"_links":{"self":[{"href":"https:\/\/skinstudio.ee\/lt\/wp-json\/wp\/v2\/product\/53139","targetHints":{"allow":["GET"]}}],"collection":[{"href":"https:\/\/skinstudio.ee\/lt\/wp-json\/wp\/v2\/product"}],"about":[{"href":"https:\/\/skinstudio.ee\/lt\/wp-json\/wp\/v2\/types\/product"}],"version-history":[{"count":3,"href":"https:\/\/skinstudio.ee\/lt\/wp-json\/wp\/v2\/product\/53139\/revisions"}],"predecessor-version":[{"id":90949,"href":"https:\/\/skinstudio.ee\/lt\/wp-json\/wp\/v2\/product\/53139\/revisions\/90949"}],"wp:featuredmedia":[{"embeddable":true,"href":"https:\/\/skinstudio.ee\/lt\/wp-json\/wp\/v2\/media\/67030"}],"wp:attachment":[{"href":"https:\/\/skinstudio.ee\/lt\/wp-json\/wp\/v2\/media?parent=53139"}],"wp:term":[{"taxonomy":"pwb-brand","embeddable":true,"href":"https:\/\/skinstudio.ee\/lt\/wp-json\/wp\/v2\/pwb-brand?post=53139"},{"taxonomy":"product_brand","embeddable":true,"href":"https:\/\/skinstudio.ee\/lt\/wp-json\/wp\/v2\/product_brand?post=53139"},{"taxonomy":"product_cat","embeddable":true,"href":"https:\/\/skinstudio.ee\/lt\/wp-json\/wp\/v2\/product_cat?post=53139"},{"taxonomy":"product_tag","embeddable":true,"href":"https:\/\/skinstudio.ee\/lt\/wp-json\/wp\/v2\/product_tag?post=53139"},{"taxonomy":"giftcard-category","embeddable":true,"href":"https:\/\/skinstudio.ee\/lt\/wp-json\/wp\/v2\/giftcard-category?post=53139"}],"curies":[{"name":"wp","href":"https:\/\/api.w.org\/{rel}","templated":true}]}}